{"id":463437,"date":"2025-06-01T11:41:12","date_gmt":"2025-06-01T09:41:12","guid":{"rendered":"https:\/\/lucacastelli.com\/prodotto\/abflussreiniger\/"},"modified":"2025-06-29T07:55:45","modified_gmt":"2025-06-29T05:55:45","slug":"abflussreiniger","status":"publish","type":"product","link":"https:\/\/lucacastelli.com\/de\/produkt\/abflussreiniger\/","title":{"rendered":"MILWAUKEE Abflussreiniger"},"content":{"rendered":"<p>Der weltweit erste Akku-Abflussreiniger mit automatischem Spiral&lt;- und Einzug br&gt; Das CABLE-DRIVE-Verriegelungssystem beh\u00e4lt die gew\u00e4hlte Vorschubgeschwindigkeit bei und passt sich automatisch an die Gr\u00f6\u00dfe des Kabels&lt;an. Die br&gt; FUEL-Technologie\u2122 definiert kabellose Elektrowerkzeuge neu. B\u00fcrstenloser Motor, REDLINK PLUS-Elektronik\u2122 und REDLITHIUM-Akku\u2122 sorgen f\u00fcr \u00fcberlegene Leistung und Haltbarkeit&lt;Br&gt;  Kompatibel mit allen 22mm und 32mm teilbaren Kabeln&lt;Br&gt;  Der b\u00fcrstenlose POWERSTATE-Motor\u2122, der REDLITHIUM-ION-Akkupack\u2122, die REDLINK PLUS-Elektronik\u2122 und das ONE-KEY-System\u2122 bieten Leistung, schnelle Anwendung, Autonomie und Kontrolle&lt;Br&gt;  Funktioniert mit allen MILWAUKEE\u00ae M18\u2122 Akkus<\/p>\n<p>STRICHCODE: 4058546290399<\/p>\n<p>Technische<br \/>\nDaten 60<\/p>\n<p>Lieferung ohne Batterien, Lieferung ohne Ladeger\u00e4t, Lieferung ohne Kitbox oder Tasche, 1 hinteres F\u00fchrungsrohr und 2 teilbare Kabelbeh\u00e4lter<\/p>\n","protected":false},"excerpt":{"rendered":"<p>Der weltweit erste Akku-Abflussreiniger mit automatischem Spiral&lt;- und Einzug br&gt; Das CABLE-DRIVE-Verriegelungssystem beh\u00e4lt die gew\u00e4hlte Vorschubgeschwindigkeit bei und passt sich<\/p>\n","protected":false},"featured_media":443087,"template":"","meta":{"_seopress_robots_primary_cat":"","_seopress_titles_title":"","_seopress_titles_desc":"","_seopress_robots_index":""},"product_brand":[3407],"product_cat":[29,514],"product_tag":[3270],"class_list":{"0":"post-463437","1":"product","2":"type-product","3":"status-publish","4":"has-post-thumbnail","6":"product_brand-milwaukee","7":"product_cat-macchinari","8":"product_cat-altri-dispositivi","9":"product_tag-import-milwau","10":"sws-gruppo-macchinari-de","11":"sws-conto-ricavi-merci-rivendita-macchinari-de","12":"sws-gruppo-iva-iva81-de","14":"first","15":"instock","16":"sale","17":"purchasable","18":"product-type-simple"},"_links":{"self":[{"href":"https:\/\/lucacastelli.com\/de\/wp-json\/wp\/v2\/product\/463437","targetHints":{"allow":["GET"]}}],"collection":[{"href":"https:\/\/lucacastelli.com\/de\/wp-json\/wp\/v2\/product"}],"about":[{"href":"https:\/\/lucacastelli.com\/de\/wp-json\/wp\/v2\/types\/product"}],"wp:featuredmedia":[{"embeddable":true,"href":"https:\/\/lucacastelli.com\/de\/wp-json\/wp\/v2\/media\/443087"}],"wp:attachment":[{"href":"https:\/\/lucacastelli.com\/de\/wp-json\/wp\/v2\/media?parent=463437"}],"wp:term":[{"taxonomy":"product_brand","embeddable":true,"href":"https:\/\/lucacastelli.com\/de\/wp-json\/wp\/v2\/product_brand?post=463437"},{"taxonomy":"product_cat","embeddable":true,"href":"https:\/\/lucacastelli.com\/de\/wp-json\/wp\/v2\/product_cat?post=463437"},{"taxonomy":"product_tag","embeddable":true,"href":"https:\/\/lucacastelli.com\/de\/wp-json\/wp\/v2\/product_tag?post=463437"}],"curies":[{"name":"wp","href":"https:\/\/api.w.org\/{rel}","templated":true}]}}