{"id":463431,"date":"2025-06-01T11:38:17","date_gmt":"2025-06-01T09:38:17","guid":{"rendered":"https:\/\/lucacastelli.com\/prodotto\/expander\/"},"modified":"2025-06-29T07:56:24","modified_gmt":"2025-06-29T05:56:24","slug":"expander","status":"publish","type":"product","link":"https:\/\/lucacastelli.com\/de\/produkt\/expander\/","title":{"rendered":"MILWAUKEE Expander"},"content":{"rendered":"<p>Der erste batteriebetriebene ONE-KEY\u2122 FORCE LOGIC\u2122 Hydraulikexpander f\u00fcr UPONOR,\u00ae bis DN75 Rohre&lt;Br&gt;  Der b\u00fcrstenlose POWERSTATE-Motor\u2122, der von MILWAUKEE gebaut wurde, ist in der Lage, \u00ae eine un\u00fcbertroffene Autonomie zu garantieren und die Anwendung zu beschleunigen&lt;Br&gt;  F\u00fcr DN40, DN50, DN63 und DN75 Schl\u00e4uche von 6 und 10 bar&lt;Br&gt;  Sein spezielles Design bietet dem Benutzer die beste Balance f\u00fcr Anwendungen an schwer zug\u00e4nglichen Stellen oder f\u00fcr l\u00e4ngere Anwendungen, indem es auf den Kopf gestellt wird&lt;Br&gt;  Automatische Kopfdrehung f\u00fcr schnelles Ausdehnen von PEX-Rohren&lt;Br&gt;  Automatischer vollst\u00e4ndiger Zyklus: Erweitert und schlie\u00dft sich automatisch, wodurch der Installationsprozess vereinfacht wird&lt;Br&gt;  Wird nach jeder Erweiterung automatisch geschlossen, sodass Sie den Prozess wiederholter Installationen beschleunigen k\u00f6nnen&lt;Br&gt;  Seitlicher Griff und Kabelschlaufe, f\u00fcr mehr Sicherheit auf der Baustelle&lt;Br&gt;  Das ONE-KEY\u2122 Tracking &amp; Security-System bietet einen kostenlosen Cloud-basierten Tracking- und Bestandsverwaltungsdienst, einschlie\u00dflich Remote-Blockierungs- und Anwendungsberichtsfunktionen.&lt;Br&gt;  B\u00fcrstenloser Motor, REDLINK PLUS-Elektronik\u2122 und REDLITHIUM-Akku\u2122 sorgen f\u00fcr \u00fcberlegene Leistung und Haltbarkeit&lt;Br&gt;  Funktioniert mit allen MILWAUKEE\u00ae M18\u2122 Akkus<\/p>\n<p>STRICHCODE: 4058546222444<\/p>\n<p>Technische<br \/>\nDaten 55.5<\/p>\n<p>2 x M18 B5 Akkupack, M12-18 C Ladeger\u00e4t, Transportkoffer<\/p>\n","protected":false},"excerpt":{"rendered":"<p>Der erste batteriebetriebene ONE-KEY\u2122 FORCE LOGIC\u2122 Hydraulikexpander f\u00fcr UPONOR,\u00ae bis DN75 Rohre&lt;Br&gt; Der b\u00fcrstenlose POWERSTATE-Motor\u2122, der von MILWAUKEE gebaut wurde,<\/p>\n","protected":false},"featured_media":443046,"template":"","meta":{"_seopress_robots_primary_cat":"","_seopress_titles_title":"","_seopress_titles_desc":"","_seopress_robots_index":""},"product_brand":[3407],"product_cat":[29,514],"product_tag":[3270],"class_list":{"0":"post-463431","1":"product","2":"type-product","3":"status-publish","4":"has-post-thumbnail","6":"product_brand-milwaukee","7":"product_cat-macchinari","8":"product_cat-altri-dispositivi","9":"product_tag-import-milwau","10":"sws-gruppo-macchinari-de","11":"sws-conto-ricavi-merci-rivendita-macchinari-de","12":"sws-gruppo-iva-iva81-de","14":"first","15":"instock","16":"sale","17":"purchasable","18":"product-type-simple"},"_links":{"self":[{"href":"https:\/\/lucacastelli.com\/de\/wp-json\/wp\/v2\/product\/463431","targetHints":{"allow":["GET"]}}],"collection":[{"href":"https:\/\/lucacastelli.com\/de\/wp-json\/wp\/v2\/product"}],"about":[{"href":"https:\/\/lucacastelli.com\/de\/wp-json\/wp\/v2\/types\/product"}],"wp:featuredmedia":[{"embeddable":true,"href":"https:\/\/lucacastelli.com\/de\/wp-json\/wp\/v2\/media\/443046"}],"wp:attachment":[{"href":"https:\/\/lucacastelli.com\/de\/wp-json\/wp\/v2\/media?parent=463431"}],"wp:term":[{"taxonomy":"product_brand","embeddable":true,"href":"https:\/\/lucacastelli.com\/de\/wp-json\/wp\/v2\/product_brand?post=463431"},{"taxonomy":"product_cat","embeddable":true,"href":"https:\/\/lucacastelli.com\/de\/wp-json\/wp\/v2\/product_cat?post=463431"},{"taxonomy":"product_tag","embeddable":true,"href":"https:\/\/lucacastelli.com\/de\/wp-json\/wp\/v2\/product_tag?post=463431"}],"curies":[{"name":"wp","href":"https:\/\/api.w.org\/{rel}","templated":true}]}}