{"id":463423,"date":"2025-06-01T11:30:50","date_gmt":"2025-06-01T09:30:50","guid":{"rendered":"https:\/\/lucacastelli.com\/prodotto\/tragbare-schraubstockbank\/"},"modified":"2025-06-29T07:56:45","modified_gmt":"2025-06-29T05:56:45","slug":"tragbare-schraubstockbank","status":"publish","type":"product","link":"https:\/\/lucacastelli.com\/de\/produkt\/tragbare-schraubstockbank\/","title":{"rendered":"MILWAUKEE Tragbare Schraubstockbank"},"content":{"rendered":"<p>Vollst\u00e4ndig klappbare, tragbare Schraubstockbank f\u00fcr einfachen Transport und Lagerung&lt;Br&gt;  Geeignet f\u00fcr Anwendungen bis zu 165 mm (6 Zoll)&lt;Br&gt;  Ideal f\u00fcr den Einsatz mit Gewindeschneidmaschinen, Gerads\u00e4gen, Metallkreiss\u00e4gen und Winkelschleifern&lt;Br&gt;  Abnehmbare untere Ablage&lt;Br&gt;  MPS-RJ Universalklemmen im Lieferumfang enthalten, MPS-SSJ Klemmen aus Edelstahl und MPS-NCJ aus weichem Material (PVC) erh\u00e4ltlich<\/p>\n<p>STRICHCODE: 4058546324186<\/p>\n<p>Technische Daten<\/p>\n","protected":false},"excerpt":{"rendered":"<p>Vollst\u00e4ndig klappbare, tragbare Schraubstockbank f\u00fcr einfachen Transport und Lagerung&lt;Br&gt; Geeignet f\u00fcr Anwendungen bis zu 165 mm (6 Zoll)&lt;Br&gt; Ideal f\u00fcr<\/p>\n","protected":false},"featured_media":442936,"template":"","meta":{"_seopress_robots_primary_cat":"","_seopress_titles_title":"","_seopress_titles_desc":"","_seopress_robots_index":""},"product_brand":[3656],"product_cat":[1454,169],"product_tag":[3272],"class_list":{"0":"post-463423","1":"product","2":"type-product","3":"status-publish","4":"has-post-thumbnail","6":"product_brand-milwaukee-de","7":"product_cat-andere-gerate","8":"product_cat-maschinen","9":"product_tag-import-milwau-de","10":"sws-gruppo-macchinari-de","11":"sws-conto-ricavi-merci-rivendita-macchinari-de","12":"sws-gruppo-iva-iva81-de","14":"first","15":"instock","16":"sale","17":"purchasable","18":"product-type-simple"},"_links":{"self":[{"href":"https:\/\/lucacastelli.com\/de\/wp-json\/wp\/v2\/product\/463423","targetHints":{"allow":["GET"]}}],"collection":[{"href":"https:\/\/lucacastelli.com\/de\/wp-json\/wp\/v2\/product"}],"about":[{"href":"https:\/\/lucacastelli.com\/de\/wp-json\/wp\/v2\/types\/product"}],"wp:featuredmedia":[{"embeddable":true,"href":"https:\/\/lucacastelli.com\/de\/wp-json\/wp\/v2\/media\/442936"}],"wp:attachment":[{"href":"https:\/\/lucacastelli.com\/de\/wp-json\/wp\/v2\/media?parent=463423"}],"wp:term":[{"taxonomy":"product_brand","embeddable":true,"href":"https:\/\/lucacastelli.com\/de\/wp-json\/wp\/v2\/product_brand?post=463423"},{"taxonomy":"product_cat","embeddable":true,"href":"https:\/\/lucacastelli.com\/de\/wp-json\/wp\/v2\/product_cat?post=463423"},{"taxonomy":"product_tag","embeddable":true,"href":"https:\/\/lucacastelli.com\/de\/wp-json\/wp\/v2\/product_tag?post=463423"}],"curies":[{"name":"wp","href":"https:\/\/api.w.org\/{rel}","templated":true}]}}