{"id":463420,"date":"2025-06-01T08:52:23","date_gmt":"2025-06-01T06:52:23","guid":{"rendered":"https:\/\/lucacastelli.com\/prodotto\/spannungspruefer\/"},"modified":"2025-06-29T07:56:51","modified_gmt":"2025-06-29T05:56:51","slug":"spannungspruefer","status":"publish","type":"product","link":"https:\/\/lucacastelli.com\/de\/produkt\/spannungspruefer\/","title":{"rendered":"MILWAUKEE Spannungspr\u00fcfer"},"content":{"rendered":"<p>AC\/DC-Spannungserfassung von 50 bis 1000 V&lt;Br&gt;  \u00dcberspannungskategorie CAT IV 1000 V&lt;Br&gt;  Kann das Vorhandensein von Spannung mit und ohne Kontakt \u00fcberpr\u00fcfen&lt;Br&gt;  Gr\u00fcne Kontrollleuchte, wenn das Werkzeug l\u00e4uft&lt;Br&gt;  Audioanzeige, wenn Spannung anliegt&lt;Br&gt;  Rote Kontrollleuchte, wenn Spannung anliegt&lt;Br&gt;  Ein-\/Aus-Taste&lt;Br&gt;  Vielseitiger Clip<\/p>\n<p>STRICHCODE: 4002395372195<\/p>\n<p>Technische<br \/>\nDaten CAT IV 1000 V<\/p>\n<p>2 x AAA-Batterien, Lieferung ohne Kitbox oder Tasche<\/p>\n","protected":false},"excerpt":{"rendered":"<p>AC\/DC-Spannungserfassung von 50 bis 1000 V&lt;Br&gt; \u00dcberspannungskategorie CAT IV 1000 V&lt;Br&gt; Kann das Vorhandensein von Spannung mit und ohne Kontakt<\/p>\n","protected":false},"featured_media":442870,"template":"","meta":{"_seopress_robots_primary_cat":"","_seopress_titles_title":"","_seopress_titles_desc":"","_seopress_robots_index":""},"product_brand":[3407],"product_cat":[29,514],"product_tag":[3270],"class_list":{"0":"post-463420","1":"product","2":"type-product","3":"status-publish","4":"has-post-thumbnail","6":"product_brand-milwaukee","7":"product_cat-macchinari","8":"product_cat-altri-dispositivi","9":"product_tag-import-milwau","10":"sws-gruppo-macchinari-de","11":"sws-conto-ricavi-merci-rivendita-macchinari-de","12":"sws-gruppo-iva-iva81-de","14":"first","15":"instock","16":"sale","17":"purchasable","18":"product-type-simple"},"_links":{"self":[{"href":"https:\/\/lucacastelli.com\/de\/wp-json\/wp\/v2\/product\/463420","targetHints":{"allow":["GET"]}}],"collection":[{"href":"https:\/\/lucacastelli.com\/de\/wp-json\/wp\/v2\/product"}],"about":[{"href":"https:\/\/lucacastelli.com\/de\/wp-json\/wp\/v2\/types\/product"}],"wp:featuredmedia":[{"embeddable":true,"href":"https:\/\/lucacastelli.com\/de\/wp-json\/wp\/v2\/media\/442870"}],"wp:attachment":[{"href":"https:\/\/lucacastelli.com\/de\/wp-json\/wp\/v2\/media?parent=463420"}],"wp:term":[{"taxonomy":"product_brand","embeddable":true,"href":"https:\/\/lucacastelli.com\/de\/wp-json\/wp\/v2\/product_brand?post=463420"},{"taxonomy":"product_cat","embeddable":true,"href":"https:\/\/lucacastelli.com\/de\/wp-json\/wp\/v2\/product_cat?post=463420"},{"taxonomy":"product_tag","embeddable":true,"href":"https:\/\/lucacastelli.com\/de\/wp-json\/wp\/v2\/product_tag?post=463420"}],"curies":[{"name":"wp","href":"https:\/\/api.w.org\/{rel}","templated":true}]}}