{"id":463417,"date":"2025-06-01T08:53:42","date_gmt":"2025-06-01T06:53:42","guid":{"rendered":"https:\/\/lucacastelli.com\/prodotto\/hydraulische-pressmaschine\/"},"modified":"2025-10-20T12:14:57","modified_gmt":"2025-10-20T10:14:57","slug":"hydraulische-pressmaschine","status":"publish","type":"product","link":"https:\/\/lucacastelli.com\/de\/produkt\/hydraulische-pressmaschine\/","title":{"rendered":"MILWAUKEE Hydraulisches Presswerkzeug"},"content":{"rendered":"<p>B\u00fcrstenloser Motor: bis zu 10 % schnelleres Dr\u00fccken und bis zu 20 % l\u00e4ngere Autonomie  &lt;Br&gt;  FORCE LOGIC\u2122 Druckanzeige: erm\u00f6glicht die visuelle Best\u00e4tigung des korrekten Anschlusses&lt;Br&gt;  Einh\u00e4ndig bedienbar f\u00fcr \u00dcberkopf- und beengte Platzverh\u00e4ltnisse&lt;Br&gt;  Das ONE-KEY-System\u2122 bietet Berichte \u00fcber die laufenden Anwendungen, die \u00fcber die App oder auf einer Online-Plattform eingesehen werden k\u00f6nnen&lt;Br&gt;  Das ONE-KEY-System\u2122 bietet eine digitale Inventarisierungsplattform zur Werkzeugverfolgung sowie zur Diebstahl- und Verlustpr\u00e4vention&lt;Br&gt;  Kommunikation zwischen dem Werkzeug und dem Akku: Das Werkzeug dr\u00fcckt nicht, wenn es die Verbindung aufgrund unzureichender Akkuleistung nicht abschlie\u00dfen kann&lt;Br&gt;  Erm\u00f6glicht das Pressen von Metallrohren bis zu 108 mm und Verbundrohren bis zu 110 mm&lt;Br&gt;  Universeller Backenaufsatz, kompatibel mit den g\u00e4ngigsten Systemen auf dem Markt&lt;Br&gt;  Die REDLINK-Elektronik\u2122 bietet \u00dcberlastschutz f\u00fcr Werkzeug und Akku f\u00fcr eine l\u00e4ngere Lebensdauer&lt;Br&gt;  LED-Licht und Anzeige des Ladezustands des Akkus&lt;Br&gt;  Funktioniert mit allen MILWAUKEE\u00ae M18\u2122 Akkus<\/p>\n<p>STRICHCODE: 4058546344825<\/p>\n<p>Technische<br \/>\nDaten 40.000<\/p>\n<p>Lieferung ohne Batterien, Lieferung ohne Ladeger\u00e4t, Barcase<\/p>\n","protected":false},"excerpt":{"rendered":"<p>B\u00fcrstenloser Motor: bis zu 10 % schnelleres Dr\u00fccken und bis zu 20 % l\u00e4ngere Autonomie &lt;Br&gt; FORCE LOGIC\u2122 Druckanzeige: erm\u00f6glicht<\/p>\n","protected":false},"featured_media":442891,"template":"","meta":{"_seopress_robots_primary_cat":"","_seopress_titles_title":"","_seopress_titles_desc":"","_seopress_robots_index":""},"product_brand":[3656],"product_cat":[1454,169],"product_tag":[3272],"class_list":{"0":"post-463417","1":"product","2":"type-product","3":"status-publish","4":"has-post-thumbnail","6":"product_brand-milwaukee-de","7":"product_cat-andere-gerate","8":"product_cat-maschinen","9":"product_tag-import-milwau-de","10":"sws-gruppo-macchinari-de","11":"sws-conto-ricavi-merci-rivendita-legname-de","12":"sws-gruppo-iva-iva81-de","14":"first","15":"instock","16":"purchasable","17":"product-type-simple"},"_links":{"self":[{"href":"https:\/\/lucacastelli.com\/de\/wp-json\/wp\/v2\/product\/463417","targetHints":{"allow":["GET"]}}],"collection":[{"href":"https:\/\/lucacastelli.com\/de\/wp-json\/wp\/v2\/product"}],"about":[{"href":"https:\/\/lucacastelli.com\/de\/wp-json\/wp\/v2\/types\/product"}],"wp:featuredmedia":[{"embeddable":true,"href":"https:\/\/lucacastelli.com\/de\/wp-json\/wp\/v2\/media\/442891"}],"wp:attachment":[{"href":"https:\/\/lucacastelli.com\/de\/wp-json\/wp\/v2\/media?parent=463417"}],"wp:term":[{"taxonomy":"product_brand","embeddable":true,"href":"https:\/\/lucacastelli.com\/de\/wp-json\/wp\/v2\/product_brand?post=463417"},{"taxonomy":"product_cat","embeddable":true,"href":"https:\/\/lucacastelli.com\/de\/wp-json\/wp\/v2\/product_cat?post=463417"},{"taxonomy":"product_tag","embeddable":true,"href":"https:\/\/lucacastelli.com\/de\/wp-json\/wp\/v2\/product_tag?post=463417"}],"curies":[{"name":"wp","href":"https:\/\/api.w.org\/{rel}","templated":true}]}}