{"id":463414,"date":"2025-06-01T08:49:47","date_gmt":"2025-06-01T06:49:47","guid":{"rendered":"https:\/\/lucacastelli.com\/prodotto\/infrarot-thermometer\/"},"modified":"2025-06-29T07:56:45","modified_gmt":"2025-06-29T05:56:45","slug":"infrarot-thermometer","status":"publish","type":"product","link":"https:\/\/lucacastelli.com\/de\/produkt\/infrarot-thermometer\/","title":{"rendered":"MILWAUKEE Infrarot-Thermometer"},"content":{"rendered":"<p>10:1 optische Aufl\u00f6sung: 1 m aus 10 m Entfernung erkannt&lt;Br&gt;  Temperaturbereich von -30\u00b0C bis 400\u00b0C&lt;Br&gt;  LCD-Bildschirm zum klaren Ablesen von Daten&lt;Br&gt;  Intuitive Benutzeroberfl\u00e4che f\u00fcr schnelle Messungen&lt;Br&gt;  Gl\u00e4ser und Displayschutzfolien aus Gummi<\/p>\n<p>STRICHCODE: 4002395282159<\/p>\n<p>Technische<br \/>\n Daten\u00b10.08<\/p>\n<p>2 x AA-Batterien, Lieferung ohne Kitbox oder Tasche<\/p>\n","protected":false},"excerpt":{"rendered":"<p>10:1 optische Aufl\u00f6sung: 1 m aus 10 m Entfernung erkannt&lt;Br&gt; Temperaturbereich von -30\u00b0C bis 400\u00b0C&lt;Br&gt; LCD-Bildschirm zum klaren Ablesen von<\/p>\n","protected":false},"featured_media":442833,"template":"","meta":{"_seopress_robots_primary_cat":"","_seopress_titles_title":"","_seopress_titles_desc":"","_seopress_robots_index":""},"product_brand":[3407],"product_cat":[29,514],"product_tag":[3270],"class_list":{"0":"post-463414","1":"product","2":"type-product","3":"status-publish","4":"has-post-thumbnail","6":"product_brand-milwaukee","7":"product_cat-macchinari","8":"product_cat-altri-dispositivi","9":"product_tag-import-milwau","10":"sws-gruppo-macchinari-de","11":"sws-conto-ricavi-merci-rivendita-macchinari-de","12":"sws-gruppo-iva-iva81-de","14":"first","15":"instock","16":"sale","17":"purchasable","18":"product-type-simple"},"_links":{"self":[{"href":"https:\/\/lucacastelli.com\/de\/wp-json\/wp\/v2\/product\/463414","targetHints":{"allow":["GET"]}}],"collection":[{"href":"https:\/\/lucacastelli.com\/de\/wp-json\/wp\/v2\/product"}],"about":[{"href":"https:\/\/lucacastelli.com\/de\/wp-json\/wp\/v2\/types\/product"}],"wp:featuredmedia":[{"embeddable":true,"href":"https:\/\/lucacastelli.com\/de\/wp-json\/wp\/v2\/media\/442833"}],"wp:attachment":[{"href":"https:\/\/lucacastelli.com\/de\/wp-json\/wp\/v2\/media?parent=463414"}],"wp:term":[{"taxonomy":"product_brand","embeddable":true,"href":"https:\/\/lucacastelli.com\/de\/wp-json\/wp\/v2\/product_brand?post=463414"},{"taxonomy":"product_cat","embeddable":true,"href":"https:\/\/lucacastelli.com\/de\/wp-json\/wp\/v2\/product_cat?post=463414"},{"taxonomy":"product_tag","embeddable":true,"href":"https:\/\/lucacastelli.com\/de\/wp-json\/wp\/v2\/product_tag?post=463414"}],"curies":[{"name":"wp","href":"https:\/\/api.w.org\/{rel}","templated":true}]}}