{"id":463413,"date":"2025-06-01T08:47:11","date_gmt":"2025-06-01T06:47:11","guid":{"rendered":"https:\/\/lucacastelli.com\/prodotto\/digitales-multimeter\/"},"modified":"2025-06-29T07:57:12","modified_gmt":"2025-06-29T05:57:12","slug":"digitales-multimeter","status":"publish","type":"product","link":"https:\/\/lucacastelli.com\/de\/produkt\/digitales-multimeter\/","title":{"rendered":"MILWAUKEE Digital-Multimeter"},"content":{"rendered":"<p>TRMS &#8211; True RMS in der Lage, sinusf\u00f6rmige\/nicht-sinusf\u00f6rmige Wechselstrom-Wellenformen zu messen&lt;Br&gt;  \u00dcberspannungskategorie CAT III 600 V&lt;Br&gt;  Gummigriff f\u00fcr maximales Handling&lt;Br&gt;  Seitliche Bedienelemente f\u00fcr Einhandbedienung&lt;Br&gt;  Speziell f\u00fcr den Elektriker entwickelte Funktionen&lt;Br&gt;  Feldabh\u00e4ngige Selbstjustierung<\/p>\n<p>STRICHCODE: 4002395240128<\/p>\n<p>Technische<br \/>\nDaten 40.000<\/p>\n<p>2 x AA-Batterien, Lieferung ohne Kitbox oder Tasche, Set f\u00fcr Spannungspr\u00fcfung<\/p>\n","protected":false},"excerpt":{"rendered":"<p>TRMS &#8211; True RMS in der Lage, sinusf\u00f6rmige\/nicht-sinusf\u00f6rmige Wechselstrom-Wellenformen zu messen&lt;Br&gt; \u00dcberspannungskategorie CAT III 600 V&lt;Br&gt; Gummigriff f\u00fcr maximales Handling&lt;Br&gt;<\/p>\n","protected":false},"featured_media":442799,"template":"","meta":{"_seopress_robots_primary_cat":"","_seopress_titles_title":"","_seopress_titles_desc":"","_seopress_robots_index":""},"product_brand":[3407],"product_cat":[29,514],"product_tag":[3270],"class_list":{"0":"post-463413","1":"product","2":"type-product","3":"status-publish","4":"has-post-thumbnail","6":"product_brand-milwaukee","7":"product_cat-macchinari","8":"product_cat-altri-dispositivi","9":"product_tag-import-milwau","10":"sws-gruppo-macchinari-de","11":"sws-conto-ricavi-merci-rivendita-macchinari-de","12":"sws-gruppo-iva-iva81-de","14":"first","15":"instock","16":"sale","17":"purchasable","18":"product-type-simple"},"_links":{"self":[{"href":"https:\/\/lucacastelli.com\/de\/wp-json\/wp\/v2\/product\/463413","targetHints":{"allow":["GET"]}}],"collection":[{"href":"https:\/\/lucacastelli.com\/de\/wp-json\/wp\/v2\/product"}],"about":[{"href":"https:\/\/lucacastelli.com\/de\/wp-json\/wp\/v2\/types\/product"}],"wp:featuredmedia":[{"embeddable":true,"href":"https:\/\/lucacastelli.com\/de\/wp-json\/wp\/v2\/media\/442799"}],"wp:attachment":[{"href":"https:\/\/lucacastelli.com\/de\/wp-json\/wp\/v2\/media?parent=463413"}],"wp:term":[{"taxonomy":"product_brand","embeddable":true,"href":"https:\/\/lucacastelli.com\/de\/wp-json\/wp\/v2\/product_brand?post=463413"},{"taxonomy":"product_cat","embeddable":true,"href":"https:\/\/lucacastelli.com\/de\/wp-json\/wp\/v2\/product_cat?post=463413"},{"taxonomy":"product_tag","embeddable":true,"href":"https:\/\/lucacastelli.com\/de\/wp-json\/wp\/v2\/product_tag?post=463413"}],"curies":[{"name":"wp","href":"https:\/\/api.w.org\/{rel}","templated":true}]}}