{"id":463406,"date":"2025-06-01T08:45:24","date_gmt":"2025-06-01T06:45:24","guid":{"rendered":"https:\/\/lucacastelli.com\/prodotto\/spannungs-strompruefer\/"},"modified":"2025-06-29T07:57:06","modified_gmt":"2025-06-29T05:57:06","slug":"spannungs-strompruefer","status":"publish","type":"product","link":"https:\/\/lucacastelli.com\/de\/produkt\/spannungs-strompruefer\/","title":{"rendered":"MILWAUKEE Spannungs-\/Strompr\u00fcfer"},"content":{"rendered":"<p>Dezimalmessung, kontrastreiches Display f\u00fcr maximale Sichtbarkeit&lt;Br&gt;  Automatische Erkennung der Notwendigkeit einer Spannungs- oder Strompr\u00fcfung&lt;Br&gt;  Vielseitiger Clip&lt;Br&gt;  LED-Licht zur Ausleuchtung des Anwendungsbereichs&lt;Br&gt;  Audio- und Lichtanzeigen f\u00fcr eine schnelle R\u00fcckmeldung des Ergebnisses&lt;Br&gt;  Austauschbare Messleitungen&lt;Br&gt;  Robust und langlebig<\/p>\n<p>STRICHCODE: 4002395006526<\/p>\n<p>Technische<br \/>\nDaten 0 &#8211; 50<\/p>\n<p>2 x AAA-Batterien, Lieferung ohne Kitbox oder Tasche, Clips, Satz Messspitzen<\/p>\n","protected":false},"excerpt":{"rendered":"<p>Dezimalmessung, kontrastreiches Display f\u00fcr maximale Sichtbarkeit&lt;Br&gt; Automatische Erkennung der Notwendigkeit einer Spannungs- oder Strompr\u00fcfung&lt;Br&gt; Vielseitiger Clip&lt;Br&gt; LED-Licht zur Ausleuchtung des<\/p>\n","protected":false},"featured_media":442770,"template":"","meta":{"_seopress_robots_primary_cat":"","_seopress_titles_title":"","_seopress_titles_desc":"","_seopress_robots_index":""},"product_brand":[3407],"product_cat":[29,514],"product_tag":[3270],"class_list":{"0":"post-463406","1":"product","2":"type-product","3":"status-publish","4":"has-post-thumbnail","6":"product_brand-milwaukee","7":"product_cat-macchinari","8":"product_cat-altri-dispositivi","9":"product_tag-import-milwau","10":"sws-gruppo-macchinari-de","11":"sws-conto-ricavi-merci-rivendita-macchinari-de","12":"sws-gruppo-iva-iva81-de","14":"first","15":"instock","16":"sale","17":"purchasable","18":"product-type-simple"},"_links":{"self":[{"href":"https:\/\/lucacastelli.com\/de\/wp-json\/wp\/v2\/product\/463406","targetHints":{"allow":["GET"]}}],"collection":[{"href":"https:\/\/lucacastelli.com\/de\/wp-json\/wp\/v2\/product"}],"about":[{"href":"https:\/\/lucacastelli.com\/de\/wp-json\/wp\/v2\/types\/product"}],"wp:featuredmedia":[{"embeddable":true,"href":"https:\/\/lucacastelli.com\/de\/wp-json\/wp\/v2\/media\/442770"}],"wp:attachment":[{"href":"https:\/\/lucacastelli.com\/de\/wp-json\/wp\/v2\/media?parent=463406"}],"wp:term":[{"taxonomy":"product_brand","embeddable":true,"href":"https:\/\/lucacastelli.com\/de\/wp-json\/wp\/v2\/product_brand?post=463406"},{"taxonomy":"product_cat","embeddable":true,"href":"https:\/\/lucacastelli.com\/de\/wp-json\/wp\/v2\/product_cat?post=463406"},{"taxonomy":"product_tag","embeddable":true,"href":"https:\/\/lucacastelli.com\/de\/wp-json\/wp\/v2\/product_tag?post=463406"}],"curies":[{"name":"wp","href":"https:\/\/api.w.org\/{rel}","templated":true}]}}