{"id":463401,"date":"2025-06-01T08:44:08","date_gmt":"2025-06-01T06:44:08","guid":{"rendered":"https:\/\/lucacastelli.com\/prodotto\/strom-tester\/"},"modified":"2025-06-29T07:57:31","modified_gmt":"2025-06-29T05:57:31","slug":"strom-tester","status":"publish","type":"product","link":"https:\/\/lucacastelli.com\/de\/produkt\/strom-tester\/","title":{"rendered":"MILWAUKEE Strompr\u00fcfer"},"content":{"rendered":"<p>TRMS &#8211; True RMS in der Lage, sinusf\u00f6rmige\/nicht-sinusf\u00f6rmige Wechselstrom-Wellenformen zu messen&lt;Br&gt;  Kontrastreiches Display f\u00fcr maximale Sichtbarkeit&lt;Br&gt;  Ber\u00fchrungsloser Spannungspr\u00fcfer&lt;Br&gt;  \u00dcberspannungskategorie CAT IV 600 V, CAT III 1000 V&lt;Br&gt;  Gummigriff f\u00fcr maximales Handling&lt;Br&gt;  LED-Licht zur Ausleuchtung des Anwendungsbereichs&lt;Br&gt;  Seitliche Bedienelemente f\u00fcr Einhandbedienung&lt;Br&gt;  Einfache Benutzeroberfl\u00e4che und Funktionen, die speziell f\u00fcr den Elektriker entwickelt wurden&lt;Br&gt;  Lieferung mit Spannungspr\u00fcfger\u00e4t und 2 x AA<\/p>\n<p>STRICHCODE: 4002395238026<\/p>\n<p>Technische<br \/>\nDaten CAT IV 600 V \/ CAT III 1000 V<\/p>\n<p>2 x AA Batterien, Tasche, Spannungspr\u00fcfset<\/p>\n","protected":false},"excerpt":{"rendered":"<p>TRMS &#8211; True RMS in der Lage, sinusf\u00f6rmige\/nicht-sinusf\u00f6rmige Wechselstrom-Wellenformen zu messen&lt;Br&gt; Kontrastreiches Display f\u00fcr maximale Sichtbarkeit&lt;Br&gt; Ber\u00fchrungsloser Spannungspr\u00fcfer&lt;Br&gt; \u00dcberspannungskategorie CAT<\/p>\n","protected":false},"featured_media":442749,"template":"","meta":{"_seopress_robots_primary_cat":"","_seopress_titles_title":"","_seopress_titles_desc":"","_seopress_robots_index":""},"product_brand":[3656],"product_cat":[1454,169],"product_tag":[3272],"class_list":{"0":"post-463401","1":"product","2":"type-product","3":"status-publish","4":"has-post-thumbnail","6":"product_brand-milwaukee-de","7":"product_cat-andere-gerate","8":"product_cat-maschinen","9":"product_tag-import-milwau-de","10":"sws-gruppo-macchinari-de","11":"sws-conto-ricavi-merci-rivendita-macchinari-de","12":"sws-gruppo-iva-iva81-de","14":"first","15":"instock","16":"sale","17":"purchasable","18":"product-type-simple"},"_links":{"self":[{"href":"https:\/\/lucacastelli.com\/de\/wp-json\/wp\/v2\/product\/463401","targetHints":{"allow":["GET"]}}],"collection":[{"href":"https:\/\/lucacastelli.com\/de\/wp-json\/wp\/v2\/product"}],"about":[{"href":"https:\/\/lucacastelli.com\/de\/wp-json\/wp\/v2\/types\/product"}],"wp:featuredmedia":[{"embeddable":true,"href":"https:\/\/lucacastelli.com\/de\/wp-json\/wp\/v2\/media\/442749"}],"wp:attachment":[{"href":"https:\/\/lucacastelli.com\/de\/wp-json\/wp\/v2\/media?parent=463401"}],"wp:term":[{"taxonomy":"product_brand","embeddable":true,"href":"https:\/\/lucacastelli.com\/de\/wp-json\/wp\/v2\/product_brand?post=463401"},{"taxonomy":"product_cat","embeddable":true,"href":"https:\/\/lucacastelli.com\/de\/wp-json\/wp\/v2\/product_cat?post=463401"},{"taxonomy":"product_tag","embeddable":true,"href":"https:\/\/lucacastelli.com\/de\/wp-json\/wp\/v2\/product_tag?post=463401"}],"curies":[{"name":"wp","href":"https:\/\/api.w.org\/{rel}","templated":true}]}}