{"id":463398,"date":"2025-06-01T08:41:28","date_gmt":"2025-06-01T06:41:28","guid":{"rendered":"https:\/\/lucacastelli.com\/prodotto\/gewindestangen-schneiden\/"},"modified":"2025-06-29T07:57:27","modified_gmt":"2025-06-29T05:57:27","slug":"gewindestangen-schneiden","status":"publish","type":"product","link":"https:\/\/lucacastelli.com\/de\/produkt\/gewindestangen-schneiden\/","title":{"rendered":"MILWAUKEE Gewindestangenschneider"},"content":{"rendered":"<p>Der Gewindestangenschneider M18\u2122 sorgt f\u00fcr pr\u00e4zises und schnelles Schneiden von Gewindestangen&lt;Br&gt;  Der b\u00fcrstenlose Motor bietet die M\u00f6glichkeit, M6-, M8-, M10- und M12-Gewindestangen in Baustahl oder M6-, M8- und M10-Gewindestangen in Edelstahl zu schneiden, mit einer Laufzeit von 300 Schnitten mit einem Akku (2,0 Ah)&lt;Br&gt;  Inklusive Backen zum Schneiden der g\u00e4ngigsten Gewindestangen auf dem Markt: M6, M8, M10 und M12&lt;Br&gt;  Ergonomisches Design f\u00fcr eine einfache Ausrichtung des Schnitts und bessere Sicht auf die Anwendung&lt;Br&gt;  Ausbalanciertes, einfach zu bedienendes Werkzeug, ideal auch f\u00fcr \u00dcberkopfanwendungen&lt;Br&gt;  Zentraler Griff f\u00fcr einh\u00e4ndige Bedienung&lt;Br&gt;  Die Backen \u00f6ffnen sich automatisch, sobald der Schnitt ausgef\u00fchrt wurde&lt;Br&gt;  Minimale Schnittl\u00e4nge 3,8 cm&lt;Br&gt;  B\u00fcrstenloser Motor, REDLINK PLUS-Elektronik\u2122 und REDLITHIUM-Akku\u2122 sorgen f\u00fcr \u00fcberlegene Leistung und Haltbarkeit&lt;Br&gt;  Funktioniert mit allen MILWAUKEE\u00ae M18\u2122 Akkus<\/p>\n<p>STRICHCODE: 4058546287788<\/p>\n<p>Technische<br \/>\nDaten Lieferung ohne Batterien<\/p>\n<p>Lieferung ohne Batterien, Lieferung ohne Ladeger\u00e4t, HeavyDuty-Geh\u00e4use, Backen zum Schneiden von Gewindestangen M6, M8, M10 (Baustahl und Edelstahl) und M12 (Baustahl)<\/p>\n","protected":false},"excerpt":{"rendered":"<p>Der Gewindestangenschneider M18\u2122 sorgt f\u00fcr pr\u00e4zises und schnelles Schneiden von Gewindestangen&lt;Br&gt; Der b\u00fcrstenlose Motor bietet die M\u00f6glichkeit, M6-, M8-, M10-<\/p>\n","protected":false},"featured_media":442699,"template":"","meta":{"_seopress_robots_primary_cat":"","_seopress_titles_title":"","_seopress_titles_desc":"","_seopress_robots_index":""},"product_brand":[3407],"product_cat":[29,514],"product_tag":[3270],"class_list":{"0":"post-463398","1":"product","2":"type-product","3":"status-publish","4":"has-post-thumbnail","6":"product_brand-milwaukee","7":"product_cat-macchinari","8":"product_cat-altri-dispositivi","9":"product_tag-import-milwau","10":"sws-gruppo-macchinari-de","11":"sws-conto-ricavi-merci-rivendita-macchinari-de","12":"sws-gruppo-iva-iva81-de","14":"first","15":"instock","16":"sale","17":"purchasable","18":"product-type-simple"},"_links":{"self":[{"href":"https:\/\/lucacastelli.com\/de\/wp-json\/wp\/v2\/product\/463398","targetHints":{"allow":["GET"]}}],"collection":[{"href":"https:\/\/lucacastelli.com\/de\/wp-json\/wp\/v2\/product"}],"about":[{"href":"https:\/\/lucacastelli.com\/de\/wp-json\/wp\/v2\/types\/product"}],"wp:featuredmedia":[{"embeddable":true,"href":"https:\/\/lucacastelli.com\/de\/wp-json\/wp\/v2\/media\/442699"}],"wp:attachment":[{"href":"https:\/\/lucacastelli.com\/de\/wp-json\/wp\/v2\/media?parent=463398"}],"wp:term":[{"taxonomy":"product_brand","embeddable":true,"href":"https:\/\/lucacastelli.com\/de\/wp-json\/wp\/v2\/product_brand?post=463398"},{"taxonomy":"product_cat","embeddable":true,"href":"https:\/\/lucacastelli.com\/de\/wp-json\/wp\/v2\/product_cat?post=463398"},{"taxonomy":"product_tag","embeddable":true,"href":"https:\/\/lucacastelli.com\/de\/wp-json\/wp\/v2\/product_tag?post=463398"}],"curies":[{"name":"wp","href":"https:\/\/api.w.org\/{rel}","templated":true}]}}