{"id":463395,"date":"2025-06-01T08:42:41","date_gmt":"2025-06-01T06:42:41","guid":{"rendered":"https:\/\/lucacastelli.com\/prodotto\/gewindeschneidmaschine\/"},"modified":"2025-06-29T07:57:33","modified_gmt":"2025-06-29T05:57:33","slug":"gewindeschneidmaschine","status":"publish","type":"product","link":"https:\/\/lucacastelli.com\/de\/produkt\/gewindeschneidmaschine\/","title":{"rendered":"MILWAUKEE Filetiermaschine"},"content":{"rendered":"<p>Rohre von 1\/8 Zoll bis 1 1\/4 Zoll k\u00f6nnen eingef\u00e4delt werden&lt;Br&gt;  Das AUTOSTOP\u2122 Anti Kickback-System verriegelt und schlie\u00dft das Werkzeug, wenn es einen pl\u00f6tzlichen R\u00fcckschlag erleidet, um den Bediener zu sch\u00fctzen&lt;Br&gt;  Kompakte Bauweise und geringes Gewicht erm\u00f6glichen einen einfachen Einsatz auch bei beengten Platzverh\u00e4ltnissen&lt;Br&gt;  Kompatibel mit den neuen MILWAUKEE\u00ae FPT114H-Steckschl\u00fcsseln und Ridgid 11R-Steckschl\u00fcsseln bis zu 1 1\/4 Zoll&lt;Br&gt;  Bis zu 50 F\u00e4den mit einem 3\/4 Zollrohr mit einer 8,0 Ah M18\u2122 HIGH OUTPUT\u2122 Akkuladung&lt;Br&gt;  Seitlicher Griff, um zu vermeiden, dass er w\u00e4hrend des Einf\u00e4delns mit der H\u00fclse in Ber\u00fchrung kommt&lt;Br&gt; Der b\u00fcrstenlose POWERSTATE-Motor\u2122 garantiert Leistung auch unter Belastung, die REDLINK PLUS-Elektronik\u2122 bietet einen h\u00f6heren \u00dcberlastschutz f\u00fcr Werkzeug und Akku und sorgt so f\u00fcr eine l\u00e4ngere Lebensdauer bei Heavy-Duty-Anwendungen. Die REDLITHIUM-Batterie\u2122 bietet eine fortschrittliche Akkupack-Konstruktion und eine gleichbleibende Leistung, um eine l\u00e4ngere Laufzeit zu gew\u00e4hrleisten und die Akkulaufzeit&lt;zu maximieren br&gt; Das ONE-KEY\u2122 Tracking &amp; Security-System bietet einen kostenlosen Cloud-basierten Tracking- und Bestandsverwaltungsdienst und verf\u00fcgt gleichzeitig \u00fcber&gt;&lt; br-Fernsperrfunktionen Funktioniert mit allen Batterien der M18-Plattform\u2122 <\/p>\n<p>STRICHCODE: 4058546372156<\/p>\n<p>Technische<br \/>\nDaten 8.0<\/p>\n<p>2 x M18 HB8 Akkupack, M12-18 FC Ladeger\u00e4t, Tragetasche, Halterung<\/p>\n","protected":false},"excerpt":{"rendered":"<p>Rohre von 1\/8 Zoll bis 1 1\/4 Zoll k\u00f6nnen eingef\u00e4delt werden&lt;Br&gt; Das AUTOSTOP\u2122 Anti Kickback-System verriegelt und schlie\u00dft das Werkzeug,<\/p>\n","protected":false},"featured_media":442720,"template":"","meta":{"_seopress_robots_primary_cat":"","_seopress_titles_title":"","_seopress_titles_desc":"","_seopress_robots_index":""},"product_brand":[3407],"product_cat":[29,514],"product_tag":[3270],"class_list":{"0":"post-463395","1":"product","2":"type-product","3":"status-publish","4":"has-post-thumbnail","6":"product_brand-milwaukee","7":"product_cat-macchinari","8":"product_cat-altri-dispositivi","9":"product_tag-import-milwau","10":"sws-gruppo-macchinari-de","11":"sws-conto-ricavi-merci-rivendita-macchinari-de","12":"sws-gruppo-iva-iva81-de","14":"first","15":"instock","16":"sale","17":"purchasable","18":"product-type-simple"},"_links":{"self":[{"href":"https:\/\/lucacastelli.com\/de\/wp-json\/wp\/v2\/product\/463395","targetHints":{"allow":["GET"]}}],"collection":[{"href":"https:\/\/lucacastelli.com\/de\/wp-json\/wp\/v2\/product"}],"about":[{"href":"https:\/\/lucacastelli.com\/de\/wp-json\/wp\/v2\/types\/product"}],"wp:featuredmedia":[{"embeddable":true,"href":"https:\/\/lucacastelli.com\/de\/wp-json\/wp\/v2\/media\/442720"}],"wp:attachment":[{"href":"https:\/\/lucacastelli.com\/de\/wp-json\/wp\/v2\/media?parent=463395"}],"wp:term":[{"taxonomy":"product_brand","embeddable":true,"href":"https:\/\/lucacastelli.com\/de\/wp-json\/wp\/v2\/product_brand?post=463395"},{"taxonomy":"product_cat","embeddable":true,"href":"https:\/\/lucacastelli.com\/de\/wp-json\/wp\/v2\/product_cat?post=463395"},{"taxonomy":"product_tag","embeddable":true,"href":"https:\/\/lucacastelli.com\/de\/wp-json\/wp\/v2\/product_tag?post=463395"}],"curies":[{"name":"wp","href":"https:\/\/api.w.org\/{rel}","templated":true}]}}