{"id":463392,"date":"2025-06-01T08:39:17","date_gmt":"2025-06-01T06:39:17","guid":{"rendered":"https:\/\/lucacastelli.com\/prodotto\/hydraulische-crimpzange\/"},"modified":"2025-06-29T07:57:53","modified_gmt":"2025-06-29T05:57:53","slug":"hydraulische-crimpzange","status":"publish","type":"product","link":"https:\/\/lucacastelli.com\/de\/produkt\/hydraulische-crimpzange\/","title":{"rendered":"MILWAUKEE Hydraulische Crimpzange"},"content":{"rendered":"<p>Die M18\u2122 FORCE LOGIC\u2122 HDCT Crimpkabelschuhe von 10 bis 300 mm\u00b2, ohne dass die Matrize gewechselt werden muss&lt;Br&gt;  Das System erkennt automatisch die Gr\u00f6\u00dfe des Kabelschuhs, so dass es immer den richtigen Druck f\u00fcr eine pr\u00e4zisere und sauberere Crimpung liefert&lt;Br&gt;  Der um 180\u00b0 drehbare Kopf erm\u00f6glicht eine einfache Ausrichtung auch auf engstem Raum&lt;Br&gt;  Das PFM-System\u2122 garantiert immer den korrekten Druck und warnt den Benutzer, wenn dies nicht der Fall ist&lt;Br&gt;  Das integrierte ONE-KEY-System\u2122 erm\u00f6glicht es Ihnen, Crimps in einem Bericht aufzuzeichnen und zu speichern&lt;Br&gt;  Das System \u00fcberpr\u00fcft automatisch den Ladezustand des Akkus, bevor es crimpt&lt;Br&gt;  Bis zu 90 Pressungen mit einer 2,0 Ah M18\u2122 REDLITHIUM\u2122 Batterie&lt;Br&gt;  Isolierte elektronische Komponenten sch\u00fctzen vor rauen Umgebungen&lt;Br&gt;  Kompatibel mit allen MILWAUKEE\u00ae M18\u2122 Akkus<\/p>\n<p>STRICHCODE: 4058546298487<\/p>\n<p>Technische<br \/>\nDaten 0<\/p>\n<p>Lieferung ohne Batterien, Lieferung ohne Ladeger\u00e4t, Tragetasche<\/p>\n","protected":false},"excerpt":{"rendered":"<p>Die M18\u2122 FORCE LOGIC\u2122 HDCT Crimpkabelschuhe von 10 bis 300 mm\u00b2, ohne dass die Matrize gewechselt werden muss&lt;Br&gt; Das System<\/p>\n","protected":false},"featured_media":442674,"template":"","meta":{"_seopress_robots_primary_cat":"","_seopress_titles_title":"","_seopress_titles_desc":"","_seopress_robots_index":""},"product_brand":[3407],"product_cat":[29,514],"product_tag":[3270],"class_list":{"0":"post-463392","1":"product","2":"type-product","3":"status-publish","4":"has-post-thumbnail","6":"product_brand-milwaukee","7":"product_cat-macchinari","8":"product_cat-altri-dispositivi","9":"product_tag-import-milwau","10":"sws-gruppo-macchinari-de","11":"sws-conto-ricavi-merci-rivendita-macchinari-de","12":"sws-gruppo-iva-iva81-de","14":"first","15":"instock","16":"sale","17":"purchasable","18":"product-type-simple"},"_links":{"self":[{"href":"https:\/\/lucacastelli.com\/de\/wp-json\/wp\/v2\/product\/463392","targetHints":{"allow":["GET"]}}],"collection":[{"href":"https:\/\/lucacastelli.com\/de\/wp-json\/wp\/v2\/product"}],"about":[{"href":"https:\/\/lucacastelli.com\/de\/wp-json\/wp\/v2\/types\/product"}],"wp:featuredmedia":[{"embeddable":true,"href":"https:\/\/lucacastelli.com\/de\/wp-json\/wp\/v2\/media\/442674"}],"wp:attachment":[{"href":"https:\/\/lucacastelli.com\/de\/wp-json\/wp\/v2\/media?parent=463392"}],"wp:term":[{"taxonomy":"product_brand","embeddable":true,"href":"https:\/\/lucacastelli.com\/de\/wp-json\/wp\/v2\/product_brand?post=463392"},{"taxonomy":"product_cat","embeddable":true,"href":"https:\/\/lucacastelli.com\/de\/wp-json\/wp\/v2\/product_cat?post=463392"},{"taxonomy":"product_tag","embeddable":true,"href":"https:\/\/lucacastelli.com\/de\/wp-json\/wp\/v2\/product_tag?post=463392"}],"curies":[{"name":"wp","href":"https:\/\/api.w.org\/{rel}","templated":true}]}}