{"id":463390,"date":"2025-06-01T08:35:27","date_gmt":"2025-06-01T06:35:27","guid":{"rendered":"https:\/\/lucacastelli.com\/prodotto\/hydraulikpumpe\/"},"modified":"2025-06-29T07:57:49","modified_gmt":"2025-06-29T05:57:49","slug":"hydraulikpumpe","status":"publish","type":"product","link":"https:\/\/lucacastelli.com\/de\/produkt\/hydraulikpumpe\/","title":{"rendered":"MILWAUKEE Hydraulikpumpe"},"content":{"rendered":"<p>Kompatibel mit jedem Kopf zum Crimpen, Schneiden oder Stanzen bei 700 bar&lt;Br&gt;  Schnellere Anwendungen dank eines gro\u00dfen 1,3-l-\u00d6ltanks und einer 2-mal h\u00f6heren Durchflussmenge im Vergleich zu anderen Pumpen&lt;Br&gt;  Ausgestattet mit einem Schnellwechsler der CEJN-Norm 115 und einer G1\/4-Zollkupplung mit Innengewinde f\u00fcr die g\u00e4ngigsten Zubeh\u00f6rteile auf dem Markt&lt;Br&gt;  Die Fernbedienung mit 1,8 m langem Kabel erm\u00f6glicht dem Benutzer ein Handeln in sicherer Entfernung, die dank des Verl\u00e4ngerungskabels auf bis zu 7 m verl\u00e4ngert werden kann&lt;Br&gt;  Versiegeltes Batteriefach zum Schutz vor Staub und Feuchtigkeit (IP54)&lt;Br&gt;  Das ONE-KEY\u2122 Tracking &amp; Security-System bietet einen kostenlosen Cloud-basierten Tracking- und Bestandsverwaltungsdienst, einschlie\u00dflich Remote-Blockierungs- und Anwendungsberichtsfunktionen.&lt;Br&gt;  Tragegriff zur gleichm\u00e4\u00dfigen Gewichtsverteilung&lt;Br&gt;  PFM\u2122 (Predictive Force Monitoring): automatisches Kraft\u00fcberwachungssystem zur Sicherstellung und Bereitstellung von sofortigem Druck&lt;Br&gt;  B\u00fcrstenloser Motor, REDLINK PLUS-Elektronik\u2122 und REDLITHIUM-Akku\u2122 sorgen f\u00fcr \u00fcberlegene Leistung und Haltbarkeit&lt;Br&gt;  Funktioniert mit allen MILWAUKEE\u00ae M18\u2122 Akkus<\/p>\n<p>STRICHCODE: 4058546297121<\/p>\n<p>Technische<br \/>\nDaten 54<\/p>\n<p>1 x M18 HB12 Akkupack, M12-18 FC Ladeger\u00e4t, Lieferung ohne Kitbox oder Tasche, Fernbedienung f\u00fcr Fernbedienung, Fernbedienungskabel bis 1,8 m, CEJN 115 Serie Stecker-auf-Stecker-Adapter<\/p>\n","protected":false},"excerpt":{"rendered":"<p>Kompatibel mit jedem Kopf zum Crimpen, Schneiden oder Stanzen bei 700 bar&lt;Br&gt; Schnellere Anwendungen dank eines gro\u00dfen 1,3-l-\u00d6ltanks und einer<\/p>\n","protected":false},"featured_media":442604,"template":"","meta":{"_seopress_robots_primary_cat":"","_seopress_titles_title":"","_seopress_titles_desc":"","_seopress_robots_index":""},"product_brand":[3656],"product_cat":[1454,169],"product_tag":[3272],"class_list":{"0":"post-463390","1":"product","2":"type-product","3":"status-publish","4":"has-post-thumbnail","6":"product_brand-milwaukee-de","7":"product_cat-andere-gerate","8":"product_cat-maschinen","9":"product_tag-import-milwau-de","10":"sws-gruppo-macchinari-de","11":"sws-conto-ricavi-merci-rivendita-macchinari-de","12":"sws-gruppo-iva-iva81-de","14":"first","15":"instock","16":"sale","17":"purchasable","18":"product-type-simple"},"_links":{"self":[{"href":"https:\/\/lucacastelli.com\/de\/wp-json\/wp\/v2\/product\/463390","targetHints":{"allow":["GET"]}}],"collection":[{"href":"https:\/\/lucacastelli.com\/de\/wp-json\/wp\/v2\/product"}],"about":[{"href":"https:\/\/lucacastelli.com\/de\/wp-json\/wp\/v2\/types\/product"}],"wp:featuredmedia":[{"embeddable":true,"href":"https:\/\/lucacastelli.com\/de\/wp-json\/wp\/v2\/media\/442604"}],"wp:attachment":[{"href":"https:\/\/lucacastelli.com\/de\/wp-json\/wp\/v2\/media?parent=463390"}],"wp:term":[{"taxonomy":"product_brand","embeddable":true,"href":"https:\/\/lucacastelli.com\/de\/wp-json\/wp\/v2\/product_brand?post=463390"},{"taxonomy":"product_cat","embeddable":true,"href":"https:\/\/lucacastelli.com\/de\/wp-json\/wp\/v2\/product_cat?post=463390"},{"taxonomy":"product_tag","embeddable":true,"href":"https:\/\/lucacastelli.com\/de\/wp-json\/wp\/v2\/product_tag?post=463390"}],"curies":[{"name":"wp","href":"https:\/\/api.w.org\/{rel}","templated":true}]}}