{"id":463383,"date":"2025-06-01T08:27:45","date_gmt":"2025-06-01T06:27:45","guid":{"rendered":"https:\/\/lucacastelli.com\/prodotto\/laser-empfaenger\/"},"modified":"2025-06-29T07:58:12","modified_gmt":"2025-06-29T05:58:12","slug":"laser-empfaenger","status":"publish","type":"product","link":"https:\/\/lucacastelli.com\/de\/produkt\/laser-empfaenger\/","title":{"rendered":"MILWAUKEE Laser-Empf\u00e4nger"},"content":{"rendered":"<p>Der MILWAUKEE\u00ae LLD 50 Laser Receiver erh\u00f6ht die Reichweite der Linearlaser auf bis zu 50 m&lt;Br&gt;  Front- und Heck-LEDs f\u00fcr genaue Strahlerkennung&lt;Br&gt;  Magnete an den Seiten zur Befestigung an Metalloberfl\u00e4chen&lt;Br&gt;  Klemme (im Lieferumfang enthalten) erm\u00f6glicht die Befestigung an nichtmetallischen Oberfl\u00e4chen&lt;Br&gt;  Einstellbares Audiosignal und \u00fcber 65 Stunden Akkulaufzeit (AA-Batterien im Lieferumfang enthalten)&lt;Br&gt;  Universalempf\u00e4nger: kompatibel mit allen gr\u00fcnen Linearlasern&lt;Br&gt;  M\u00f6glichkeit, die Genauigkeit f\u00fcr maximale Pr\u00e4zision einzustellen&lt;Br&gt;  Schutzart IP54&lt;Br&gt;  Fallwiderstand aus 1 m<\/p>\n<p>STRICHCODE: 4058546340377<\/p>\n<p>Technische<br \/>\nDaten Lieferung ohne Kitbox oder Tasche<\/p>\n<p>1 Klemme<\/p>\n","protected":false},"excerpt":{"rendered":"<p>Der MILWAUKEE\u00ae LLD 50 Laser Receiver erh\u00f6ht die Reichweite der Linearlaser auf bis zu 50 m&lt;Br&gt; Front- und Heck-LEDs f\u00fcr<\/p>\n","protected":false},"featured_media":442460,"template":"","meta":{"_seopress_robots_primary_cat":"","_seopress_titles_title":"","_seopress_titles_desc":"","_seopress_robots_index":""},"product_brand":[3656],"product_cat":[169,1454],"product_tag":[3272],"class_list":{"0":"post-463383","1":"product","2":"type-product","3":"status-publish","4":"has-post-thumbnail","6":"product_brand-milwaukee-de","7":"product_cat-maschinen","8":"product_cat-andere-gerate","9":"product_tag-import-milwau-de","10":"sws-gruppo-macchinari-de","11":"sws-conto-ricavi-merci-rivendita-macchinari-de","12":"sws-gruppo-iva-iva81-de","14":"first","15":"instock","16":"sale","17":"purchasable","18":"product-type-simple"},"_links":{"self":[{"href":"https:\/\/lucacastelli.com\/de\/wp-json\/wp\/v2\/product\/463383","targetHints":{"allow":["GET"]}}],"collection":[{"href":"https:\/\/lucacastelli.com\/de\/wp-json\/wp\/v2\/product"}],"about":[{"href":"https:\/\/lucacastelli.com\/de\/wp-json\/wp\/v2\/types\/product"}],"wp:featuredmedia":[{"embeddable":true,"href":"https:\/\/lucacastelli.com\/de\/wp-json\/wp\/v2\/media\/442460"}],"wp:attachment":[{"href":"https:\/\/lucacastelli.com\/de\/wp-json\/wp\/v2\/media?parent=463383"}],"wp:term":[{"taxonomy":"product_brand","embeddable":true,"href":"https:\/\/lucacastelli.com\/de\/wp-json\/wp\/v2\/product_brand?post=463383"},{"taxonomy":"product_cat","embeddable":true,"href":"https:\/\/lucacastelli.com\/de\/wp-json\/wp\/v2\/product_cat?post=463383"},{"taxonomy":"product_tag","embeddable":true,"href":"https:\/\/lucacastelli.com\/de\/wp-json\/wp\/v2\/product_tag?post=463383"}],"curies":[{"name":"wp","href":"https:\/\/api.w.org\/{rel}","templated":true}]}}