{"id":463378,"date":"2025-06-01T08:31:37","date_gmt":"2025-06-01T06:31:37","guid":{"rendered":"https:\/\/lucacastelli.com\/prodotto\/hydraulischer-kabelschneider\/"},"modified":"2025-06-29T07:58:18","modified_gmt":"2025-06-29T05:58:18","slug":"hydraulischer-kabelschneider","status":"publish","type":"product","link":"https:\/\/lucacastelli.com\/de\/produkt\/hydraulischer-kabelschneider\/","title":{"rendered":"MILWAUKEE Hydraulischer Kabelschneider"},"content":{"rendered":"<p>FORCE LOGIC\u2122 ist in der Lage, Kabel in weniger als 10 Sekunden mit einer Kraft von 77,8 kN zu durchtrennen&lt;Br&gt;  Die drahtlose Fernbedienung kommuniziert \u00fcber eine Bluetooth-Verbindung\u00ae mit dem Ger\u00e4t, wodurch jede physische Verbindung zum Ger\u00e4t aufgehoben wird und der Benutzer Fernschnitte bis zu 30 m durchf\u00fchren kann&lt;Br&gt;  Ausgewogenes Design, Griff und Aufh\u00e4ngehaken erm\u00f6glichen eine einfachere Installation  &lt;Br&gt;  Schneidet Aluminium- und Kupferkabel bis zu 75 mm&lt;Br&gt;  Das gr\u00fcne LED-Licht an der Fernbedienung signalisiert, dass das Werkzeug zum Schneiden bereit ist&lt;Br&gt;  Der Wechsel von Werkzeug-in-Hand- zu ferngesteuerten Schnitten war noch nie so einfach&lt;Br&gt;  Das offene Backendesign erm\u00f6glicht einen leichteren Zugang auf engstem Raum&lt;Br&gt;  Das ONE-KEY\u2122 Tracking &amp; Security-System bietet einen kostenlosen Cloud-basierten Tracking- und Bestandsverwaltungsdienst, einschlie\u00dflich Remote-Blockierungs- und Anwendungsberichtsfunktionen.&lt;Br&gt;  B\u00fcrstenloser Motor, REDLINK PLUS-Elektronik\u2122 und REDLITHIUM-Akku\u2122 sorgen f\u00fcr \u00fcberlegene Leistung und Haltbarkeit&lt;Br&gt;  Funktioniert mit allen MILWAUKEE\u00ae M18\u2122 Akkus<\/p>\n<p>STRICHCODE: 4058546002374<\/p>\n<p>Technische<br \/>\nDaten 5.0<\/p>\n<p>2 x M18 B5 Akkupack, M12-18 FC Ladeger\u00e4t, Tragetasche<\/p>\n","protected":false},"excerpt":{"rendered":"<p>FORCE LOGIC\u2122 ist in der Lage, Kabel in weniger als 10 Sekunden mit einer Kraft von 77,8 kN zu durchtrennen&lt;Br&gt;<\/p>\n","protected":false},"featured_media":442534,"template":"","meta":{"_seopress_robots_primary_cat":"","_seopress_titles_title":"","_seopress_titles_desc":"","_seopress_robots_index":""},"product_brand":[3656],"product_cat":[1454,169],"product_tag":[3272],"class_list":{"0":"post-463378","1":"product","2":"type-product","3":"status-publish","4":"has-post-thumbnail","6":"product_brand-milwaukee-de","7":"product_cat-andere-gerate","8":"product_cat-maschinen","9":"product_tag-import-milwau-de","10":"sws-gruppo-macchinari-de","11":"sws-conto-ricavi-merci-rivendita-macchinari-de","12":"sws-gruppo-iva-iva81-de","14":"first","15":"instock","16":"sale","17":"purchasable","18":"product-type-simple"},"_links":{"self":[{"href":"https:\/\/lucacastelli.com\/de\/wp-json\/wp\/v2\/product\/463378","targetHints":{"allow":["GET"]}}],"collection":[{"href":"https:\/\/lucacastelli.com\/de\/wp-json\/wp\/v2\/product"}],"about":[{"href":"https:\/\/lucacastelli.com\/de\/wp-json\/wp\/v2\/types\/product"}],"wp:featuredmedia":[{"embeddable":true,"href":"https:\/\/lucacastelli.com\/de\/wp-json\/wp\/v2\/media\/442534"}],"wp:attachment":[{"href":"https:\/\/lucacastelli.com\/de\/wp-json\/wp\/v2\/media?parent=463378"}],"wp:term":[{"taxonomy":"product_brand","embeddable":true,"href":"https:\/\/lucacastelli.com\/de\/wp-json\/wp\/v2\/product_brand?post=463378"},{"taxonomy":"product_cat","embeddable":true,"href":"https:\/\/lucacastelli.com\/de\/wp-json\/wp\/v2\/product_cat?post=463378"},{"taxonomy":"product_tag","embeddable":true,"href":"https:\/\/lucacastelli.com\/de\/wp-json\/wp\/v2\/product_tag?post=463378"}],"curies":[{"name":"wp","href":"https:\/\/api.w.org\/{rel}","templated":true}]}}