{"id":463377,"date":"2025-06-01T08:26:07","date_gmt":"2025-06-01T06:26:07","guid":{"rendered":"https:\/\/lucacastelli.com\/prodotto\/kreuzlinienlaser\/"},"modified":"2025-06-29T07:58:37","modified_gmt":"2025-06-29T05:58:37","slug":"kreuzlinienlaser","status":"publish","type":"product","link":"https:\/\/lucacastelli.com\/de\/produkt\/kreuzlinienlaser\/","title":{"rendered":"MILWAUKEE Kreuzlinienlaser"},"content":{"rendered":"<p>Eine horizontale Linie und zwei vertikale Linien f\u00fcr Ausrichtung, Nivellierung, Quadrat- und Punkt\u00fcbertragung f\u00fcr eine einfache Raumgestaltung mit einem einzigen Werkzeug&lt;Br&gt;  Hochintensiver gr\u00fcner Laser f\u00fcr kompromisslose Sichtbarkeit: bis zu 4-mal sichtbarer als rote Laser&lt;Br&gt;  Reichweite 38 m (50 m mit LLD50 Laserempf\u00e4nger, 100 m mit LRD100 Laserempf\u00e4nger)&lt;Br&gt;  Der M12 4,0 Ah-Akku garantiert eine Autonomie von mehr als 15 Stunden&lt;Br&gt;  Pendelsystem in 3 Modi: Manuell f\u00fcr den Einsatz in jedem Winkel, automatische Nivellierung mit Ausrichtungsfehleranzeige mit 4\u00b0 Variation und Pendel Gesperrt f\u00fcr zus\u00e4tzlichen Schutz w\u00e4hrend des Transports&lt;Br&gt;  Magnete, 1\/4 Zoll und 5\/8 Gewinde f\u00fcr Stativ und integrierte L\u00f6cher: einfache Befestigung an Stahl, Holz und Stativ&lt;Br&gt;  330\u00b0-Drehung des Lasers mit Mikro-Ausrichtrad f\u00fcr pr\u00e4zise und schnelle Einstellungen&lt;Br&gt;  Schutzart IP 54, 1 m Fallfestigkeit&lt;Br&gt;  Funktioniert mit allen MILWAUKEE\u00ae M12\u2122 Akkus<\/p>\n<p>STRICHCODE: 4058546340360<\/p>\n<p>Technische<br \/>\nDaten 15<\/p>\n<p>Lieferung ohne Batterien, Lieferung ohne Ladeger\u00e4t, Tragetasche, 1 gut sichtbares Visier und 1 Clip f\u00fcr die Wandmontage<\/p>\n","protected":false},"excerpt":{"rendered":"<p>Eine horizontale Linie und zwei vertikale Linien f\u00fcr Ausrichtung, Nivellierung, Quadrat- und Punkt\u00fcbertragung f\u00fcr eine einfache Raumgestaltung mit einem einzigen<\/p>\n","protected":false},"featured_media":442427,"template":"","meta":{"_seopress_robots_primary_cat":"","_seopress_titles_title":"","_seopress_titles_desc":"","_seopress_robots_index":""},"product_brand":[3656],"product_cat":[169,1454],"product_tag":[3272],"class_list":{"0":"post-463377","1":"product","2":"type-product","3":"status-publish","4":"has-post-thumbnail","6":"product_brand-milwaukee-de","7":"product_cat-maschinen","8":"product_cat-andere-gerate","9":"product_tag-import-milwau-de","10":"sws-gruppo-macchinari-de","11":"sws-conto-ricavi-merci-rivendita-macchinari-de","12":"sws-gruppo-iva-iva81-de","14":"first","15":"instock","16":"sale","17":"purchasable","18":"product-type-simple"},"_links":{"self":[{"href":"https:\/\/lucacastelli.com\/de\/wp-json\/wp\/v2\/product\/463377","targetHints":{"allow":["GET"]}}],"collection":[{"href":"https:\/\/lucacastelli.com\/de\/wp-json\/wp\/v2\/product"}],"about":[{"href":"https:\/\/lucacastelli.com\/de\/wp-json\/wp\/v2\/types\/product"}],"wp:featuredmedia":[{"embeddable":true,"href":"https:\/\/lucacastelli.com\/de\/wp-json\/wp\/v2\/media\/442427"}],"wp:attachment":[{"href":"https:\/\/lucacastelli.com\/de\/wp-json\/wp\/v2\/media?parent=463377"}],"wp:term":[{"taxonomy":"product_brand","embeddable":true,"href":"https:\/\/lucacastelli.com\/de\/wp-json\/wp\/v2\/product_brand?post=463377"},{"taxonomy":"product_cat","embeddable":true,"href":"https:\/\/lucacastelli.com\/de\/wp-json\/wp\/v2\/product_cat?post=463377"},{"taxonomy":"product_tag","embeddable":true,"href":"https:\/\/lucacastelli.com\/de\/wp-json\/wp\/v2\/product_tag?post=463377"}],"curies":[{"name":"wp","href":"https:\/\/api.w.org\/{rel}","templated":true}]}}