{"id":463371,"date":"2025-06-01T08:24:19","date_gmt":"2025-06-01T06:24:19","guid":{"rendered":"https:\/\/lucacastelli.com\/prodotto\/motorisierte-buerste\/"},"modified":"2025-06-29T07:58:40","modified_gmt":"2025-06-29T05:58:40","slug":"motorisierte-buerste","status":"publish","type":"product","link":"https:\/\/lucacastelli.com\/de\/produkt\/motorisierte-buerste\/","title":{"rendered":"MILWAUKEE Motorisierte B\u00fcrste"},"content":{"rendered":"<p>Die motorisierte B\u00fcrste M12\u2122 ist der perfekte Aufsatz f\u00fcr die Reinigung von kleinen Ablagerungen und Schmutz auf Teppichen und rauen Oberfl\u00e4chen&lt;Br&gt;  Dank des universellen Anschlusses ist er kompatibel mit allen MILWAUKEE\u00ae Staubsaugern M12\u2122 und M18\u2122 und Staubsaugern mit den g\u00e4ngigsten Rohrgr\u00f6\u00dfen (Durchmesser 31,8 mm, 47,6 mm und 63,5 mm)&lt;Br&gt;  152 mm Reinigungsbreite, f\u00fcr die Reinigung von mehr als nicht motorisierten Standardd\u00fcsen&lt;Br&gt;  Gebogener B\u00fcrstenschuh, der sich drehen kann und sich nicht an Oberfl\u00e4chen verf\u00e4ngt, f\u00fcr ein besseres Nutzungserlebnis&lt;Br&gt;  Werkzeugloser Walzenwechsel  &lt;Br&gt;  LED-Licht an der Vorderseite der B\u00fcrste f\u00fcr maximale Sichtbarkeit&lt;Br&gt;  Kompatibel mit der AIR-TIP-Serie\u2122 von Staubsaugerzubeh\u00f6r&lt;Br&gt;  Maximale Leistung bieten der 4-polige B\u00fcrstenmotor, die REDLINK PLUS\u2122 Elektronik und das REDLITHIUM\u2122 Akkupack&lt;Br&gt;  Funktioniert mit allen MILWAUKEE\u00ae M12\u2122Akkus<\/p>\n<p>STRICHCODE: 4058546372552<\/p>\n<p>Technische<br \/>\nDaten Li-Ion<\/p>\n<p>Lieferung ohne Batterien, Lieferung ohne Ladeger\u00e4t, Lieferung ohne Kitbox oder Tasche<\/p>\n","protected":false},"excerpt":{"rendered":"<p>Die motorisierte B\u00fcrste M12\u2122 ist der perfekte Aufsatz f\u00fcr die Reinigung von kleinen Ablagerungen und Schmutz auf Teppichen und rauen<\/p>\n","protected":false},"featured_media":442390,"template":"","meta":{"_seopress_robots_primary_cat":"","_seopress_titles_title":"","_seopress_titles_desc":"","_seopress_robots_index":""},"product_brand":[3656],"product_cat":[169,1454],"product_tag":[3272],"class_list":{"0":"post-463371","1":"product","2":"type-product","3":"status-publish","4":"has-post-thumbnail","6":"product_brand-milwaukee-de","7":"product_cat-maschinen","8":"product_cat-andere-gerate","9":"product_tag-import-milwau-de","10":"sws-gruppo-macchinari-de","11":"sws-conto-ricavi-merci-rivendita-macchinari-de","12":"sws-gruppo-iva-iva81-de","14":"first","15":"instock","16":"sale","17":"purchasable","18":"product-type-simple"},"_links":{"self":[{"href":"https:\/\/lucacastelli.com\/de\/wp-json\/wp\/v2\/product\/463371","targetHints":{"allow":["GET"]}}],"collection":[{"href":"https:\/\/lucacastelli.com\/de\/wp-json\/wp\/v2\/product"}],"about":[{"href":"https:\/\/lucacastelli.com\/de\/wp-json\/wp\/v2\/types\/product"}],"wp:featuredmedia":[{"embeddable":true,"href":"https:\/\/lucacastelli.com\/de\/wp-json\/wp\/v2\/media\/442390"}],"wp:attachment":[{"href":"https:\/\/lucacastelli.com\/de\/wp-json\/wp\/v2\/media?parent=463371"}],"wp:term":[{"taxonomy":"product_brand","embeddable":true,"href":"https:\/\/lucacastelli.com\/de\/wp-json\/wp\/v2\/product_brand?post=463371"},{"taxonomy":"product_cat","embeddable":true,"href":"https:\/\/lucacastelli.com\/de\/wp-json\/wp\/v2\/product_cat?post=463371"},{"taxonomy":"product_tag","embeddable":true,"href":"https:\/\/lucacastelli.com\/de\/wp-json\/wp\/v2\/product_tag?post=463371"}],"curies":[{"name":"wp","href":"https:\/\/api.w.org\/{rel}","templated":true}]}}