{"id":463365,"date":"2025-06-01T08:22:44","date_gmt":"2025-06-01T06:22:44","guid":{"rendered":"https:\/\/lucacastelli.com\/prodotto\/delta-schleifmaschine\/"},"modified":"2025-06-29T07:58:34","modified_gmt":"2025-06-29T05:58:34","slug":"delta-schleifmaschine","status":"publish","type":"product","link":"https:\/\/lucacastelli.com\/de\/produkt\/delta-schleifmaschine\/","title":{"rendered":"MILWAUKEE Delta Schleifmaschine"},"content":{"rendered":"<p>Kompakter Deltaschleifer f\u00fcr Oberfl\u00e4chen, perfekt zum Erreichen von Ecken&lt;Br&gt;  Vier Geschwindigkeiten, um den Schliff an die Art des Materials anzupassen&lt;Br&gt;  Geringe Vibrationen von nur 4,3 m\/s\u00b2&lt;Br&gt;  Das Schleiftellerprofil erleichtert das Gl\u00e4tten der Profile und Konturen und verbessert die Pr\u00e4zision&lt;Br&gt;  Die St\u00fctzteller k\u00f6nnen einfach gewechselt werden&lt;Br&gt;  LED-Licht beleuchtet den Arbeitsbereich&lt;Br&gt;  Der b\u00fcrstenlose POWERSTATE-Motor\u2122 garantiert Leistung auch unter Last, w\u00e4hrend die REDLINK PLUS-Elektronik\u2122 einen h\u00f6heren \u00dcberlastschutz f\u00fcr Werkzeug und Akku bietet und so eine l\u00e4ngere Lebensdauer in Heavy-Duty-Anwendungen gew\u00e4hrleistet. Die REDLITHIUM-Batterie\u2122 sorgt f\u00fcr eine fortschrittliche Akkukonstruktion und gleichbleibende Leistung, um eine l\u00e4ngere Laufzeit zu gew\u00e4hrleisten und die Akkulaufzeit&lt;zu maximieren. Funktioniert&gt; mit allen Batterien der M12-Plattform\u2122. <\/p>\n<p>STRICHCODE: 4058546374747<\/p>\n<p>Technische<br \/>\nDaten Sac de transport<\/p>\n<p>Lieferung ohne Batterien, Lieferung ohne Ladeger\u00e4t, Tasche<\/p>\n","protected":false},"excerpt":{"rendered":"<p>Kompakter Deltaschleifer f\u00fcr Oberfl\u00e4chen, perfekt zum Erreichen von Ecken&lt;Br&gt; Vier Geschwindigkeiten, um den Schliff an die Art des Materials anzupassen&lt;Br&gt;<\/p>\n","protected":false},"featured_media":442353,"template":"","meta":{"_seopress_robots_primary_cat":"","_seopress_titles_title":"","_seopress_titles_desc":"","_seopress_robots_index":""},"product_brand":[3656],"product_cat":[1454,169],"product_tag":[3272],"class_list":{"0":"post-463365","1":"product","2":"type-product","3":"status-publish","4":"has-post-thumbnail","6":"product_brand-milwaukee-de","7":"product_cat-andere-gerate","8":"product_cat-maschinen","9":"product_tag-import-milwau-de","10":"sws-gruppo-macchinari-de","11":"sws-conto-ricavi-merci-rivendita-macchinari-de","12":"sws-gruppo-iva-iva81-de","14":"first","15":"instock","16":"sale","17":"purchasable","18":"product-type-simple"},"_links":{"self":[{"href":"https:\/\/lucacastelli.com\/de\/wp-json\/wp\/v2\/product\/463365","targetHints":{"allow":["GET"]}}],"collection":[{"href":"https:\/\/lucacastelli.com\/de\/wp-json\/wp\/v2\/product"}],"about":[{"href":"https:\/\/lucacastelli.com\/de\/wp-json\/wp\/v2\/types\/product"}],"wp:featuredmedia":[{"embeddable":true,"href":"https:\/\/lucacastelli.com\/de\/wp-json\/wp\/v2\/media\/442353"}],"wp:attachment":[{"href":"https:\/\/lucacastelli.com\/de\/wp-json\/wp\/v2\/media?parent=463365"}],"wp:term":[{"taxonomy":"product_brand","embeddable":true,"href":"https:\/\/lucacastelli.com\/de\/wp-json\/wp\/v2\/product_brand?post=463365"},{"taxonomy":"product_cat","embeddable":true,"href":"https:\/\/lucacastelli.com\/de\/wp-json\/wp\/v2\/product_cat?post=463365"},{"taxonomy":"product_tag","embeddable":true,"href":"https:\/\/lucacastelli.com\/de\/wp-json\/wp\/v2\/product_tag?post=463365"}],"curies":[{"name":"wp","href":"https:\/\/api.w.org\/{rel}","templated":true}]}}