{"id":463361,"date":"2025-06-01T08:12:10","date_gmt":"2025-06-01T06:12:10","guid":{"rendered":"https:\/\/lucacastelli.com\/prodotto\/digitaler-drehmomentschluessel-3\/"},"modified":"2025-06-29T07:59:21","modified_gmt":"2025-06-29T05:59:21","slug":"digitaler-drehmomentschluessel-3","status":"publish","type":"product","link":"https:\/\/lucacastelli.com\/de\/produkt\/digitaler-drehmomentschluessel-3\/","title":{"rendered":"MILWAUKEE Digitaler Drehmomentschl\u00fcssel"},"content":{"rendered":"<p>Der erste digitale Drehmomentschl\u00fcssel Milwaukee bietet eine bis zu 50 % schnellere Installation durch den Austausch des Handwerkzeugs\u00ae&lt;Br&gt;  Er bietet ein Drehmoment von 16,9 bis 203,4 Nm mit einer Genauigkeit von \u00b12 %&lt;Br&gt;  Schnellere Verschraubungsberichte dank des ONE-KEY-Systems\u2122, das Daten \u00fcber die durchgef\u00fchrten Anwendungen liefert&lt;Br&gt;  Einstellbares Drehmomentniveau, um ein \u00dcberschreiten des Limits zu vermeiden&lt;Br&gt;  Vier Messsysteme (ft-lb, in-lb, Nm, Kg-cm)&lt;Br&gt;  Extrem robust&lt;Br&gt;  Audiophone, visuelle und taktile Benachrichtigungen, um zu signalisieren, dass Sie das eingestellte Niveau erreichen, die Anwendung abschlie\u00dfen oder das gew\u00fcnschte Anzugsdrehmoment \u00fcberschreiten&lt;Br&gt;  Sechs vorprogrammierte Sprachen, darunter Englisch, Italienisch, Spanisch und Franz\u00f6sisch&lt;Br&gt;  Die FUEL-Technologie\u2122 definiert kabellose Elektrowerkzeuge neu. B\u00fcrstenloser Motor, REDLINK PLUS-Elektronik\u2122 und REDLITHIUM-Akku\u2122 sorgen f\u00fcr \u00fcberlegene&lt;Leistung und Haltbarkeit br&gt; Funktioniert mit allen MILWAUKEE\u00ae M12-Akkus\u2122 <\/p>\n<p>STRICHCODE: 4058546229146<\/p>\n<p>Technische<br \/>\nDaten 2.6 (M12 B2)<\/p>\n<p>Lieferung ohne Batterien, Lieferung ohne Ladeger\u00e4t, Barcase<\/p>\n","protected":false},"excerpt":{"rendered":"<p>Der erste digitale Drehmomentschl\u00fcssel Milwaukee bietet eine bis zu 50 % schnellere Installation durch den Austausch des Handwerkzeugs\u00ae&lt;Br&gt; Er bietet<\/p>\n","protected":false},"featured_media":442143,"template":"","meta":{"_seopress_robots_primary_cat":"","_seopress_titles_title":"","_seopress_titles_desc":"","_seopress_robots_index":""},"product_brand":[3407],"product_cat":[29,514],"product_tag":[3270],"class_list":{"0":"post-463361","1":"product","2":"type-product","3":"status-publish","4":"has-post-thumbnail","6":"product_brand-milwaukee","7":"product_cat-macchinari","8":"product_cat-altri-dispositivi","9":"product_tag-import-milwau","10":"sws-gruppo-macchinari-de","11":"sws-conto-ricavi-merci-rivendita-macchinari-de","12":"sws-gruppo-iva-iva81-de","14":"first","15":"instock","16":"sale","17":"purchasable","18":"product-type-simple"},"_links":{"self":[{"href":"https:\/\/lucacastelli.com\/de\/wp-json\/wp\/v2\/product\/463361","targetHints":{"allow":["GET"]}}],"collection":[{"href":"https:\/\/lucacastelli.com\/de\/wp-json\/wp\/v2\/product"}],"about":[{"href":"https:\/\/lucacastelli.com\/de\/wp-json\/wp\/v2\/types\/product"}],"wp:featuredmedia":[{"embeddable":true,"href":"https:\/\/lucacastelli.com\/de\/wp-json\/wp\/v2\/media\/442143"}],"wp:attachment":[{"href":"https:\/\/lucacastelli.com\/de\/wp-json\/wp\/v2\/media?parent=463361"}],"wp:term":[{"taxonomy":"product_brand","embeddable":true,"href":"https:\/\/lucacastelli.com\/de\/wp-json\/wp\/v2\/product_brand?post=463361"},{"taxonomy":"product_cat","embeddable":true,"href":"https:\/\/lucacastelli.com\/de\/wp-json\/wp\/v2\/product_cat?post=463361"},{"taxonomy":"product_tag","embeddable":true,"href":"https:\/\/lucacastelli.com\/de\/wp-json\/wp\/v2\/product_tag?post=463361"}],"curies":[{"name":"wp","href":"https:\/\/api.w.org\/{rel}","templated":true}]}}