{"id":463356,"date":"2025-06-01T08:15:16","date_gmt":"2025-06-01T06:15:16","guid":{"rendered":"https:\/\/lucacastelli.com\/prodotto\/loetkolben\/"},"modified":"2025-06-29T07:58:55","modified_gmt":"2025-06-29T05:58:55","slug":"loetkolben","status":"publish","type":"product","link":"https:\/\/lucacastelli.com\/de\/produkt\/loetkolben\/","title":{"rendered":"MILWAUKEE Schwei\u00dfer"},"content":{"rendered":"<p>Extrem schnelles Aufheizen, in 20 &#8211; 30 Sekunden einsatzbereit&lt;Br&gt;  Kopf arretierbar in 3 Positionen (0\u00b0, 45\u00b0, 90\u00b0), f\u00fcr maximale Vielseitigkeit&lt;Br&gt;  Werkzeuglos austauschbare Bohrer&lt;Br&gt;  Zweifarbiges LED-Licht: blinkt gr\u00fcn w\u00e4hrend des Aufw\u00e4rmens, konstant gr\u00fcn f\u00fcr den Gebrauch und konstant rot, wenn das Ger\u00e4t ausgeschaltet ist, aber noch warm&lt;Br&gt;  Temperatur\u00fcberwachung zur Aufrechterhaltung der W\u00e4rme w\u00e4hrend der Anwendung&lt;Br&gt;  LED-Licht zur Ausleuchtung des Anwendungsbereichs&lt;Br&gt;  Kompatibel mit allen Milwaukee\u00ae M12\u2122 Akkus  <\/p>\n<p>STRICHCODE: 4058546029326<\/p>\n<p>Technische<br \/>\nDaten 90<\/p>\n<p>Lieferung ohne Batterien, Lieferung ohne Ladeger\u00e4t, Lieferung ohne Kitbox oder Tasche, Bleistiftspitze, Mei\u00dfelspitze<\/p>\n","protected":false},"excerpt":{"rendered":"<p>Extrem schnelles Aufheizen, in 20 &#8211; 30 Sekunden einsatzbereit&lt;Br&gt; Kopf arretierbar in 3 Positionen (0\u00b0, 45\u00b0, 90\u00b0), f\u00fcr maximale Vielseitigkeit&lt;Br&gt;<\/p>\n","protected":false},"featured_media":442205,"template":"","meta":{"_seopress_robots_primary_cat":"","_seopress_titles_title":"","_seopress_titles_desc":"","_seopress_robots_index":""},"product_brand":[3407],"product_cat":[29,514],"product_tag":[3270],"class_list":{"0":"post-463356","1":"product","2":"type-product","3":"status-publish","4":"has-post-thumbnail","6":"product_brand-milwaukee","7":"product_cat-macchinari","8":"product_cat-altri-dispositivi","9":"product_tag-import-milwau","10":"sws-gruppo-macchinari-de","11":"sws-conto-ricavi-merci-rivendita-macchinari-de","12":"sws-gruppo-iva-iva81-de","14":"first","15":"instock","16":"sale","17":"purchasable","18":"product-type-simple"},"_links":{"self":[{"href":"https:\/\/lucacastelli.com\/de\/wp-json\/wp\/v2\/product\/463356","targetHints":{"allow":["GET"]}}],"collection":[{"href":"https:\/\/lucacastelli.com\/de\/wp-json\/wp\/v2\/product"}],"about":[{"href":"https:\/\/lucacastelli.com\/de\/wp-json\/wp\/v2\/types\/product"}],"wp:featuredmedia":[{"embeddable":true,"href":"https:\/\/lucacastelli.com\/de\/wp-json\/wp\/v2\/media\/442205"}],"wp:attachment":[{"href":"https:\/\/lucacastelli.com\/de\/wp-json\/wp\/v2\/media?parent=463356"}],"wp:term":[{"taxonomy":"product_brand","embeddable":true,"href":"https:\/\/lucacastelli.com\/de\/wp-json\/wp\/v2\/product_brand?post=463356"},{"taxonomy":"product_cat","embeddable":true,"href":"https:\/\/lucacastelli.com\/de\/wp-json\/wp\/v2\/product_cat?post=463356"},{"taxonomy":"product_tag","embeddable":true,"href":"https:\/\/lucacastelli.com\/de\/wp-json\/wp\/v2\/product_tag?post=463356"}],"curies":[{"name":"wp","href":"https:\/\/api.w.org\/{rel}","templated":true}]}}