{"id":463339,"date":"2025-06-01T07:58:18","date_gmt":"2025-06-01T05:58:18","guid":{"rendered":"https:\/\/lucacastelli.com\/prodotto\/hinterteil\/"},"modified":"2025-06-29T08:00:08","modified_gmt":"2025-06-29T06:00:08","slug":"hinterteil","status":"publish","type":"product","link":"https:\/\/lucacastelli.com\/de\/produkt\/hinterteil\/","title":{"rendered":"MILWAUKEE Rump M\u00fchle"},"content":{"rendered":"<p>Optimale Leistung auch auf Harth\u00f6lzern&lt;Br&gt;  Extrem schnelle Befestigung (minimierte Brennzeit)&lt;Br&gt;  Minimale Wartung (kein Gas) und Reinigung erforderlich&lt;Br&gt;  Kompatibel mit 1,6 mm B\u00fcrzen&lt;Br&gt;  Ausgestattet mit verschiedenen D\u00fcsen, um das beste Finish f\u00fcr jede Art von Anwendung zu gew\u00e4hrleisten&lt;Br&gt;  Erm\u00f6glicht das Abbrennen des Nagels in einem spitzeren Winkel f\u00fcr maximale Vielseitigkeit&lt;Br&gt;  Schnelle und einfache Einstellung der Hubtiefe (ohne Werkzeug)&lt;Br&gt;  Werkzeugklemmen kurz bevor die B\u00fcrzel im Magazin ausgehen&lt;Br&gt;  Bis zu 1.200 B\u00fcrze mit einer 2,0 Ah REDLITHIUM-Batterie\u2122&lt;Br&gt;  Schneller und einfacher Zugang zu festsitzenden Becken&lt;Br&gt;  LED-Licht f\u00fcr eine bessere Sicht auf die Haltestelle&lt;Br&gt;  B\u00fcrstenloser Motor, REDLINK PLUS-Elektronik\u2122 und REDLITHIUM-Akku\u2122 sorgen f\u00fcr \u00fcberlegene Leistung und Haltbarkeit&lt;Br&gt;  Funktioniert mit allen MILWAUKEE\u00ae M18\u2122 Akkus<\/p>\n<p>STRICHCODE: 4058546340278<\/p>\n<p>Technische<br \/>\nDaten 20<\/p>\n<p>Lieferung ohne Batterien, Lieferung ohne Ladeger\u00e4t, HeavyDuty Koffer<\/p>\n","protected":false},"excerpt":{"rendered":"<p>Optimale Leistung auch auf Harth\u00f6lzern&lt;Br&gt; Extrem schnelle Befestigung (minimierte Brennzeit)&lt;Br&gt; Minimale Wartung (kein Gas) und Reinigung erforderlich&lt;Br&gt; Kompatibel mit 1,6<\/p>\n","protected":false},"featured_media":441900,"template":"","meta":{"_seopress_robots_primary_cat":"","_seopress_titles_title":"","_seopress_titles_desc":"","_seopress_robots_index":""},"product_brand":[3656],"product_cat":[1454,169],"product_tag":[3272],"class_list":{"0":"post-463339","1":"product","2":"type-product","3":"status-publish","4":"has-post-thumbnail","6":"product_brand-milwaukee-de","7":"product_cat-andere-gerate","8":"product_cat-maschinen","9":"product_tag-import-milwau-de","10":"sws-gruppo-macchinari-de","11":"sws-conto-ricavi-merci-rivendita-macchinari-de","12":"sws-gruppo-iva-iva81-de","14":"first","15":"instock","16":"sale","17":"purchasable","18":"product-type-simple"},"_links":{"self":[{"href":"https:\/\/lucacastelli.com\/de\/wp-json\/wp\/v2\/product\/463339","targetHints":{"allow":["GET"]}}],"collection":[{"href":"https:\/\/lucacastelli.com\/de\/wp-json\/wp\/v2\/product"}],"about":[{"href":"https:\/\/lucacastelli.com\/de\/wp-json\/wp\/v2\/types\/product"}],"wp:featuredmedia":[{"embeddable":true,"href":"https:\/\/lucacastelli.com\/de\/wp-json\/wp\/v2\/media\/441900"}],"wp:attachment":[{"href":"https:\/\/lucacastelli.com\/de\/wp-json\/wp\/v2\/media?parent=463339"}],"wp:term":[{"taxonomy":"product_brand","embeddable":true,"href":"https:\/\/lucacastelli.com\/de\/wp-json\/wp\/v2\/product_brand?post=463339"},{"taxonomy":"product_cat","embeddable":true,"href":"https:\/\/lucacastelli.com\/de\/wp-json\/wp\/v2\/product_cat?post=463339"},{"taxonomy":"product_tag","embeddable":true,"href":"https:\/\/lucacastelli.com\/de\/wp-json\/wp\/v2\/product_tag?post=463339"}],"curies":[{"name":"wp","href":"https:\/\/api.w.org\/{rel}","templated":true}]}}