{"id":463330,"date":"2025-06-01T07:52:40","date_gmt":"2025-06-01T05:52:40","guid":{"rendered":"https:\/\/lucacastelli.com\/prodotto\/bandschleifmaschine\/"},"modified":"2025-06-29T08:00:31","modified_gmt":"2025-06-29T06:00:31","slug":"bandschleifmaschine","status":"publish","type":"product","link":"https:\/\/lucacastelli.com\/de\/produkt\/bandschleifmaschine\/","title":{"rendered":"MILWAUKEE Bandschleifer"},"content":{"rendered":"<p>Durch das kompakte Design und die flache Front eignet sich der Schleifer M18 FBTS75 perfekt f\u00fcr den Einsatz in der N\u00e4he von W\u00e4nden oder Ecken und ist damit ideal f\u00fcr Gehweganwendungen&lt;Br&gt;  F\u00e4ngt 90 % des Staubs dank der speziellen L\u00f6cher auf und sammelt ihn in dem mehrschichtigen Beutel im Inneren der Verpackung&lt;Br&gt;  Variable Geschwindigkeit zwischen 230 und 410 m\/s&lt;Br&gt;  Der vordere Griff kann ohne den Einsatz von Werkzeugen bewegt werden, so dass der Benutzer in der bevorzugten Position arbeiten kann&lt;Br&gt;  Standard-Schleifbandabmessungen 75 x 457 mm&lt;Br&gt;  Der Wechsel des Schleifbandes ist einfach und pr\u00e4zise ohne den Einsatz von Werkzeugen&lt;Br&gt;  LEDs an der Front und an den Seiten sorgen f\u00fcr eine 180\u00b0-Ausleuchtung&lt;Br&gt;  Die FUEL-Technologie\u2122 definiert kabellose Elektrowerkzeuge neu. B\u00fcrstenloser Motor, REDLINK PLUS-Elektronik\u2122 und REDLITHIUM-Akku\u2122 bieten \u00fcberlegene&lt;Leistung und Haltbarkeit br&gt; Funktioniert mit allen MILWAUKEE\u00ae M18-Akkus\u2122 <\/p>\n<p>STRICHCODE: 4058546374082<\/p>\n<p>Technische<br \/>\nDaten 75<\/p>\n<p>Lieferung ohne Batterien, Lieferung ohne Ladeger\u00e4t, Lieferung ohne Kitbox oder Tasche, Staubbeutel, Schleifband<\/p>\n","protected":false},"excerpt":{"rendered":"<p>Durch das kompakte Design und die flache Front eignet sich der Schleifer M18 FBTS75 perfekt f\u00fcr den Einsatz in der<\/p>\n","protected":false},"featured_media":441789,"template":"","meta":{"_seopress_robots_primary_cat":"","_seopress_titles_title":"","_seopress_titles_desc":"","_seopress_robots_index":""},"product_brand":[3656],"product_cat":[1454,169],"product_tag":[3272],"class_list":{"0":"post-463330","1":"product","2":"type-product","3":"status-publish","4":"has-post-thumbnail","6":"product_brand-milwaukee-de","7":"product_cat-andere-gerate","8":"product_cat-maschinen","9":"product_tag-import-milwau-de","10":"sws-gruppo-macchinari-de","11":"sws-conto-ricavi-merci-rivendita-macchinari-de","12":"sws-gruppo-iva-iva81-de","14":"first","15":"instock","16":"sale","17":"purchasable","18":"product-type-simple"},"_links":{"self":[{"href":"https:\/\/lucacastelli.com\/de\/wp-json\/wp\/v2\/product\/463330","targetHints":{"allow":["GET"]}}],"collection":[{"href":"https:\/\/lucacastelli.com\/de\/wp-json\/wp\/v2\/product"}],"about":[{"href":"https:\/\/lucacastelli.com\/de\/wp-json\/wp\/v2\/types\/product"}],"wp:featuredmedia":[{"embeddable":true,"href":"https:\/\/lucacastelli.com\/de\/wp-json\/wp\/v2\/media\/441789"}],"wp:attachment":[{"href":"https:\/\/lucacastelli.com\/de\/wp-json\/wp\/v2\/media?parent=463330"}],"wp:term":[{"taxonomy":"product_brand","embeddable":true,"href":"https:\/\/lucacastelli.com\/de\/wp-json\/wp\/v2\/product_brand?post=463330"},{"taxonomy":"product_cat","embeddable":true,"href":"https:\/\/lucacastelli.com\/de\/wp-json\/wp\/v2\/product_cat?post=463330"},{"taxonomy":"product_tag","embeddable":true,"href":"https:\/\/lucacastelli.com\/de\/wp-json\/wp\/v2\/product_tag?post=463330"}],"curies":[{"name":"wp","href":"https:\/\/api.w.org\/{rel}","templated":true}]}}