{"id":463324,"date":"2025-06-01T07:50:53","date_gmt":"2025-06-01T05:50:53","guid":{"rendered":"https:\/\/lucacastelli.com\/prodotto\/exzenterschleifer-3\/"},"modified":"2025-06-29T08:00:25","modified_gmt":"2025-06-29T06:00:25","slug":"exzenterschleifer-3","status":"publish","type":"product","link":"https:\/\/lucacastelli.com\/de\/produkt\/exzenterschleifer-3\/","title":{"rendered":"MILWAUKEE Exzenterschleifer"},"content":{"rendered":"<p>Der Hochleistungsmotor leistet 11.000 bis 13.000 H\u00fcbe pro Minute und erh\u00f6ht so den Materialabtrag&lt;Br&gt;  Sechs Geschwindigkeiten k\u00f6nnen je nach zu behandelndem Material eingestellt werden&lt;Br&gt;  Universeller Schleifteller f\u00fcr schnellen und einfachen Schleifblattwechsel  &lt;Br&gt;  Clip zum Arretieren von Schleifbl\u00e4ttern&lt;Br&gt;  Abgesenkter Knopf mit rutschfestem Gummi \u00fcberzogen&lt;Br&gt;  Die Orbitalbewegung sorgt f\u00fcr perfekte Oberfl\u00e4chen mit geringen Vibrationen bei nur 5,23 m\/s\u00b2&lt;Br&gt;  Inklusive Plattform zum Bohren von Schleifbl\u00e4ttern&lt;Br&gt;  Der REDLITHIUM-Akku\u2122 bietet eine \u00fcberlegene Akku-Konstruktion, Elektronik und gleichbleibende Leistung, um mehr Laufzeit und mehr Arbeit \u00fcber die gesamte Lebensdauer des Akkus zu liefern, w\u00e4hrend die REDLINK-Elektronik\u2122 das Werkzeug und den Akku vor \u00dcberladung sch\u00fctzt und so eine l\u00e4ngere Lebensdauer erm\u00f6glicht&lt;Br&gt;  Kann mit allen Batterien der M18-Plattform\u2122 verwendet werden<\/p>\n<p>STRICHCODE: 4058546377601<\/p>\n<p>Technische<br \/>\nDaten Aucun sac ni box fourni<\/p>\n<p>Lieferung ohne Batterien, Lieferung ohne Ladeger\u00e4t, Lieferung ohne Kitbox oder Tasche, Sp\u00e4nesack, Bohrplattform, Auflagebasis, Schleifbl\u00e4tter<\/p>\n","protected":false},"excerpt":{"rendered":"<p>Der Hochleistungsmotor leistet 11.000 bis 13.000 H\u00fcbe pro Minute und erh\u00f6ht so den Materialabtrag&lt;Br&gt; Sechs Geschwindigkeiten k\u00f6nnen je nach zu<\/p>\n","protected":false},"featured_media":441752,"template":"","meta":{"_seopress_robots_primary_cat":"","_seopress_titles_title":"","_seopress_titles_desc":"","_seopress_robots_index":""},"product_brand":[3656],"product_cat":[1454,169],"product_tag":[3272],"class_list":{"0":"post-463324","1":"product","2":"type-product","3":"status-publish","4":"has-post-thumbnail","6":"product_brand-milwaukee-de","7":"product_cat-andere-gerate","8":"product_cat-maschinen","9":"product_tag-import-milwau-de","10":"sws-gruppo-macchinari-de","11":"sws-conto-ricavi-merci-rivendita-macchinari-de","12":"sws-gruppo-iva-iva81-de","14":"first","15":"instock","16":"sale","17":"purchasable","18":"product-type-simple"},"_links":{"self":[{"href":"https:\/\/lucacastelli.com\/de\/wp-json\/wp\/v2\/product\/463324","targetHints":{"allow":["GET"]}}],"collection":[{"href":"https:\/\/lucacastelli.com\/de\/wp-json\/wp\/v2\/product"}],"about":[{"href":"https:\/\/lucacastelli.com\/de\/wp-json\/wp\/v2\/types\/product"}],"wp:featuredmedia":[{"embeddable":true,"href":"https:\/\/lucacastelli.com\/de\/wp-json\/wp\/v2\/media\/441752"}],"wp:attachment":[{"href":"https:\/\/lucacastelli.com\/de\/wp-json\/wp\/v2\/media?parent=463324"}],"wp:term":[{"taxonomy":"product_brand","embeddable":true,"href":"https:\/\/lucacastelli.com\/de\/wp-json\/wp\/v2\/product_brand?post=463324"},{"taxonomy":"product_cat","embeddable":true,"href":"https:\/\/lucacastelli.com\/de\/wp-json\/wp\/v2\/product_cat?post=463324"},{"taxonomy":"product_tag","embeddable":true,"href":"https:\/\/lucacastelli.com\/de\/wp-json\/wp\/v2\/product_tag?post=463324"}],"curies":[{"name":"wp","href":"https:\/\/api.w.org\/{rel}","templated":true}]}}