{"id":463250,"date":"2025-06-01T04:06:11","date_gmt":"2025-06-01T02:06:11","guid":{"rendered":"https:\/\/lucacastelli.com\/prodotto\/care-clean-imow-mower-plus-kit-vorteilspaket\/"},"modified":"2025-06-28T03:59:16","modified_gmt":"2025-06-28T01:59:16","slug":"care-clean-imow-mower-plus-kit-vorteilspaket","status":"publish","type":"product","link":"https:\/\/lucacastelli.com\/de\/produkt\/care-clean-imow-mower-plus-kit-vorteilspaket\/","title":{"rendered":"STIHL Care Clean iMOW\u00ae Mower Plus Kit Vorteilspaket"},"content":{"rendered":"<p>Pflegeverst\u00e4rker; Das Clean Kit ist ideal f\u00fcr Besitzer von iMOW\u00ae M\u00e4hrobotern oder STIHL Rasenm\u00e4hern f\u00fcr eine einfache und effektive Reinigung. Die regelm\u00e4\u00dfige Wartung des iMOW-Geh\u00e4uses\u00ae, des M\u00e4hers und der Dockingstation gew\u00e4hrleistet die lange Lebensdauer und Leistung dieses Ger\u00e4ts. <\/p>\n<p>Das STIHL Care Kit amp; Clean enth\u00e4lt alle notwendigen Komponenten f\u00fcr Reinigung und Pflege:<\/p>\n<p>&#8211; 500 ml STIHL Multiclean<br \/>\n &#8211; Reinigungsb\u00fcrste mit Schaber<br \/>\n &#8211; 2 x Mikrofasertuch<br \/>\n &#8211; eine 886661651153 Tragetasche<\/p>\n","protected":false},"excerpt":{"rendered":"<p>Care Clean iMOW\u00ae Mower Plus Kit Vorteilspaket<\/p>\n","protected":false},"featured_media":440738,"template":"","meta":{"_seopress_robots_primary_cat":"","_seopress_titles_title":"","_seopress_titles_desc":"","_seopress_robots_index":""},"product_brand":[3366],"product_cat":[259,260],"product_tag":[3265],"class_list":{"0":"post-463250","1":"product","2":"type-product","3":"status-publish","4":"has-post-thumbnail","6":"product_brand-stihl","7":"product_cat-carburanti-e-olii","8":"product_cat-lubrificanti","9":"product_tag-import-stihl","10":"sws-gruppo-macchinari-de","11":"sws-conto-ricavi-merci-rivendita-carburante-stihl-de","12":"sws-gruppo-iva-iva81-de","14":"first","15":"onbackorder","16":"purchasable","17":"product-type-simple"},"_links":{"self":[{"href":"https:\/\/lucacastelli.com\/de\/wp-json\/wp\/v2\/product\/463250","targetHints":{"allow":["GET"]}}],"collection":[{"href":"https:\/\/lucacastelli.com\/de\/wp-json\/wp\/v2\/product"}],"about":[{"href":"https:\/\/lucacastelli.com\/de\/wp-json\/wp\/v2\/types\/product"}],"wp:featuredmedia":[{"embeddable":true,"href":"https:\/\/lucacastelli.com\/de\/wp-json\/wp\/v2\/media\/440738"}],"wp:attachment":[{"href":"https:\/\/lucacastelli.com\/de\/wp-json\/wp\/v2\/media?parent=463250"}],"wp:term":[{"taxonomy":"product_brand","embeddable":true,"href":"https:\/\/lucacastelli.com\/de\/wp-json\/wp\/v2\/product_brand?post=463250"},{"taxonomy":"product_cat","embeddable":true,"href":"https:\/\/lucacastelli.com\/de\/wp-json\/wp\/v2\/product_cat?post=463250"},{"taxonomy":"product_tag","embeddable":true,"href":"https:\/\/lucacastelli.com\/de\/wp-json\/wp\/v2\/product_tag?post=463250"}],"curies":[{"name":"wp","href":"https:\/\/api.w.org\/{rel}","templated":true}]}}