{"id":463244,"date":"2025-06-01T04:04:27","date_gmt":"2025-06-01T02:04:27","guid":{"rendered":"https:\/\/lucacastelli.com\/prodotto\/superclean-50-ml\/"},"modified":"2025-06-01T04:04:27","modified_gmt":"2025-06-01T02:04:27","slug":"superclean-50-ml","status":"publish","type":"product","link":"https:\/\/lucacastelli.com\/de\/produkt\/superclean-50-ml\/","title":{"rendered":"Superclean, 50 ml"},"content":{"rendered":"<p>300 ml Spraydose. L\u00f6semittelspray zum Reinigen und Schmieren von Schneidger\u00e4ten, Heckenscherenmessern und Kettens\u00e4genmessern. Speziell zum L\u00f6sen von Harzen.<br \/>\n795711861780  <\/p>\n","protected":false},"excerpt":{"rendered":"<p>Superclean, 50 ml<\/p>\n","protected":false},"featured_media":428790,"template":"","meta":{"_seopress_robots_primary_cat":"","_seopress_titles_title":"","_seopress_titles_desc":"","_seopress_robots_index":""},"product_brand":[3554],"product_cat":[1436,1448],"product_tag":[3266],"class_list":{"0":"post-463244","1":"product","2":"type-product","3":"status-publish","4":"has-post-thumbnail","6":"product_brand-stihl-de","7":"product_cat-kraftstoffe-und-ole","8":"product_cat-schmiermittel","9":"product_tag-import-stihl-de","10":"sws-gruppo-macchinari-de","11":"sws-conto-ricavi-merci-rivendita-carburante-stihl-de","12":"sws-gruppo-iva-iva81-de","14":"first","15":"onbackorder","16":"purchasable","17":"product-type-simple"},"_links":{"self":[{"href":"https:\/\/lucacastelli.com\/de\/wp-json\/wp\/v2\/product\/463244","targetHints":{"allow":["GET"]}}],"collection":[{"href":"https:\/\/lucacastelli.com\/de\/wp-json\/wp\/v2\/product"}],"about":[{"href":"https:\/\/lucacastelli.com\/de\/wp-json\/wp\/v2\/types\/product"}],"wp:featuredmedia":[{"embeddable":true,"href":"https:\/\/lucacastelli.com\/de\/wp-json\/wp\/v2\/media\/428790"}],"wp:attachment":[{"href":"https:\/\/lucacastelli.com\/de\/wp-json\/wp\/v2\/media?parent=463244"}],"wp:term":[{"taxonomy":"product_brand","embeddable":true,"href":"https:\/\/lucacastelli.com\/de\/wp-json\/wp\/v2\/product_brand?post=463244"},{"taxonomy":"product_cat","embeddable":true,"href":"https:\/\/lucacastelli.com\/de\/wp-json\/wp\/v2\/product_cat?post=463244"},{"taxonomy":"product_tag","embeddable":true,"href":"https:\/\/lucacastelli.com\/de\/wp-json\/wp\/v2\/product_tag?post=463244"}],"curies":[{"name":"wp","href":"https:\/\/api.w.org\/{rel}","templated":true}]}}