{"id":463243,"date":"2025-06-01T04:03:34","date_gmt":"2025-06-01T02:03:34","guid":{"rendered":"https:\/\/lucacastelli.com\/prodotto\/moto4plus-5-l\/"},"modified":"2025-06-28T18:07:09","modified_gmt":"2025-06-28T16:07:09","slug":"moto4plus-5-l","status":"publish","type":"product","link":"https:\/\/lucacastelli.com\/de\/produkt\/moto4plus-5-l\/","title":{"rendered":"STIHL Moto4Plus, 5 l"},"content":{"rendered":"<p>Speziell f\u00fcrSTIHL kleine 4-Takt-Motoren<br \/>\n entwickeltes Werkzeugbenzin. Es enth\u00e4lt kein Ethanol,<br \/>\n ist fast frei von Olefinen und aromatischen Verbindungen. Die reduzierten<br \/>\nEmissionen machen es zu einem Produkt, das f\u00fcr Mensch und Motor nicht sch\u00e4dlich ist.<br \/>\nHervorragende Lagerf\u00e4higkeit f\u00fcr bis zu 5 Jahre. Zuverl\u00e4ssige Leistung<br \/>\naus einer Hand. STIHL<br \/>\n small 4-Takt und STIHL Moto4Plus Motoren sind perfekt<br \/>\naufeinander abgestimmt und wurden Dutzenden von Tests f\u00fcr die unterschiedlichsten<br \/>\nEinsatzzwecke unterzogen.<br \/>\n886661847693    <\/p>\n<p>Anteil nachwachsender Rohstoffe 0<\/p>\n","protected":false},"excerpt":{"rendered":"<p>Moto4Plus, 5 l<\/p>\n","protected":false},"featured_media":440654,"template":"","meta":{"_seopress_robots_primary_cat":"","_seopress_titles_title":"","_seopress_titles_desc":"","_seopress_robots_index":""},"product_brand":[3554],"product_cat":[1442,1436],"product_tag":[3266],"class_list":{"0":"post-463243","1":"product","2":"type-product","3":"status-publish","4":"has-post-thumbnail","6":"product_brand-stihl-de","7":"product_cat-kraftstoffe","8":"product_cat-kraftstoffe-und-ole","9":"product_tag-import-stihl-de","10":"sws-gruppo-macchinari-de","11":"sws-conto-ricavi-merci-rivendita-carburante-stihl-de","12":"sws-gruppo-iva-iva81-de","14":"first","15":"onbackorder","16":"purchasable","17":"product-type-simple"},"_links":{"self":[{"href":"https:\/\/lucacastelli.com\/de\/wp-json\/wp\/v2\/product\/463243","targetHints":{"allow":["GET"]}}],"collection":[{"href":"https:\/\/lucacastelli.com\/de\/wp-json\/wp\/v2\/product"}],"about":[{"href":"https:\/\/lucacastelli.com\/de\/wp-json\/wp\/v2\/types\/product"}],"wp:featuredmedia":[{"embeddable":true,"href":"https:\/\/lucacastelli.com\/de\/wp-json\/wp\/v2\/media\/440654"}],"wp:attachment":[{"href":"https:\/\/lucacastelli.com\/de\/wp-json\/wp\/v2\/media?parent=463243"}],"wp:term":[{"taxonomy":"product_brand","embeddable":true,"href":"https:\/\/lucacastelli.com\/de\/wp-json\/wp\/v2\/product_brand?post=463243"},{"taxonomy":"product_cat","embeddable":true,"href":"https:\/\/lucacastelli.com\/de\/wp-json\/wp\/v2\/product_cat?post=463243"},{"taxonomy":"product_tag","embeddable":true,"href":"https:\/\/lucacastelli.com\/de\/wp-json\/wp\/v2\/product_tag?post=463243"}],"curies":[{"name":"wp","href":"https:\/\/api.w.org\/{rel}","templated":true}]}}