{"id":463238,"date":"2025-06-01T04:04:13","date_gmt":"2025-06-01T02:04:13","guid":{"rendered":"https:\/\/lucacastelli.com\/prodotto\/motomix-5-l\/"},"modified":"2026-04-09T14:47:58","modified_gmt":"2026-04-09T12:47:58","slug":"motomix-5-l","status":"publish","type":"product","link":"https:\/\/lucacastelli.com\/de\/produkt\/motomix-5-l\/","title":{"rendered":"STIHL MotoMix 5 l"},"content":{"rendered":"<p>Vorgemischter Kraftstoff (1:50) f\u00fcr STIHL Motoren, optimale Performance, exzellentes Kaltstartverhalten, maximale Beschleunigung \u00fcber alle Drehzahlbereiche, einwandfreier Betrieb auch bei pl\u00f6tzlichen Lastwechseln. STIHL HP Ultra Premium-\u00d6l f\u00fcr exzellente Motorschmierung und optimale Sauberkeit. Vollsynthetisch und biologisch abbaubar f\u00fcr \u00fcberlegene Leistung und l\u00e4ngere Lebensdauer. Enth\u00e4lt kein Ethanol, nahezu frei von Olefinen und Aromaten. Reduzierte Emissionen machen es weniger sch\u00e4dlich f\u00fcr Mensch und Motor. Hervorragende Lagerf\u00e4higkeit bis zu 5 Jahren. Zuverl\u00e4ssige Performance aus einer Hand. STIHL Motoren und STIHL MotoMix sind perfekt aufeinander abgestimmt und wurden in zahlreichen Tests f\u00fcr verschiedenste Anwendungen gepr\u00fcft.<br \/>\n886661449040       <\/p>\n<p>Anteil an nachwachsenden Rohstoffen 0<\/p>\n","protected":false},"excerpt":{"rendered":"<p>MotoMix 5 l<\/p>\n","protected":false},"featured_media":440677,"template":"","meta":{"_seopress_robots_primary_cat":"none","_seopress_titles_title":"STIHL MotoMix: Gebrauchsfertiger Sonderkraftstoff | Sofort verf\u00fcgbar bei Luca Castelli","_seopress_titles_desc":"Sch\u00fctzen Sie Ihren Motor mit dem originalen STIHL MotoMix Kraftstoff. Keine Startprobleme mehr nach dem Winter. Kanister sofort lieferbar in unserem Gesch\u00e4ft in Castione.  ","_seopress_robots_index":""},"product_brand":[3554],"product_cat":[1442,1436],"product_tag":[3266],"class_list":{"0":"post-463238","1":"product","2":"type-product","3":"status-publish","4":"has-post-thumbnail","6":"product_brand-stihl-de","7":"product_cat-kraftstoffe","8":"product_cat-kraftstoffe-und-ole","9":"product_tag-import-stihl-de","10":"sws-gruppo-macchinari-de","11":"sws-conto-ricavi-merci-rivendita-carburante-stihl-de","12":"sws-gruppo-iva-iva81-de","14":"first","15":"onbackorder","16":"purchasable","17":"product-type-simple"},"_links":{"self":[{"href":"https:\/\/lucacastelli.com\/de\/wp-json\/wp\/v2\/product\/463238","targetHints":{"allow":["GET"]}}],"collection":[{"href":"https:\/\/lucacastelli.com\/de\/wp-json\/wp\/v2\/product"}],"about":[{"href":"https:\/\/lucacastelli.com\/de\/wp-json\/wp\/v2\/types\/product"}],"wp:featuredmedia":[{"embeddable":true,"href":"https:\/\/lucacastelli.com\/de\/wp-json\/wp\/v2\/media\/440677"}],"wp:attachment":[{"href":"https:\/\/lucacastelli.com\/de\/wp-json\/wp\/v2\/media?parent=463238"}],"wp:term":[{"taxonomy":"product_brand","embeddable":true,"href":"https:\/\/lucacastelli.com\/de\/wp-json\/wp\/v2\/product_brand?post=463238"},{"taxonomy":"product_cat","embeddable":true,"href":"https:\/\/lucacastelli.com\/de\/wp-json\/wp\/v2\/product_cat?post=463238"},{"taxonomy":"product_tag","embeddable":true,"href":"https:\/\/lucacastelli.com\/de\/wp-json\/wp\/v2\/product_tag?post=463238"}],"curies":[{"name":"wp","href":"https:\/\/api.w.org\/{rel}","templated":true}]}}