{"id":463230,"date":"2025-06-01T04:02:39","date_gmt":"2025-06-01T02:02:39","guid":{"rendered":"https:\/\/lucacastelli.com\/prodotto\/forestplus-kettenoel-5-l\/"},"modified":"2025-06-01T04:02:39","modified_gmt":"2025-06-01T02:02:39","slug":"forestplus-kettenoel-5-l","status":"publish","type":"product","link":"https:\/\/lucacastelli.com\/de\/produkt\/forestplus-kettenoel-5-l\/","title":{"rendered":"ForestPlus Ketten\u00f6l, 5 l"},"content":{"rendered":"<p>Basierend auf hochwertigen Mineral\u00f6len. Zuverl\u00e4ssige Schmierung, keine Harzbildung auch bei l\u00e4ngerer Nichtbenutzung.<br \/>\n886661060016 <\/p>\n","protected":false},"excerpt":{"rendered":"<p>ForestPlus Ketten\u00f6l, 5 l<\/p>\n","protected":false},"featured_media":440636,"template":"","meta":{"_seopress_robots_primary_cat":"","_seopress_titles_title":"","_seopress_titles_desc":"","_seopress_robots_index":""},"product_brand":[3554],"product_cat":[1436,1448],"product_tag":[3266],"class_list":{"0":"post-463230","1":"product","2":"type-product","3":"status-publish","4":"has-post-thumbnail","6":"product_brand-stihl-de","7":"product_cat-kraftstoffe-und-ole","8":"product_cat-schmiermittel","9":"product_tag-import-stihl-de","10":"sws-gruppo-macchinari-de","11":"sws-conto-ricavi-merci-rivendita-carburante-stihl-de","12":"sws-gruppo-iva-iva81-de","14":"first","15":"onbackorder","16":"purchasable","17":"product-type-simple"},"_links":{"self":[{"href":"https:\/\/lucacastelli.com\/de\/wp-json\/wp\/v2\/product\/463230","targetHints":{"allow":["GET"]}}],"collection":[{"href":"https:\/\/lucacastelli.com\/de\/wp-json\/wp\/v2\/product"}],"about":[{"href":"https:\/\/lucacastelli.com\/de\/wp-json\/wp\/v2\/types\/product"}],"wp:featuredmedia":[{"embeddable":true,"href":"https:\/\/lucacastelli.com\/de\/wp-json\/wp\/v2\/media\/440636"}],"wp:attachment":[{"href":"https:\/\/lucacastelli.com\/de\/wp-json\/wp\/v2\/media?parent=463230"}],"wp:term":[{"taxonomy":"product_brand","embeddable":true,"href":"https:\/\/lucacastelli.com\/de\/wp-json\/wp\/v2\/product_brand?post=463230"},{"taxonomy":"product_cat","embeddable":true,"href":"https:\/\/lucacastelli.com\/de\/wp-json\/wp\/v2\/product_cat?post=463230"},{"taxonomy":"product_tag","embeddable":true,"href":"https:\/\/lucacastelli.com\/de\/wp-json\/wp\/v2\/product_tag?post=463230"}],"curies":[{"name":"wp","href":"https:\/\/api.w.org\/{rel}","templated":true}]}}