{"id":463209,"date":"2025-06-01T04:00:30","date_gmt":"2025-06-01T02:00:30","guid":{"rendered":"https:\/\/lucacastelli.com\/prodotto\/hp-ultra-1-l-spender-fuer-50-l\/"},"modified":"2025-06-01T04:00:30","modified_gmt":"2025-06-01T02:00:30","slug":"hp-ultra-1-l-spender-fuer-50-l","status":"publish","type":"product","link":"https:\/\/lucacastelli.com\/de\/produkt\/hp-ultra-1-l-spender-fuer-50-l\/","title":{"rendered":"HP Ultra, 1 L Spender (f\u00fcr 50 L)"},"content":{"rendered":"<p>Vollsynthetisches \u00d6l mit hervorragenden Schmiereigenschaften. Verbrennung mit minimaler Restasche durch spezielle Additive. Geeignet f\u00fcr den Dauereinsatz in stark beanspruchten Motoren. Klasse: JASO-FB. Mischungsverh\u00e4ltnis 1:50.<br \/>\n795711377182    <\/p>\n<p>Anteil der Mischung 1 : 50<\/p>\n","protected":false},"excerpt":{"rendered":"<p>HP Ultra, 1 L Spender (f\u00fcr 50 L)<\/p>\n","protected":false},"featured_media":440591,"template":"","meta":{"_seopress_robots_primary_cat":"","_seopress_titles_title":"","_seopress_titles_desc":"","_seopress_robots_index":""},"product_brand":[3366],"product_cat":[259,260],"product_tag":[3265],"class_list":{"0":"post-463209","1":"product","2":"type-product","3":"status-publish","4":"has-post-thumbnail","6":"product_brand-stihl","7":"product_cat-carburanti-e-olii","8":"product_cat-lubrificanti","9":"product_tag-import-stihl","10":"sws-gruppo-macchinari-de","11":"sws-conto-ricavi-merci-rivendita-carburante-stihl-de","12":"sws-gruppo-iva-iva81-de","14":"first","15":"onbackorder","16":"purchasable","17":"product-type-simple"},"_links":{"self":[{"href":"https:\/\/lucacastelli.com\/de\/wp-json\/wp\/v2\/product\/463209","targetHints":{"allow":["GET"]}}],"collection":[{"href":"https:\/\/lucacastelli.com\/de\/wp-json\/wp\/v2\/product"}],"about":[{"href":"https:\/\/lucacastelli.com\/de\/wp-json\/wp\/v2\/types\/product"}],"wp:featuredmedia":[{"embeddable":true,"href":"https:\/\/lucacastelli.com\/de\/wp-json\/wp\/v2\/media\/440591"}],"wp:attachment":[{"href":"https:\/\/lucacastelli.com\/de\/wp-json\/wp\/v2\/media?parent=463209"}],"wp:term":[{"taxonomy":"product_brand","embeddable":true,"href":"https:\/\/lucacastelli.com\/de\/wp-json\/wp\/v2\/product_brand?post=463209"},{"taxonomy":"product_cat","embeddable":true,"href":"https:\/\/lucacastelli.com\/de\/wp-json\/wp\/v2\/product_cat?post=463209"},{"taxonomy":"product_tag","embeddable":true,"href":"https:\/\/lucacastelli.com\/de\/wp-json\/wp\/v2\/product_tag?post=463209"}],"curies":[{"name":"wp","href":"https:\/\/api.w.org\/{rel}","templated":true}]}}