{"id":463201,"date":"2025-06-01T04:00:06","date_gmt":"2025-06-01T02:00:06","guid":{"rendered":"https:\/\/lucacastelli.com\/prodotto\/hp-super-100-ml-pro-5-l\/"},"modified":"2025-06-28T18:05:46","modified_gmt":"2025-06-28T16:05:46","slug":"hp-super-100-ml-pro-5-l","status":"publish","type":"product","link":"https:\/\/lucacastelli.com\/de\/produkt\/hp-super-100-ml-pro-5-l\/","title":{"rendered":"STIHL HP Super, 100 ml (pro 5 l)"},"content":{"rendered":"<p>\u00d6l f\u00fcr Motoren, die mit einem Benzin-\u00d6l-Gemisch betrieben werden, wie z. B. STIHL Zweitaktmotoren und 4-MIX-Motoren, die in Kettens\u00e4gen, Motorger\u00e4ten ecc.br eingesetzt werden. Teilsynthetisches \u00d6l mit aschearmen Zus\u00e4tzen f\u00fcr eine saubere Verbrennung mit minimaler Rauchentwicklung. Raucharmes \u00d6l, Klasse: JASO-FD, ISO-L-EGD. Mischungsverh\u00e4ltnis 1:50.<br \/>\n795711315559  <\/p>\n<p>Anteil der Mischung 1 : 50<\/p>\n","protected":false},"excerpt":{"rendered":"<p>HP Super, 100 ml (pro 5 l)<\/p>\n","protected":false},"featured_media":440574,"template":"","meta":{"_seopress_robots_primary_cat":"","_seopress_titles_title":"","_seopress_titles_desc":"","_seopress_robots_index":""},"product_brand":[3366],"product_cat":[259,260],"product_tag":[3265],"class_list":{"0":"post-463201","1":"product","2":"type-product","3":"status-publish","4":"has-post-thumbnail","6":"product_brand-stihl","7":"product_cat-carburanti-e-olii","8":"product_cat-lubrificanti","9":"product_tag-import-stihl","10":"sws-gruppo-macchinari-de","11":"sws-conto-ricavi-merci-rivendita-carburante-stihl-de","12":"sws-gruppo-iva-iva81-de","14":"first","15":"onbackorder","16":"purchasable","17":"product-type-simple"},"_links":{"self":[{"href":"https:\/\/lucacastelli.com\/de\/wp-json\/wp\/v2\/product\/463201","targetHints":{"allow":["GET"]}}],"collection":[{"href":"https:\/\/lucacastelli.com\/de\/wp-json\/wp\/v2\/product"}],"about":[{"href":"https:\/\/lucacastelli.com\/de\/wp-json\/wp\/v2\/types\/product"}],"wp:featuredmedia":[{"embeddable":true,"href":"https:\/\/lucacastelli.com\/de\/wp-json\/wp\/v2\/media\/440574"}],"wp:attachment":[{"href":"https:\/\/lucacastelli.com\/de\/wp-json\/wp\/v2\/media?parent=463201"}],"wp:term":[{"taxonomy":"product_brand","embeddable":true,"href":"https:\/\/lucacastelli.com\/de\/wp-json\/wp\/v2\/product_brand?post=463201"},{"taxonomy":"product_cat","embeddable":true,"href":"https:\/\/lucacastelli.com\/de\/wp-json\/wp\/v2\/product_cat?post=463201"},{"taxonomy":"product_tag","embeddable":true,"href":"https:\/\/lucacastelli.com\/de\/wp-json\/wp\/v2\/product_tag?post=463201"}],"curies":[{"name":"wp","href":"https:\/\/api.w.org\/{rel}","templated":true}]}}