{"id":463196,"date":"2025-06-01T02:34:06","date_gmt":"2025-06-01T00:34:06","guid":{"rendered":"https:\/\/lucacastelli.com\/prodotto\/benzinkanister-5-l-transparent\/"},"modified":"2026-03-02T11:21:43","modified_gmt":"2026-03-02T10:21:43","slug":"benzinkanister-5-l-transparent","status":"publish","type":"product","link":"https:\/\/lucacastelli.com\/de\/produkt\/benzinkanister-5-l-transparent\/","title":{"rendered":"STIHL Benzinkanister, 5 l, transparent"},"content":{"rendered":"<p>pErh\u00e4ltlich in Kanistern von 3 bis 20 l. Mit UN-Zulassung.\/p<br \/>\n795711073152<\/p>\n<p>Kraftstoffkapazit\u00e4t 5 l<br \/>\nKettenhaft\u00f6lkapazit\u00e4t Kettenhaft\u00f6lkapazit\u00e4t<\/p>\n<p>Ger\u00e4tel\u00e4nge Ger\u00e4tel\u00e4nge<br \/>\nGer\u00e4tebreite 147<br \/>\nGer\u00e4teh\u00f6he 247<\/p>\n","protected":false},"excerpt":{"rendered":"<p>Benzinkanister, 5 l, transparent<\/p>\n","protected":false},"featured_media":437904,"template":"","meta":{"_seopress_robots_primary_cat":"","_seopress_titles_title":"","_seopress_titles_desc":"","_seopress_robots_index":""},"product_brand":[3366],"product_cat":[259,261],"product_tag":[3265],"class_list":{"0":"post-463196","1":"product","2":"type-product","3":"status-publish","4":"has-post-thumbnail","6":"product_brand-stihl","7":"product_cat-carburanti-e-olii","8":"product_cat-accessori-e-materiale-di-consumo","9":"product_tag-import-stihl","10":"sws-gruppo-macchinari-de","11":"sws-conto-ricavi-merci-rivendita-macchinari-de","12":"sws-gruppo-iva-iva81-de","14":"first","15":"onbackorder","16":"purchasable","17":"product-type-simple"},"_links":{"self":[{"href":"https:\/\/lucacastelli.com\/de\/wp-json\/wp\/v2\/product\/463196","targetHints":{"allow":["GET"]}}],"collection":[{"href":"https:\/\/lucacastelli.com\/de\/wp-json\/wp\/v2\/product"}],"about":[{"href":"https:\/\/lucacastelli.com\/de\/wp-json\/wp\/v2\/types\/product"}],"wp:featuredmedia":[{"embeddable":true,"href":"https:\/\/lucacastelli.com\/de\/wp-json\/wp\/v2\/media\/437904"}],"wp:attachment":[{"href":"https:\/\/lucacastelli.com\/de\/wp-json\/wp\/v2\/media?parent=463196"}],"wp:term":[{"taxonomy":"product_brand","embeddable":true,"href":"https:\/\/lucacastelli.com\/de\/wp-json\/wp\/v2\/product_brand?post=463196"},{"taxonomy":"product_cat","embeddable":true,"href":"https:\/\/lucacastelli.com\/de\/wp-json\/wp\/v2\/product_cat?post=463196"},{"taxonomy":"product_tag","embeddable":true,"href":"https:\/\/lucacastelli.com\/de\/wp-json\/wp\/v2\/product_tag?post=463196"}],"curies":[{"name":"wp","href":"https:\/\/api.w.org\/{rel}","templated":true}]}}