{"id":463185,"date":"2025-06-01T02:33:57","date_gmt":"2025-06-01T00:33:57","guid":{"rendered":"https:\/\/lucacastelli.com\/prodotto\/mischspender-100-ml\/"},"modified":"2025-06-01T02:33:57","modified_gmt":"2025-06-01T00:33:57","slug":"mischspender-100-ml","status":"publish","type":"product","link":"https:\/\/lucacastelli.com\/de\/produkt\/mischspender-100-ml\/","title":{"rendered":"Mischspender 100 ml"},"content":{"rendered":"<p>Spender f\u00fcr die Zubereitung der Mischung. Erh\u00e4ltlich in 2 Gr\u00f6\u00dfen: 5 l und 25 l.<br \/>\n795711000509 <\/p>\n","protected":false},"excerpt":{"rendered":"<p>Mischspender 100 ml<\/p>\n","protected":false},"featured_media":437900,"template":"","meta":{"_seopress_robots_primary_cat":"","_seopress_titles_title":"","_seopress_titles_desc":"","_seopress_robots_index":""},"product_brand":[3554],"product_cat":[1436,1448],"product_tag":[3266],"class_list":{"0":"post-463185","1":"product","2":"type-product","3":"status-publish","4":"has-post-thumbnail","6":"product_brand-stihl-de","7":"product_cat-kraftstoffe-und-ole","8":"product_cat-schmiermittel","9":"product_tag-import-stihl-de","10":"sws-gruppo-macchinari-de","11":"sws-conto-ricavi-merci-rivendita-macchinari-de","12":"sws-gruppo-iva-iva81-de","14":"first","15":"onbackorder","16":"purchasable","17":"product-type-simple"},"_links":{"self":[{"href":"https:\/\/lucacastelli.com\/de\/wp-json\/wp\/v2\/product\/463185","targetHints":{"allow":["GET"]}}],"collection":[{"href":"https:\/\/lucacastelli.com\/de\/wp-json\/wp\/v2\/product"}],"about":[{"href":"https:\/\/lucacastelli.com\/de\/wp-json\/wp\/v2\/types\/product"}],"wp:featuredmedia":[{"embeddable":true,"href":"https:\/\/lucacastelli.com\/de\/wp-json\/wp\/v2\/media\/437900"}],"wp:attachment":[{"href":"https:\/\/lucacastelli.com\/de\/wp-json\/wp\/v2\/media?parent=463185"}],"wp:term":[{"taxonomy":"product_brand","embeddable":true,"href":"https:\/\/lucacastelli.com\/de\/wp-json\/wp\/v2\/product_brand?post=463185"},{"taxonomy":"product_cat","embeddable":true,"href":"https:\/\/lucacastelli.com\/de\/wp-json\/wp\/v2\/product_cat?post=463185"},{"taxonomy":"product_tag","embeddable":true,"href":"https:\/\/lucacastelli.com\/de\/wp-json\/wp\/v2\/product_tag?post=463185"}],"curies":[{"name":"wp","href":"https:\/\/api.w.org\/{rel}","templated":true}]}}