{"id":463177,"date":"2025-06-01T02:33:34","date_gmt":"2025-06-01T00:33:34","guid":{"rendered":"https:\/\/lucacastelli.com\/prodotto\/gehaeuse-betankungssystem\/"},"modified":"2026-01-24T18:12:28","modified_gmt":"2026-01-24T17:12:28","slug":"gehaeuse-betankungssystem","status":"publish","type":"product","link":"https:\/\/lucacastelli.com\/de\/produkt\/gehaeuse-betankungssystem\/","title":{"rendered":"Geh\u00e4use, Betankungssystem"},"content":{"rendered":"<p>F\u00fcr Kombi Standard Korb, Schlitz 1 zum Aufbewahren und Transportieren des Werkzeugs, Geh\u00e4use 2 zum Aufbewahren des Betankungssystems.<br \/>\n795711253677<\/p>\n","protected":false},"excerpt":{"rendered":"<p>Geh\u00e4use, Betankungssystem<\/p>\n","protected":false},"featured_media":425027,"template":"","meta":{"_seopress_robots_primary_cat":"","_seopress_titles_title":"","_seopress_titles_desc":"","_seopress_robots_index":""},"product_brand":[3554],"product_cat":[1436,1448],"product_tag":[3266],"class_list":{"0":"post-463177","1":"product","2":"type-product","3":"status-publish","4":"has-post-thumbnail","6":"product_brand-stihl-de","7":"product_cat-kraftstoffe-und-ole","8":"product_cat-schmiermittel","9":"product_tag-import-stihl-de","10":"sws-gruppo-macchinari-de","11":"sws-conto-ricavi-merci-rivendita-carburante-stihl-de","12":"sws-gruppo-iva-iva81-de","14":"first","15":"onbackorder","16":"purchasable","17":"product-type-simple"},"_links":{"self":[{"href":"https:\/\/lucacastelli.com\/de\/wp-json\/wp\/v2\/product\/463177","targetHints":{"allow":["GET"]}}],"collection":[{"href":"https:\/\/lucacastelli.com\/de\/wp-json\/wp\/v2\/product"}],"about":[{"href":"https:\/\/lucacastelli.com\/de\/wp-json\/wp\/v2\/types\/product"}],"wp:featuredmedia":[{"embeddable":true,"href":"https:\/\/lucacastelli.com\/de\/wp-json\/wp\/v2\/media\/425027"}],"wp:attachment":[{"href":"https:\/\/lucacastelli.com\/de\/wp-json\/wp\/v2\/media?parent=463177"}],"wp:term":[{"taxonomy":"product_brand","embeddable":true,"href":"https:\/\/lucacastelli.com\/de\/wp-json\/wp\/v2\/product_brand?post=463177"},{"taxonomy":"product_cat","embeddable":true,"href":"https:\/\/lucacastelli.com\/de\/wp-json\/wp\/v2\/product_cat?post=463177"},{"taxonomy":"product_tag","embeddable":true,"href":"https:\/\/lucacastelli.com\/de\/wp-json\/wp\/v2\/product_tag?post=463177"}],"curies":[{"name":"wp","href":"https:\/\/api.w.org\/{rel}","templated":true}]}}