{"id":463174,"date":"2025-06-01T02:33:22","date_gmt":"2025-06-01T00:33:22","guid":{"rendered":"https:\/\/lucacastelli.com\/prodotto\/kombikanister-transparent-standard\/"},"modified":"2025-11-28T06:09:46","modified_gmt":"2025-11-28T05:09:46","slug":"kombikanister-transparent-standard","status":"publish","type":"product","link":"https:\/\/lucacastelli.com\/de\/produkt\/kombikanister-transparent-standard\/","title":{"rendered":"Kombikanister, transparent, Standard"},"content":{"rendered":"<p>Kombinierter Korb in zwei Farben: orange und transparent. Erh\u00e4ltlich in zwei Modellen: Standard und Profi. Sie verf\u00fcgen \u00fcber einen Doppeltank f\u00fcr 5 l Kraftstoff und 3 l Ketten\u00f6l. Mit UN-Zulassung. Das Modell Profi besteht aus zwei Geh\u00e4usen f\u00fcr das Anbauger\u00e4t und das Betankungssystem.<br \/>\n795711163235    <\/p>\n<p>Kraftstoffkapazit\u00e4t 5l<br \/>\nFassungsverm\u00f6gen des S\u00e4gekettenkleber\u00f6ls Fassungsverm\u00f6gen des S\u00e4gekettenkleber\u00f6ls<\/p>\n<p>L\u00e4nge des Ger\u00e4tes L\u00e4nge des Ger\u00e4tes<br \/>\nBreite des Ger\u00e4tes 158<br \/>\nH\u00f6he des Ger\u00e4tes 299<\/p>\n","protected":false},"excerpt":{"rendered":"<p>Kombikanister, transparent, Standard<\/p>\n","protected":false},"featured_media":425018,"template":"","meta":{"_seopress_robots_primary_cat":"","_seopress_titles_title":"","_seopress_titles_desc":"","_seopress_robots_index":""},"product_brand":[3366],"product_cat":[259,261],"product_tag":[3265],"class_list":{"0":"post-463174","1":"product","2":"type-product","3":"status-publish","4":"has-post-thumbnail","6":"product_brand-stihl","7":"product_cat-carburanti-e-olii","8":"product_cat-accessori-e-materiale-di-consumo","9":"product_tag-import-stihl","10":"sws-gruppo-macchinari-de","11":"sws-conto-ricavi-merci-rivendita-macchinari-de","12":"sws-gruppo-iva-iva81-de","14":"first","15":"onbackorder","16":"purchasable","17":"product-type-simple"},"_links":{"self":[{"href":"https:\/\/lucacastelli.com\/de\/wp-json\/wp\/v2\/product\/463174","targetHints":{"allow":["GET"]}}],"collection":[{"href":"https:\/\/lucacastelli.com\/de\/wp-json\/wp\/v2\/product"}],"about":[{"href":"https:\/\/lucacastelli.com\/de\/wp-json\/wp\/v2\/types\/product"}],"wp:featuredmedia":[{"embeddable":true,"href":"https:\/\/lucacastelli.com\/de\/wp-json\/wp\/v2\/media\/425018"}],"wp:attachment":[{"href":"https:\/\/lucacastelli.com\/de\/wp-json\/wp\/v2\/media?parent=463174"}],"wp:term":[{"taxonomy":"product_brand","embeddable":true,"href":"https:\/\/lucacastelli.com\/de\/wp-json\/wp\/v2\/product_brand?post=463174"},{"taxonomy":"product_cat","embeddable":true,"href":"https:\/\/lucacastelli.com\/de\/wp-json\/wp\/v2\/product_cat?post=463174"},{"taxonomy":"product_tag","embeddable":true,"href":"https:\/\/lucacastelli.com\/de\/wp-json\/wp\/v2\/product_tag?post=463174"}],"curies":[{"name":"wp","href":"https:\/\/api.w.org\/{rel}","templated":true}]}}