{"id":463171,"date":"2025-06-01T02:33:27","date_gmt":"2025-06-01T00:33:27","guid":{"rendered":"https:\/\/lucacastelli.com\/prodotto\/kombidose-transparent-profi\/"},"modified":"2025-06-01T02:33:27","modified_gmt":"2025-06-01T00:33:27","slug":"kombidose-transparent-profi","status":"publish","type":"product","link":"https:\/\/lucacastelli.com\/de\/produkt\/kombidose-transparent-profi\/","title":{"rendered":"Kombidose, transparent, Profi"},"content":{"rendered":"<p>Mit UN-Zulassung, transparent. Doppelbeh\u00e4lter f\u00fcr 5 l Kraftstoff und 3 l Ketten\u00f6l. Inklusive zwei F\u00e4chern zur Aufnahme des Werkzeugs und der Betankungsanlage (letztere nicht im Lieferumfang enthalten).<br \/>\n795711163242  <\/p>\n<p>Kraftstoffkapazit\u00e4t 5l<br \/>\nFassungsverm\u00f6gen des S\u00e4gekettenkleber\u00f6ls Fassungsverm\u00f6gen des S\u00e4gekettenkleber\u00f6ls<\/p>\n<p>L\u00e4nge des Ger\u00e4tes L\u00e4nge des Ger\u00e4tes<br \/>\nBreite des Ger\u00e4tes 160<br \/>\nH\u00f6he des Ger\u00e4tes 299<\/p>\n","protected":false},"excerpt":{"rendered":"<p>Kombidose, transparent, Profi<\/p>\n","protected":false},"featured_media":437896,"template":"","meta":{"_seopress_robots_primary_cat":"","_seopress_titles_title":"","_seopress_titles_desc":"","_seopress_robots_index":""},"product_brand":[3554],"product_cat":[1436,1437],"product_tag":[3266],"class_list":{"0":"post-463171","1":"product","2":"type-product","3":"status-publish","4":"has-post-thumbnail","6":"product_brand-stihl-de","7":"product_cat-kraftstoffe-und-ole","8":"product_cat-zubehor-und-verbrauchsmaterial","9":"product_tag-import-stihl-de","10":"sws-gruppo-macchinari-de","11":"sws-conto-ricavi-merci-rivendita-macchinari-de","12":"sws-gruppo-iva-iva81-de","14":"first","15":"onbackorder","16":"purchasable","17":"product-type-simple"},"_links":{"self":[{"href":"https:\/\/lucacastelli.com\/de\/wp-json\/wp\/v2\/product\/463171","targetHints":{"allow":["GET"]}}],"collection":[{"href":"https:\/\/lucacastelli.com\/de\/wp-json\/wp\/v2\/product"}],"about":[{"href":"https:\/\/lucacastelli.com\/de\/wp-json\/wp\/v2\/types\/product"}],"wp:featuredmedia":[{"embeddable":true,"href":"https:\/\/lucacastelli.com\/de\/wp-json\/wp\/v2\/media\/437896"}],"wp:attachment":[{"href":"https:\/\/lucacastelli.com\/de\/wp-json\/wp\/v2\/media?parent=463171"}],"wp:term":[{"taxonomy":"product_brand","embeddable":true,"href":"https:\/\/lucacastelli.com\/de\/wp-json\/wp\/v2\/product_brand?post=463171"},{"taxonomy":"product_cat","embeddable":true,"href":"https:\/\/lucacastelli.com\/de\/wp-json\/wp\/v2\/product_cat?post=463171"},{"taxonomy":"product_tag","embeddable":true,"href":"https:\/\/lucacastelli.com\/de\/wp-json\/wp\/v2\/product_tag?post=463171"}],"curies":[{"name":"wp","href":"https:\/\/api.w.org\/{rel}","templated":true}]}}