{"id":463168,"date":"2025-06-01T02:33:17","date_gmt":"2025-06-01T00:33:17","guid":{"rendered":"https:\/\/lucacastelli.com\/prodotto\/kombidose-orange-profi\/"},"modified":"2025-06-01T02:33:17","modified_gmt":"2025-06-01T00:33:17","slug":"kombidose-orange-profi","status":"publish","type":"product","link":"https:\/\/lucacastelli.com\/de\/produkt\/kombidose-orange-profi\/","title":{"rendered":"Kombidose, orange, Profi"},"content":{"rendered":"<p>Mit UN-Zulassung, orange\/transparent. Doppelbeh\u00e4lter f\u00fcr 5 l Kraftstoff und 3 l Ketten\u00f6l. Inklusive zwei F\u00e4chern zur Aufnahme des Werkzeugs und der Betankungsanlage (letztere nicht im Lieferumfang enthalten).<br \/>\n795711130015  <\/p>\n<p>Kraftstoffkapazit\u00e4t 5l<br \/>\nFassungsverm\u00f6gen des S\u00e4gekettenkleber\u00f6ls Fassungsverm\u00f6gen des S\u00e4gekettenkleber\u00f6ls<\/p>\n<p>L\u00e4nge des Ger\u00e4tes L\u00e4nge des Ger\u00e4tes<br \/>\nBreite des Ger\u00e4tes 160<br \/>\nH\u00f6he des Ger\u00e4tes 299<\/p>\n","protected":false},"excerpt":{"rendered":"<p>Kombidose, orange, Profi<\/p>\n","protected":false},"featured_media":425008,"template":"","meta":{"_seopress_robots_primary_cat":"","_seopress_titles_title":"","_seopress_titles_desc":"","_seopress_robots_index":""},"product_brand":[3555],"product_cat":[1435,1447],"product_tag":[3267],"class_list":{"0":"post-463168","1":"product","2":"type-product","3":"status-publish","4":"has-post-thumbnail","6":"product_brand-stihl-fr","7":"product_cat-carburants-et-huiles","8":"product_cat-lubrifiants","9":"product_tag-import-stihl-fr","10":"sws-gruppo-macchinari-de","11":"sws-conto-ricavi-merci-rivendita-carburante-stihl-de","12":"sws-gruppo-iva-iva81-de","14":"first","15":"onbackorder","16":"purchasable","17":"product-type-simple"},"_links":{"self":[{"href":"https:\/\/lucacastelli.com\/de\/wp-json\/wp\/v2\/product\/463168","targetHints":{"allow":["GET"]}}],"collection":[{"href":"https:\/\/lucacastelli.com\/de\/wp-json\/wp\/v2\/product"}],"about":[{"href":"https:\/\/lucacastelli.com\/de\/wp-json\/wp\/v2\/types\/product"}],"wp:featuredmedia":[{"embeddable":true,"href":"https:\/\/lucacastelli.com\/de\/wp-json\/wp\/v2\/media\/425008"}],"wp:attachment":[{"href":"https:\/\/lucacastelli.com\/de\/wp-json\/wp\/v2\/media?parent=463168"}],"wp:term":[{"taxonomy":"product_brand","embeddable":true,"href":"https:\/\/lucacastelli.com\/de\/wp-json\/wp\/v2\/product_brand?post=463168"},{"taxonomy":"product_cat","embeddable":true,"href":"https:\/\/lucacastelli.com\/de\/wp-json\/wp\/v2\/product_cat?post=463168"},{"taxonomy":"product_tag","embeddable":true,"href":"https:\/\/lucacastelli.com\/de\/wp-json\/wp\/v2\/product_tag?post=463168"}],"curies":[{"name":"wp","href":"https:\/\/api.w.org\/{rel}","templated":true}]}}