{"id":463161,"date":"2025-06-01T02:33:16","date_gmt":"2025-06-01T00:33:16","guid":{"rendered":"https:\/\/lucacastelli.com\/prodotto\/kombidose-orange-standard\/"},"modified":"2025-06-01T02:33:16","modified_gmt":"2025-06-01T00:33:16","slug":"kombidose-orange-standard","status":"publish","type":"product","link":"https:\/\/lucacastelli.com\/de\/produkt\/kombidose-orange-standard\/","title":{"rendered":"Kombidose, orange, Standard"},"content":{"rendered":"<p>Kombinierter Korb in zwei Farben: orange und transparent. Erh\u00e4ltlich in zwei Modellen: Standard und Profi. Sie verf\u00fcgen \u00fcber einen Doppeltank f\u00fcr 5 l Kraftstoff und 3 l Ketten\u00f6l. Mit UN-Zulassung. Das Modell Profi verf\u00fcgt \u00fcber zwei Schlitze f\u00fcr das Ger\u00e4t und das Kraftstoffsystem.\/p<br \/>\n795711130008<\/p>\n<p>Kraftstoffkapazit\u00e4t 5l<br \/>\nFassungsverm\u00f6gen des S\u00e4gekettenklebe\u00f6ls S\u00e4gekette<\/p>\n<p>Klebe\u00f6lkapazit\u00e4t L\u00e4nge des Ger\u00e4ts L\u00e4nge des Ger\u00e4ts<br \/>\nBreite des Ger\u00e4ts 158<br \/>\nH\u00f6he des Ger\u00e4ts 299<\/p>\n","protected":false},"excerpt":{"rendered":"<p>Kombidose, orange, Standard<\/p>\n","protected":false},"featured_media":425004,"template":"","meta":{"_seopress_robots_primary_cat":"","_seopress_titles_title":"","_seopress_titles_desc":"","_seopress_robots_index":""},"product_brand":[3554],"product_cat":[1436,1437],"product_tag":[3266],"class_list":{"0":"post-463161","1":"product","2":"type-product","3":"status-publish","4":"has-post-thumbnail","6":"product_brand-stihl-de","7":"product_cat-kraftstoffe-und-ole","8":"product_cat-zubehor-und-verbrauchsmaterial","9":"product_tag-import-stihl-de","10":"sws-gruppo-macchinari-de","11":"sws-conto-ricavi-merci-rivendita-macchinari-de","12":"sws-gruppo-iva-iva81-de","14":"first","15":"onbackorder","16":"purchasable","17":"product-type-simple"},"_links":{"self":[{"href":"https:\/\/lucacastelli.com\/de\/wp-json\/wp\/v2\/product\/463161","targetHints":{"allow":["GET"]}}],"collection":[{"href":"https:\/\/lucacastelli.com\/de\/wp-json\/wp\/v2\/product"}],"about":[{"href":"https:\/\/lucacastelli.com\/de\/wp-json\/wp\/v2\/types\/product"}],"wp:featuredmedia":[{"embeddable":true,"href":"https:\/\/lucacastelli.com\/de\/wp-json\/wp\/v2\/media\/425004"}],"wp:attachment":[{"href":"https:\/\/lucacastelli.com\/de\/wp-json\/wp\/v2\/media?parent=463161"}],"wp:term":[{"taxonomy":"product_brand","embeddable":true,"href":"https:\/\/lucacastelli.com\/de\/wp-json\/wp\/v2\/product_brand?post=463161"},{"taxonomy":"product_cat","embeddable":true,"href":"https:\/\/lucacastelli.com\/de\/wp-json\/wp\/v2\/product_cat?post=463161"},{"taxonomy":"product_tag","embeddable":true,"href":"https:\/\/lucacastelli.com\/de\/wp-json\/wp\/v2\/product_tag?post=463161"}],"curies":[{"name":"wp","href":"https:\/\/api.w.org\/{rel}","templated":true}]}}