{"id":463159,"date":"2025-06-01T01:07:53","date_gmt":"2025-05-31T23:07:53","guid":{"rendered":"https:\/\/lucacastelli.com\/prodotto\/1-4-d-fuer-msa-d-32-mm\/"},"modified":"2025-06-28T03:53:32","modified_gmt":"2025-06-28T01:53:32","slug":"1-4-d-fuer-msa-d-32-mm","status":"publish","type":"product","link":"https:\/\/lucacastelli.com\/de\/produkt\/1-4-d-fuer-msa-d-32-mm\/","title":{"rendered":"STIHL 1\/4&#8243; P f\u00fcr MSA, D 3,2 mm"},"content":{"rendered":"<p>Ein Feilenhalter mit runder Mappe f\u00fcr komfortables Arbeiten. F\u00fcr 1\/4&#8243;, 3\/8&#8243;-PM und 3\/8&#8243;-PMN Ketten mit 4,0 mm Durchmesser. F\u00fcr .325&#8243; Ketten mit 4,8mm Durchmesser. F\u00fcr 3\/8&#8243; Ketten mit 5,2 mm Durchmesser. F\u00fcr .404&#8243; Ketten mit 5,5 mm Durchmesser. F\u00fcr 1\/4&#8243; P-MSA Kette. Auch f\u00fcr Kreiss\u00e4gen mit Hohlverzahnung geeignet.<br \/>\n795711641252   <\/p>\n","protected":false},"excerpt":{"rendered":"<p>1\/4&#8243; D f\u00fcr MSA, D 3,2 mm<\/p>\n","protected":false},"featured_media":422969,"template":"","meta":{"_seopress_robots_primary_cat":"","_seopress_titles_title":"","_seopress_titles_desc":"","_seopress_robots_index":""},"product_brand":[3554],"product_cat":[169,1455,1612,1616,1436,1437],"product_tag":[3266],"class_list":{"0":"post-463159","1":"product","2":"type-product","3":"status-publish","4":"has-post-thumbnail","6":"product_brand-stihl-de","7":"product_cat-maschinen","8":"product_cat-zubehor-und-verbrauchsmaterial-de","9":"product_cat-kettensagen","10":"product_cat-motor-kettensagen","11":"product_cat-kraftstoffe-und-ole","12":"product_cat-zubehor-und-verbrauchsmaterial","13":"product_tag-import-stihl-de","14":"sws-gruppo-macchinari-de","15":"sws-conto-ricavi-merci-rivendita-macchinari-de","16":"sws-gruppo-iva-iva81-de","18":"first","19":"onbackorder","20":"purchasable","21":"product-type-simple"},"_links":{"self":[{"href":"https:\/\/lucacastelli.com\/de\/wp-json\/wp\/v2\/product\/463159","targetHints":{"allow":["GET"]}}],"collection":[{"href":"https:\/\/lucacastelli.com\/de\/wp-json\/wp\/v2\/product"}],"about":[{"href":"https:\/\/lucacastelli.com\/de\/wp-json\/wp\/v2\/types\/product"}],"wp:featuredmedia":[{"embeddable":true,"href":"https:\/\/lucacastelli.com\/de\/wp-json\/wp\/v2\/media\/422969"}],"wp:attachment":[{"href":"https:\/\/lucacastelli.com\/de\/wp-json\/wp\/v2\/media?parent=463159"}],"wp:term":[{"taxonomy":"product_brand","embeddable":true,"href":"https:\/\/lucacastelli.com\/de\/wp-json\/wp\/v2\/product_brand?post=463159"},{"taxonomy":"product_cat","embeddable":true,"href":"https:\/\/lucacastelli.com\/de\/wp-json\/wp\/v2\/product_cat?post=463159"},{"taxonomy":"product_tag","embeddable":true,"href":"https:\/\/lucacastelli.com\/de\/wp-json\/wp\/v2\/product_tag?post=463159"}],"curies":[{"name":"wp","href":"https:\/\/api.w.org\/{rel}","templated":true}]}}