{"id":463152,"date":"2025-05-31T23:58:55","date_gmt":"2025-05-31T21:58:55","guid":{"rendered":"https:\/\/lucacastelli.com\/prodotto\/ms-182-c-be-schnittlaenge-35cm-pmm3\/"},"modified":"2026-04-15T23:02:31","modified_gmt":"2026-04-15T21:02:31","slug":"ms-182-c-be-schnittlaenge-35cm-pmm3","status":"publish","type":"product","link":"https:\/\/lucacastelli.com\/de\/produkt\/ms-182-c-be-schnittlaenge-35cm-pmm3\/","title":{"rendered":"MS 182 C-BE, Schnittl\u00e4nge 35cm, PMM3"},"content":{"rendered":"<p>Leichte Kettens\u00e4ge mit geringen Vibrationen. Umfangreiche Ausstattung, wie z. B. ein langlebiges Luftfiltersystem und ein Antivibrationssystem. Hervorragend geeignet zum Schneiden von Brennholz, f\u00fcr Tischlerarbeiten und zum F\u00e4llen von kleinen B\u00e4umen. 20 % weniger Kraftstoffverbrauch und 70 % weniger Abgasemissionen im Vergleich zu herk\u00f6mmlichen Kettens\u00e4gen.<br \/>\n886661585052   <\/p>\n<p>Hubraum 35,8<br \/>\nLeistung Leistung<\/p>\n<p>Leistung Leistung<br \/>\nLeistung 2,20<br \/>\nCO2 927<\/p>\n","protected":false},"excerpt":{"rendered":"<p>MS 182 C-BE, Schnittl\u00e4nge 35cm, PMM3<\/p>\n","protected":false},"featured_media":429432,"template":"","meta":{"_seopress_robots_primary_cat":"","_seopress_titles_title":"","_seopress_titles_desc":"","_seopress_robots_index":""},"product_brand":[3554],"product_cat":[1612,169,1616],"product_tag":[3266],"class_list":{"0":"post-463152","1":"product","2":"type-product","3":"status-publish","4":"has-post-thumbnail","6":"product_brand-stihl-de","7":"product_cat-kettensagen","8":"product_cat-maschinen","9":"product_cat-motor-kettensagen","10":"product_tag-import-stihl-de","11":"sws-gruppo-macchinari-de","12":"sws-conto-ricavi-merci-rivendita-macchinari-de","13":"sws-gruppo-iva-iva81-de","15":"first","16":"onbackorder","17":"purchasable","18":"product-type-simple"},"_links":{"self":[{"href":"https:\/\/lucacastelli.com\/de\/wp-json\/wp\/v2\/product\/463152","targetHints":{"allow":["GET"]}}],"collection":[{"href":"https:\/\/lucacastelli.com\/de\/wp-json\/wp\/v2\/product"}],"about":[{"href":"https:\/\/lucacastelli.com\/de\/wp-json\/wp\/v2\/types\/product"}],"wp:featuredmedia":[{"embeddable":true,"href":"https:\/\/lucacastelli.com\/de\/wp-json\/wp\/v2\/media\/429432"}],"wp:attachment":[{"href":"https:\/\/lucacastelli.com\/de\/wp-json\/wp\/v2\/media?parent=463152"}],"wp:term":[{"taxonomy":"product_brand","embeddable":true,"href":"https:\/\/lucacastelli.com\/de\/wp-json\/wp\/v2\/product_brand?post=463152"},{"taxonomy":"product_cat","embeddable":true,"href":"https:\/\/lucacastelli.com\/de\/wp-json\/wp\/v2\/product_cat?post=463152"},{"taxonomy":"product_tag","embeddable":true,"href":"https:\/\/lucacastelli.com\/de\/wp-json\/wp\/v2\/product_tag?post=463152"}],"curies":[{"name":"wp","href":"https:\/\/api.w.org\/{rel}","templated":true}]}}