{"id":463145,"date":"2025-09-24T14:10:51","date_gmt":"2025-09-24T12:10:51","guid":{"rendered":"https:\/\/lucacastelli.com\/prodotto\/ms-182-schnittlaenge-35cm-pmm3\/"},"modified":"2026-03-02T09:18:42","modified_gmt":"2026-03-02T08:18:42","slug":"ms-182-schnittlaenge-35cm-pmm3","status":"publish","type":"product","link":"https:\/\/lucacastelli.com\/de\/produkt\/ms-182-schnittlaenge-35cm-pmm3\/","title":{"rendered":"STIHL MS 182, Schnittl\u00e4nge 35 cm, PMM3"},"content":{"rendered":"<h2 class=\"product-details__title\">Leicht und kompakt<\/h2>\n<div class=\"product-details__description richtexteditor\">Leichte und vibrationsarme Motors\u00e4ge. Umfangreiche Ausstattung, wie z. B. Langzeit-Luftfiltersystem und Antivibrationssystem. Optimal zum Schneiden von Brennholz, f\u00fcr Zimmerarbeiten und zum F\u00e4llen von kleineren B\u00e4umen. Reduzierung des Kraftstoffverbrauchs um 20 % und Reduzierung der Abgasemissionen um 70 % im Vergleich zu herk\u00f6mmlichen Motors\u00e4gen.   <\/div>\n<div><\/div>\n<div><\/div>\n<table data-test-id=\"pdp-spec-tech-table\">\n<tbody>\n<tr>\n<td>Hubraum<\/td>\n<td>35,8 cm\u00b3<\/td>\n<\/tr>\n<tr>\n<td>Leistung<\/td>\n<td>1,60 kW<\/td>\n<\/tr>\n<tr>\n<td>Leistung<\/td>\n<td>2,20 PS<\/td>\n<\/tr>\n<tr>\n<td>Leistung<\/td>\n<td>2,20 PS<\/td>\n<\/tr>\n<tr>\n<td>CO2<\/td>\n<td>927 g\/kWh<\/td>\n<\/tr>\n<tr>\n<td>Gewicht der Einheit ohne Treibstoff<\/td>\n<td>4,6 kg<\/td>\n<\/tr>\n<tr>\n<td>Gewicht der Einheit ohne Treibstoff<\/td>\n<td>5,15 kg<\/td>\n<\/tr>\n<tr>\n<td>Gewicht\/Leistungsverh\u00e4ltnis<\/td>\n<td>2,80 kg\/kW<\/td>\n<\/tr>\n<tr>\n<td>Schnittl\u00e4nge<\/td>\n<td>35 cm<\/td>\n<\/tr>\n<tr>\n<td>Kettenteilung<\/td>\n<td>3\/8 &#8220;P<\/td>\n<\/tr>\n<tr>\n<td>L\u00e4nge des Ger\u00e4ts mit Krallenanschlag<\/td>\n<td>400 mm<\/td>\n<\/tr>\n<tr>\n<td>Schalldruckpegel<\/td>\n<td>103 dB(A)<\/td>\n<\/tr>\n<tr>\n<td>Schallleistungspegel<\/td>\n<td>112 dB(A)<\/td>\n<\/tr>\n<tr>\n<td>Vibrationswert links<\/td>\n<td>3,1 m\/s\u00b2<\/td>\n<\/tr>\n<tr>\n<td>Vibrationswert rechts<\/td>\n<td>3,7 m\/s\u00b2<\/td>\n<\/tr>\n<\/tbody>\n<\/table>\n","protected":false},"excerpt":{"rendered":"<p>MS 182, Schnittl\u00e4nge 35cm, PMM3<\/p>\n","protected":false},"featured_media":630635,"template":"","meta":{"_seopress_robots_primary_cat":"none","_seopress_titles_title":"","_seopress_titles_desc":"","_seopress_robots_index":""},"product_brand":[3554],"product_cat":[1612,169,1616],"product_tag":[3266],"class_list":{"0":"post-463145","1":"product","2":"type-product","3":"status-publish","4":"has-post-thumbnail","6":"product_brand-stihl-de","7":"product_cat-kettensagen","8":"product_cat-maschinen","9":"product_cat-motor-kettensagen","10":"product_tag-import-stihl-de","11":"sws-gruppo-macchinari-de","12":"sws-conto-ricavi-merci-rivendita-macchinari-de","13":"sws-gruppo-iva-iva81-de","15":"first","16":"onbackorder","17":"purchasable","18":"product-type-simple"},"_links":{"self":[{"href":"https:\/\/lucacastelli.com\/de\/wp-json\/wp\/v2\/product\/463145","targetHints":{"allow":["GET"]}}],"collection":[{"href":"https:\/\/lucacastelli.com\/de\/wp-json\/wp\/v2\/product"}],"about":[{"href":"https:\/\/lucacastelli.com\/de\/wp-json\/wp\/v2\/types\/product"}],"wp:featuredmedia":[{"embeddable":true,"href":"https:\/\/lucacastelli.com\/de\/wp-json\/wp\/v2\/media\/630635"}],"wp:attachment":[{"href":"https:\/\/lucacastelli.com\/de\/wp-json\/wp\/v2\/media?parent=463145"}],"wp:term":[{"taxonomy":"product_brand","embeddable":true,"href":"https:\/\/lucacastelli.com\/de\/wp-json\/wp\/v2\/product_brand?post=463145"},{"taxonomy":"product_cat","embeddable":true,"href":"https:\/\/lucacastelli.com\/de\/wp-json\/wp\/v2\/product_cat?post=463145"},{"taxonomy":"product_tag","embeddable":true,"href":"https:\/\/lucacastelli.com\/de\/wp-json\/wp\/v2\/product_tag?post=463145"}],"curies":[{"name":"wp","href":"https:\/\/api.w.org\/{rel}","templated":true}]}}