{"id":463132,"date":"2025-05-31T23:57:58","date_gmt":"2025-05-31T21:57:58","guid":{"rendered":"https:\/\/lucacastelli.com\/prodotto\/ms-231-schnittlaenge-35cm-rm\/"},"modified":"2025-06-28T19:43:27","modified_gmt":"2025-06-28T17:43:27","slug":"ms-231-schnittlaenge-35cm-rm","status":"publish","type":"product","link":"https:\/\/lucacastelli.com\/de\/produkt\/ms-231-schnittlaenge-35cm-rm\/","title":{"rendered":"STIHL MS 231, Schnittl\u00e4nge 35cm, RM"},"content":{"rendered":"<p>Kompakte Kettens\u00e4ge mit bis zu 20 % weniger Kraftstoffverbrauch und sch\u00e4dlichen Abgasemissionen um bis zu 70 % im Vergleich zu herk\u00f6mmlichen STIHL 2-Takt-Motoren ohne 2-MIX-Technologie. Optimaler Betrieb und hohe Handhabung.<br \/>\n886661452415 <\/p>\n<p>Hubraum 42,6<br \/>\nLeistung Leistung<\/p>\n<p>Leistung Leistung<br \/>\nLeistung 2,70<br \/>\nCO2 819<\/p>\n","protected":false},"excerpt":{"rendered":"<p>MS 231, Schnittl\u00e4nge 35cm, RM<\/p>\n","protected":false},"featured_media":429280,"template":"","meta":{"_seopress_robots_primary_cat":"","_seopress_titles_title":"","_seopress_titles_desc":"","_seopress_robots_index":""},"product_brand":[3554],"product_cat":[169,1612,1616],"product_tag":[3266],"class_list":{"0":"post-463132","1":"product","2":"type-product","3":"status-publish","4":"has-post-thumbnail","6":"product_brand-stihl-de","7":"product_cat-maschinen","8":"product_cat-kettensagen","9":"product_cat-motor-kettensagen","10":"product_tag-import-stihl-de","11":"sws-gruppo-macchinari-de","12":"sws-conto-ricavi-merci-rivendita-macchinari-de","13":"sws-gruppo-iva-iva81-de","15":"first","16":"onbackorder","17":"purchasable","18":"product-type-simple"},"_links":{"self":[{"href":"https:\/\/lucacastelli.com\/de\/wp-json\/wp\/v2\/product\/463132","targetHints":{"allow":["GET"]}}],"collection":[{"href":"https:\/\/lucacastelli.com\/de\/wp-json\/wp\/v2\/product"}],"about":[{"href":"https:\/\/lucacastelli.com\/de\/wp-json\/wp\/v2\/types\/product"}],"wp:featuredmedia":[{"embeddable":true,"href":"https:\/\/lucacastelli.com\/de\/wp-json\/wp\/v2\/media\/429280"}],"wp:attachment":[{"href":"https:\/\/lucacastelli.com\/de\/wp-json\/wp\/v2\/media?parent=463132"}],"wp:term":[{"taxonomy":"product_brand","embeddable":true,"href":"https:\/\/lucacastelli.com\/de\/wp-json\/wp\/v2\/product_brand?post=463132"},{"taxonomy":"product_cat","embeddable":true,"href":"https:\/\/lucacastelli.com\/de\/wp-json\/wp\/v2\/product_cat?post=463132"},{"taxonomy":"product_tag","embeddable":true,"href":"https:\/\/lucacastelli.com\/de\/wp-json\/wp\/v2\/product_tag?post=463132"}],"curies":[{"name":"wp","href":"https:\/\/api.w.org\/{rel}","templated":true}]}}