{"id":463117,"date":"2025-05-31T23:57:11","date_gmt":"2025-05-31T21:57:11","guid":{"rendered":"https:\/\/lucacastelli.com\/prodotto\/ms-151-tc-e-schnittlaenge-25cm-pm3\/"},"modified":"2025-11-25T18:41:06","modified_gmt":"2025-11-25T17:41:06","slug":"ms-151-tc-e-schnittlaenge-25cm-pm3","status":"publish","type":"product","link":"https:\/\/lucacastelli.com\/de\/produkt\/ms-151-tc-e-schnittlaenge-25cm-pm3\/","title":{"rendered":"STIHL MS 151 TC-E, Schnittl\u00e4nge 25cm, PM3"},"content":{"rendered":"<p>Die leichteste Baumpflege-Kettens\u00e4ge von STIHL Ideal<br \/>\nf\u00fcr die Baumpflege und die Entfernung von abgestorbenen St\u00e4mmen, den Kronenschnitt<br \/>\n und die Entfernung von \u00c4sten von St\u00fcmpfen und St\u00e4mmen. Die manuelle Kraftstoffpumpe<br \/>\nund STIHL ErgoStart sorgen f\u00fcr einen<br \/>\n einfachen Start. Standardm\u00e4\u00dfig mit einer 1\/4&#8243; PM3-Kette f\u00fcr pr\u00e4zise Schnitte ausgestattet. Neuer 2-Mix-Motor f\u00fcr \u00fcberlegene Schnittleistung.pstrongWarnung: \/strongEr wurde speziell f\u00fcr die Baumpflege entwickelt und muss daher von Bedienern verwendet werden, die in der richtigen Anwendung geschult sind!\/p<br \/>\n886661934676  <\/p>\n<p>Hubraum 23,6<br \/>\nLeistung Leistung<\/p>\n<p>Leistung Leistung<br \/>\nLeistung 1,50<br \/>\nCO2 886<\/p>\n","protected":false},"excerpt":{"rendered":"<p>MS 151 TC-E, Schnittl\u00e4nge 25cm, PM3<\/p>\n","protected":false},"featured_media":429264,"template":"","meta":{"_seopress_robots_primary_cat":"","_seopress_titles_title":"","_seopress_titles_desc":"","_seopress_robots_index":""},"product_brand":[3554],"product_cat":[1612,169,1616],"product_tag":[3266],"class_list":{"0":"post-463117","1":"product","2":"type-product","3":"status-publish","4":"has-post-thumbnail","6":"product_brand-stihl-de","7":"product_cat-kettensagen","8":"product_cat-maschinen","9":"product_cat-motor-kettensagen","10":"product_tag-import-stihl-de","11":"sws-gruppo-macchinari-de","12":"sws-conto-ricavi-merci-rivendita-macchinari-de","13":"sws-gruppo-iva-iva81-de","15":"first","16":"onbackorder","17":"purchasable","18":"product-type-simple"},"_links":{"self":[{"href":"https:\/\/lucacastelli.com\/de\/wp-json\/wp\/v2\/product\/463117","targetHints":{"allow":["GET"]}}],"collection":[{"href":"https:\/\/lucacastelli.com\/de\/wp-json\/wp\/v2\/product"}],"about":[{"href":"https:\/\/lucacastelli.com\/de\/wp-json\/wp\/v2\/types\/product"}],"wp:featuredmedia":[{"embeddable":true,"href":"https:\/\/lucacastelli.com\/de\/wp-json\/wp\/v2\/media\/429264"}],"wp:attachment":[{"href":"https:\/\/lucacastelli.com\/de\/wp-json\/wp\/v2\/media?parent=463117"}],"wp:term":[{"taxonomy":"product_brand","embeddable":true,"href":"https:\/\/lucacastelli.com\/de\/wp-json\/wp\/v2\/product_brand?post=463117"},{"taxonomy":"product_cat","embeddable":true,"href":"https:\/\/lucacastelli.com\/de\/wp-json\/wp\/v2\/product_cat?post=463117"},{"taxonomy":"product_tag","embeddable":true,"href":"https:\/\/lucacastelli.com\/de\/wp-json\/wp\/v2\/product_tag?post=463117"}],"curies":[{"name":"wp","href":"https:\/\/api.w.org\/{rel}","templated":true}]}}