{"id":463115,"date":"2025-05-31T23:57:04","date_gmt":"2025-05-31T21:57:04","guid":{"rendered":"https:\/\/lucacastelli.com\/prodotto\/ms-151-c-e-schnittlaenge-25cm-pm3\/"},"modified":"2025-06-28T19:42:54","modified_gmt":"2025-06-28T17:42:54","slug":"ms-151-c-e-schnittlaenge-25cm-pm3","status":"publish","type":"product","link":"https:\/\/lucacastelli.com\/de\/produkt\/ms-151-c-e-schnittlaenge-25cm-pm3\/","title":{"rendered":"STIHL MS 151 C-E, Schnittl\u00e4nge 25cm, PM3"},"content":{"rendered":"<p>STIHL Kettens\u00e4ge zum Schneiden von Brennholz<br \/>\n sowie f\u00fcr Baumpflege- und Durchforstungsarbeiten.<br \/>\nErgonomisch und einfach zu bedienen. Komfortables Starten dank manueller Kraftstoffpumpe und STIHL ErgoStart. Sehr glatte 1\/4&#8243; PM3 Kette f\u00fcr einen sehr pr\u00e4zisen Schnitt. Neuer 2-Mix-Motor f\u00fcr \u00fcberlegene Schneidleistung.<br \/>\n886661934652   <\/p>\n<p>Hubraum 23,6<br \/>\nLeistung Leistung<\/p>\n<p>Leistung Leistung<br \/>\nLeistung 1,50<br \/>\nCO2 886<\/p>\n","protected":false},"excerpt":{"rendered":"<p>MS 151 C-E, Schnittl\u00e4nge 25cm, PM3<\/p>\n","protected":false},"featured_media":429240,"template":"","meta":{"_seopress_robots_primary_cat":"","_seopress_titles_title":"","_seopress_titles_desc":"","_seopress_robots_index":""},"product_brand":[3366],"product_cat":[29,268,494],"product_tag":[3265],"class_list":{"0":"post-463115","1":"product","2":"type-product","3":"status-publish","4":"has-post-thumbnail","6":"product_brand-stihl","7":"product_cat-macchinari","8":"product_cat-motoseghe","9":"product_cat-motoseghe-a-motore","10":"product_tag-import-stihl","11":"sws-gruppo-macchinari-de","12":"sws-conto-ricavi-merci-rivendita-macchinari-de","13":"sws-gruppo-iva-iva81-de","15":"first","16":"onbackorder","17":"purchasable","18":"product-type-simple"},"_links":{"self":[{"href":"https:\/\/lucacastelli.com\/de\/wp-json\/wp\/v2\/product\/463115","targetHints":{"allow":["GET"]}}],"collection":[{"href":"https:\/\/lucacastelli.com\/de\/wp-json\/wp\/v2\/product"}],"about":[{"href":"https:\/\/lucacastelli.com\/de\/wp-json\/wp\/v2\/types\/product"}],"wp:featuredmedia":[{"embeddable":true,"href":"https:\/\/lucacastelli.com\/de\/wp-json\/wp\/v2\/media\/429240"}],"wp:attachment":[{"href":"https:\/\/lucacastelli.com\/de\/wp-json\/wp\/v2\/media?parent=463115"}],"wp:term":[{"taxonomy":"product_brand","embeddable":true,"href":"https:\/\/lucacastelli.com\/de\/wp-json\/wp\/v2\/product_brand?post=463115"},{"taxonomy":"product_cat","embeddable":true,"href":"https:\/\/lucacastelli.com\/de\/wp-json\/wp\/v2\/product_cat?post=463115"},{"taxonomy":"product_tag","embeddable":true,"href":"https:\/\/lucacastelli.com\/de\/wp-json\/wp\/v2\/product_tag?post=463115"}],"curies":[{"name":"wp","href":"https:\/\/api.w.org\/{rel}","templated":true}]}}