{"id":463102,"date":"2025-05-31T23:56:33","date_gmt":"2025-05-31T21:56:33","guid":{"rendered":"https:\/\/lucacastelli.com\/prodotto\/ms-661-c-m-schnittlaenge-71cm-leicht\/"},"modified":"2025-10-27T20:39:51","modified_gmt":"2025-10-27T19:39:51","slug":"ms-661-c-m-schnittlaenge-71cm-leicht","status":"publish","type":"product","link":"https:\/\/lucacastelli.com\/de\/produkt\/ms-661-c-m-schnittlaenge-71cm-leicht\/","title":{"rendered":"STIHL MS 661 C-M, Schnittl\u00e4nge 71cm, Leicht"},"content":{"rendered":"<p>Die STIHL Kettens\u00e4ge MS 661 C-M mit M-Tronic bietet dank modernster Technologie eine hervorragende Leistung. Mit gro\u00dfer Leistung, gro\u00dfem Komfort und hoher Pr\u00e4zision bei gleichzeitig geringem Verbrauch, niedrigem Leistungsgewicht (f\u00fcr diese Hubraumklasse) und niedrigem Vibrationspegel.<br \/>\n886661402533 <\/p>\n<p>Hubraum 91.1<br \/>\nLeistung Leistung<\/p>\n<p>Leistung Leistung<br \/>\nLeistung 7.20<br \/>\nCO2 679<\/p>\n","protected":false},"excerpt":{"rendered":"<p>MS 661 C-M, Schnittl\u00e4nge 71cm, Leicht<\/p>\n","protected":false},"featured_media":424017,"template":"","meta":{"_seopress_robots_primary_cat":"","_seopress_titles_title":"","_seopress_titles_desc":"","_seopress_robots_index":""},"product_brand":[3366],"product_cat":[29,268,494],"product_tag":[3265],"class_list":{"0":"post-463102","1":"product","2":"type-product","3":"status-publish","4":"has-post-thumbnail","6":"product_brand-stihl","7":"product_cat-macchinari","8":"product_cat-motoseghe","9":"product_cat-motoseghe-a-motore","10":"product_tag-import-stihl","11":"sws-gruppo-macchinari-de","12":"sws-conto-ricavi-merci-rivendita-macchinari-de","13":"sws-gruppo-iva-iva81-de","15":"first","16":"onbackorder","17":"purchasable","18":"product-type-simple"},"_links":{"self":[{"href":"https:\/\/lucacastelli.com\/de\/wp-json\/wp\/v2\/product\/463102","targetHints":{"allow":["GET"]}}],"collection":[{"href":"https:\/\/lucacastelli.com\/de\/wp-json\/wp\/v2\/product"}],"about":[{"href":"https:\/\/lucacastelli.com\/de\/wp-json\/wp\/v2\/types\/product"}],"wp:featuredmedia":[{"embeddable":true,"href":"https:\/\/lucacastelli.com\/de\/wp-json\/wp\/v2\/media\/424017"}],"wp:attachment":[{"href":"https:\/\/lucacastelli.com\/de\/wp-json\/wp\/v2\/media?parent=463102"}],"wp:term":[{"taxonomy":"product_brand","embeddable":true,"href":"https:\/\/lucacastelli.com\/de\/wp-json\/wp\/v2\/product_brand?post=463102"},{"taxonomy":"product_cat","embeddable":true,"href":"https:\/\/lucacastelli.com\/de\/wp-json\/wp\/v2\/product_cat?post=463102"},{"taxonomy":"product_tag","embeddable":true,"href":"https:\/\/lucacastelli.com\/de\/wp-json\/wp\/v2\/product_tag?post=463102"}],"curies":[{"name":"wp","href":"https:\/\/api.w.org\/{rel}","templated":true}]}}