{"id":463091,"date":"2025-05-31T23:55:42","date_gmt":"2025-05-31T21:55:42","guid":{"rendered":"https:\/\/lucacastelli.com\/prodotto\/ms-201-c-m-schnittlaenge-35cm-ps\/"},"modified":"2025-06-28T19:42:21","modified_gmt":"2025-06-28T17:42:21","slug":"ms-201-c-m-schnittlaenge-35cm-ps","status":"publish","type":"product","link":"https:\/\/lucacastelli.com\/de\/produkt\/ms-201-c-m-schnittlaenge-35cm-ps\/","title":{"rendered":"STIHL MS 201 C-M, Schnittl\u00e4nge 35cm, PS"},"content":{"rendered":"<p>Die leichteste Profi-Kettens\u00e4ge von STIHL ideal zum Entasten. Serienm\u00e4\u00dfig mit M-Tronic ausgestattet, daher immer mit optimaler Motorleistung, leichtes Anfahren mit einer einzigen Hebelstellung, sparsamer 2-MIX-Motor, Anti-Leckage-Mutter am Spulendeckel, 3\/8&#8243; PS-Kette f\u00fcr sehr hohe Schnittleistung.<br \/>\n886661934805 <\/p>\n<p>Hubraum 35,2<br \/>\nLeistung Leistung<\/p>\n<p>Leistung Leistung<br \/>\nLeistung 2,40<br \/>\nCO2 728<\/p>\n","protected":false},"excerpt":{"rendered":"<p>MS 201 C-M, Schnittl\u00e4nge 35cm, PS<\/p>\n","protected":false},"featured_media":429136,"template":"","meta":{"_seopress_robots_primary_cat":"","_seopress_titles_title":"","_seopress_titles_desc":"","_seopress_robots_index":""},"product_brand":[3554],"product_cat":[1612,169,1616],"product_tag":[3266],"class_list":{"0":"post-463091","1":"product","2":"type-product","3":"status-publish","4":"has-post-thumbnail","6":"product_brand-stihl-de","7":"product_cat-kettensagen","8":"product_cat-maschinen","9":"product_cat-motor-kettensagen","10":"product_tag-import-stihl-de","11":"sws-gruppo-macchinari-de","12":"sws-conto-ricavi-merci-rivendita-macchinari-de","13":"sws-gruppo-iva-iva81-de","15":"first","16":"onbackorder","17":"purchasable","18":"product-type-simple"},"_links":{"self":[{"href":"https:\/\/lucacastelli.com\/de\/wp-json\/wp\/v2\/product\/463091","targetHints":{"allow":["GET"]}}],"collection":[{"href":"https:\/\/lucacastelli.com\/de\/wp-json\/wp\/v2\/product"}],"about":[{"href":"https:\/\/lucacastelli.com\/de\/wp-json\/wp\/v2\/types\/product"}],"wp:featuredmedia":[{"embeddable":true,"href":"https:\/\/lucacastelli.com\/de\/wp-json\/wp\/v2\/media\/429136"}],"wp:attachment":[{"href":"https:\/\/lucacastelli.com\/de\/wp-json\/wp\/v2\/media?parent=463091"}],"wp:term":[{"taxonomy":"product_brand","embeddable":true,"href":"https:\/\/lucacastelli.com\/de\/wp-json\/wp\/v2\/product_brand?post=463091"},{"taxonomy":"product_cat","embeddable":true,"href":"https:\/\/lucacastelli.com\/de\/wp-json\/wp\/v2\/product_cat?post=463091"},{"taxonomy":"product_tag","embeddable":true,"href":"https:\/\/lucacastelli.com\/de\/wp-json\/wp\/v2\/product_tag?post=463091"}],"curies":[{"name":"wp","href":"https:\/\/api.w.org\/{rel}","templated":true}]}}