{"id":463087,"date":"2025-05-31T23:55:51","date_gmt":"2025-05-31T21:55:51","guid":{"rendered":"https:\/\/lucacastelli.com\/prodotto\/ms-201-tc-m-35cm-schnittlaenge-light-ps3\/"},"modified":"2025-08-28T10:30:37","modified_gmt":"2025-08-28T08:30:37","slug":"ms-201-tc-m-35cm-schnittlaenge-light-ps3","status":"publish","type":"product","link":"https:\/\/lucacastelli.com\/de\/produkt\/ms-201-tc-m-35cm-schnittlaenge-light-ps3\/","title":{"rendered":"STIHL MS 201 TC-M, 35cm Schnittl\u00e4nge, Light PS3"},"content":{"rendered":"<p>STIHL Kettens\u00e4ge f\u00fcr die Baumpflege. Serienm\u00e4\u00dfig mit M-Tronic f\u00fcr optimale Motorleistung vom Start an, sparsamer 2-MIX-Motor, auslaufsichere Mutter an der Kettenradabdeckung f\u00fcr schnellen Kettenwechsel, die leichte Schiene reduziert das Gesamtgewicht.pstrongAchtung: \/strongEs ist speziell f\u00fcr die Wellenpflege konzipiert und muss daher von Bedienern verwendet werden, die in der richtigen Anwendung geschult sind!\/p<br \/>\n886661934812<\/p>\n<p>Hubraum 35,2<br \/>\nPower Power<\/p>\n<p>Power Power<br \/>\nPower 2,40<br \/>\nCO2 728<\/p>\n","protected":false},"excerpt":{"rendered":"<p>MS 201 TC-M, 35cm Schnittl\u00e4nge, Light PS3<\/p>\n","protected":false},"featured_media":429160,"template":"","meta":{"_seopress_robots_primary_cat":"","_seopress_titles_title":"","_seopress_titles_desc":"","_seopress_robots_index":""},"product_brand":[3554],"product_cat":[1612,169,1616],"product_tag":[3266],"class_list":{"0":"post-463087","1":"product","2":"type-product","3":"status-publish","4":"has-post-thumbnail","6":"product_brand-stihl-de","7":"product_cat-kettensagen","8":"product_cat-maschinen","9":"product_cat-motor-kettensagen","10":"product_tag-import-stihl-de","11":"sws-gruppo-macchinari-de","12":"sws-conto-ricavi-merci-rivendita-macchinari-de","13":"sws-gruppo-iva-iva81-de","15":"first","16":"onbackorder","17":"purchasable","18":"product-type-simple"},"_links":{"self":[{"href":"https:\/\/lucacastelli.com\/de\/wp-json\/wp\/v2\/product\/463087","targetHints":{"allow":["GET"]}}],"collection":[{"href":"https:\/\/lucacastelli.com\/de\/wp-json\/wp\/v2\/product"}],"about":[{"href":"https:\/\/lucacastelli.com\/de\/wp-json\/wp\/v2\/types\/product"}],"wp:featuredmedia":[{"embeddable":true,"href":"https:\/\/lucacastelli.com\/de\/wp-json\/wp\/v2\/media\/429160"}],"wp:attachment":[{"href":"https:\/\/lucacastelli.com\/de\/wp-json\/wp\/v2\/media?parent=463087"}],"wp:term":[{"taxonomy":"product_brand","embeddable":true,"href":"https:\/\/lucacastelli.com\/de\/wp-json\/wp\/v2\/product_brand?post=463087"},{"taxonomy":"product_cat","embeddable":true,"href":"https:\/\/lucacastelli.com\/de\/wp-json\/wp\/v2\/product_cat?post=463087"},{"taxonomy":"product_tag","embeddable":true,"href":"https:\/\/lucacastelli.com\/de\/wp-json\/wp\/v2\/product_tag?post=463087"}],"curies":[{"name":"wp","href":"https:\/\/api.w.org\/{rel}","templated":true}]}}