{"id":463074,"date":"2025-05-31T22:34:54","date_gmt":"2025-05-31T20:34:54","guid":{"rendered":"https:\/\/lucacastelli.com\/prodotto\/kettenoel-befuellsystem\/"},"modified":"2026-01-25T17:50:37","modified_gmt":"2026-01-25T16:50:37","slug":"kettenoel-befuellsystem","status":"publish","type":"product","link":"https:\/\/lucacastelli.com\/de\/produkt\/kettenoel-befuellsystem\/","title":{"rendered":"STIHL Ketten\u00f6l-F\u00fcllsystem"},"content":{"rendered":"<p>F\u00fcr STIHL Kombikanister, um zu verhindern, dass die Fl\u00fcssigkeit beim Betanken ausl\u00e4uft oder versch\u00fcttet wird. Durchmesser = 23 mm. Einsetzbar f\u00fcr alle Tanks mit einem \u00d6ffnungsdurchmesser von 23,5 mm.<br \/>\n795711255220 <\/p>\n","protected":false},"excerpt":{"rendered":"<p>Ketten\u00f6l-Bef\u00fcllsystem<\/p>\n","protected":false},"featured_media":422839,"template":"","meta":{"_seopress_robots_primary_cat":"","_seopress_titles_title":"","_seopress_titles_desc":"","_seopress_robots_index":""},"product_brand":[3366],"product_cat":[259,260],"product_tag":[3265],"class_list":{"0":"post-463074","1":"product","2":"type-product","3":"status-publish","4":"has-post-thumbnail","6":"product_brand-stihl","7":"product_cat-carburanti-e-olii","8":"product_cat-lubrificanti","9":"product_tag-import-stihl","10":"sws-gruppo-macchinari-de","11":"sws-conto-ricavi-merci-rivendita-macchinari-de","12":"sws-gruppo-iva-iva81-de","14":"first","15":"onbackorder","16":"purchasable","17":"product-type-simple"},"_links":{"self":[{"href":"https:\/\/lucacastelli.com\/de\/wp-json\/wp\/v2\/product\/463074","targetHints":{"allow":["GET"]}}],"collection":[{"href":"https:\/\/lucacastelli.com\/de\/wp-json\/wp\/v2\/product"}],"about":[{"href":"https:\/\/lucacastelli.com\/de\/wp-json\/wp\/v2\/types\/product"}],"wp:featuredmedia":[{"embeddable":true,"href":"https:\/\/lucacastelli.com\/de\/wp-json\/wp\/v2\/media\/422839"}],"wp:attachment":[{"href":"https:\/\/lucacastelli.com\/de\/wp-json\/wp\/v2\/media?parent=463074"}],"wp:term":[{"taxonomy":"product_brand","embeddable":true,"href":"https:\/\/lucacastelli.com\/de\/wp-json\/wp\/v2\/product_brand?post=463074"},{"taxonomy":"product_cat","embeddable":true,"href":"https:\/\/lucacastelli.com\/de\/wp-json\/wp\/v2\/product_cat?post=463074"},{"taxonomy":"product_tag","embeddable":true,"href":"https:\/\/lucacastelli.com\/de\/wp-json\/wp\/v2\/product_tag?post=463074"}],"curies":[{"name":"wp","href":"https:\/\/api.w.org\/{rel}","templated":true}]}}