{"id":463067,"date":"2025-05-31T22:02:19","date_gmt":"2025-05-31T20:02:19","guid":{"rendered":"https:\/\/lucacastelli.com\/prodotto\/ms-400-c-m-vw-schnittlaenge-50cm-rs\/"},"modified":"2026-03-02T14:43:38","modified_gmt":"2026-03-02T13:43:38","slug":"ms-400-c-m-vw-schnittlaenge-50cm-rs","status":"publish","type":"product","link":"https:\/\/lucacastelli.com\/de\/produkt\/ms-400-c-m-vw-schnittlaenge-50cm-rs\/","title":{"rendered":"STIHL MS 400 C-M VW, Schnittl\u00e4nge 50 cm, RS"},"content":{"rendered":"<p>pProfi-Motors\u00e4ge mit sehr gutem Leistungsgewicht. Ideal zum F\u00e4llen, Entasten und zur Aufarbeitung von mittelstarkem Holz. Hohe Schnittleistung durch kraftvollen Durchtrieb und hervorragende Beschleunigung. Einfaches Starten mit STIHL ElastoStart. Fortschrittliches, kalibrierbares STIHL M-Tronic f\u00fcr stets optimale Motorleistung. Langzeit-Luftfiltersystem mit HD2-Filter f\u00fcr geringen Wartungsaufwand und lange Filterstandzeit. STIHL Antivibrationssystem zur Reduzierung der Erm\u00fcdung bei der Arbeit.nbsp;Elektrische Vergaser- und Griffheizung.\/p<br \/>\n886661265138<\/p>\n<p>Hubraum 62,6<br \/>\nLeistung Leistung<\/p>\n<p>Leistung Leistung<br \/>\nLeistung 5,20<br \/>\nCO2 690<\/p>\n","protected":false},"excerpt":{"rendered":"<p>pProfi-Motors\u00e4ge mit sehr gutem Leistungsgewicht. Ideal zum F\u00e4llen, Entasten und zur Aufarbeitung von mittelstarkem Holz. Hohe Schnittleistung durch kraftvollen Durchtrieb<\/p>\n","protected":false},"featured_media":649893,"template":"","meta":{"_seopress_robots_primary_cat":"none","_seopress_titles_title":"","_seopress_titles_desc":"","_seopress_robots_index":""},"product_brand":[3366],"product_cat":[29,268,494],"product_tag":[3265],"class_list":{"0":"post-463067","1":"product","2":"type-product","3":"status-publish","4":"has-post-thumbnail","6":"product_brand-stihl","7":"product_cat-macchinari","8":"product_cat-motoseghe","9":"product_cat-motoseghe-a-motore","10":"product_tag-import-stihl","11":"sws-gruppo-macchinari-de","12":"sws-conto-ricavi-merci-rivendita-macchinari-de","13":"sws-gruppo-iva-iva81-de","15":"first","16":"onbackorder","17":"purchasable","18":"product-type-simple"},"_links":{"self":[{"href":"https:\/\/lucacastelli.com\/de\/wp-json\/wp\/v2\/product\/463067","targetHints":{"allow":["GET"]}}],"collection":[{"href":"https:\/\/lucacastelli.com\/de\/wp-json\/wp\/v2\/product"}],"about":[{"href":"https:\/\/lucacastelli.com\/de\/wp-json\/wp\/v2\/types\/product"}],"wp:featuredmedia":[{"embeddable":true,"href":"https:\/\/lucacastelli.com\/de\/wp-json\/wp\/v2\/media\/649893"}],"wp:attachment":[{"href":"https:\/\/lucacastelli.com\/de\/wp-json\/wp\/v2\/media?parent=463067"}],"wp:term":[{"taxonomy":"product_brand","embeddable":true,"href":"https:\/\/lucacastelli.com\/de\/wp-json\/wp\/v2\/product_brand?post=463067"},{"taxonomy":"product_cat","embeddable":true,"href":"https:\/\/lucacastelli.com\/de\/wp-json\/wp\/v2\/product_cat?post=463067"},{"taxonomy":"product_tag","embeddable":true,"href":"https:\/\/lucacastelli.com\/de\/wp-json\/wp\/v2\/product_tag?post=463067"}],"curies":[{"name":"wp","href":"https:\/\/api.w.org\/{rel}","templated":true}]}}