{"id":463051,"date":"2025-05-31T22:55:58","date_gmt":"2025-05-31T20:55:58","guid":{"rendered":"https:\/\/lucacastelli.com\/prodotto\/motomix-eco-5l\/"},"modified":"2025-07-20T23:57:44","modified_gmt":"2025-07-20T21:57:44","slug":"motomix-eco-5l","status":"publish","type":"product","link":"https:\/\/lucacastelli.com\/de\/produkt\/motomix-eco-5l\/","title":{"rendered":"STIHL MotoMix Eco, 5L"},"content":{"rendered":"<p>Spezialkraftstoff (vorgemischt, 1:50) f\u00fcr alle STIHL 2-Takt-Motoren. Motoren mit einem Anteil von 10 % an Rohstoffen aus regenerativen Quellen. Wie das bew\u00e4hrte STIHL MotoMix Kraftstoffgemisch garantiert es eine optimale Leistungsentfaltung, beste Kaltstarteigenschaften, maximale Beschleunigung \u00fcber den gesamten Drehzahlbereich und ein perfektes Fahrverhalten der verbrennungsmotorischen Anbauger\u00e4te, erreicht aber 8 % weniger CO2-Emissionen als der klassische STIHL MotoMix. Mit STIHL HP Ultra f\u00fcr hervorragende Motorschmierung und maximale Sauberkeit, vollsynthetisch und biologisch abbaubar f\u00fcr optimale Leistung und Haltbarkeit. Es enth\u00e4lt kein Ethanol, praktisch keine Olefine und Aromaten. Hohe Haltbarkeit von bis zu 5 Jahren. Der MotoMix ECO Kanister besteht zu mindestens 50 % aus recyceltem Material.<br \/>\n886661726059      <\/p>\n<p>Anteil nachwachsender Rohstoffe 10<\/p>\n","protected":false},"excerpt":{"rendered":"<p>MotoMix Eco, 5L<\/p>\n","protected":false},"featured_media":423636,"template":"","meta":{"_seopress_robots_primary_cat":"","_seopress_titles_title":"","_seopress_titles_desc":"","_seopress_robots_index":""},"product_brand":[3366],"product_cat":[259,265],"product_tag":[3265],"class_list":{"0":"post-463051","1":"product","2":"type-product","3":"status-publish","4":"has-post-thumbnail","6":"product_brand-stihl","7":"product_cat-carburanti-e-olii","8":"product_cat-carburante","9":"product_tag-import-stihl","10":"sws-gruppo-macchinari-de","11":"sws-conto-ricavi-merci-rivendita-carburante-stihl-de","12":"sws-gruppo-iva-iva81-de","14":"first","15":"onbackorder","16":"purchasable","17":"product-type-simple"},"_links":{"self":[{"href":"https:\/\/lucacastelli.com\/de\/wp-json\/wp\/v2\/product\/463051","targetHints":{"allow":["GET"]}}],"collection":[{"href":"https:\/\/lucacastelli.com\/de\/wp-json\/wp\/v2\/product"}],"about":[{"href":"https:\/\/lucacastelli.com\/de\/wp-json\/wp\/v2\/types\/product"}],"wp:featuredmedia":[{"embeddable":true,"href":"https:\/\/lucacastelli.com\/de\/wp-json\/wp\/v2\/media\/423636"}],"wp:attachment":[{"href":"https:\/\/lucacastelli.com\/de\/wp-json\/wp\/v2\/media?parent=463051"}],"wp:term":[{"taxonomy":"product_brand","embeddable":true,"href":"https:\/\/lucacastelli.com\/de\/wp-json\/wp\/v2\/product_brand?post=463051"},{"taxonomy":"product_cat","embeddable":true,"href":"https:\/\/lucacastelli.com\/de\/wp-json\/wp\/v2\/product_cat?post=463051"},{"taxonomy":"product_tag","embeddable":true,"href":"https:\/\/lucacastelli.com\/de\/wp-json\/wp\/v2\/product_tag?post=463051"}],"curies":[{"name":"wp","href":"https:\/\/api.w.org\/{rel}","templated":true}]}}