{"id":463050,"date":"2025-05-31T22:35:05","date_gmt":"2025-05-31T20:35:05","guid":{"rendered":"https:\/\/lucacastelli.com\/prodotto\/kraftstoff-betankungssystem\/"},"modified":"2026-01-24T18:12:28","modified_gmt":"2026-01-24T17:12:28","slug":"kraftstoff-betankungssystem","status":"publish","type":"product","link":"https:\/\/lucacastelli.com\/de\/produkt\/kraftstoff-betankungssystem\/","title":{"rendered":"Kraftstoff-Betankungssystem"},"content":{"rendered":"<p>pF\u00fcr STIHL Kombikanister und STIHL Benzinkanister bis max. 5 l. Erm\u00f6glicht ein einfaches Nachf\u00fcllen von Werkzeugen.\/p<br \/>\n795711255237<\/p>\n","protected":false},"excerpt":{"rendered":"<p>Kraftstoff-Betankungssystem<\/p>\n","protected":false},"featured_media":422843,"template":"","meta":{"_seopress_robots_primary_cat":"","_seopress_titles_title":"","_seopress_titles_desc":"","_seopress_robots_index":""},"product_brand":[3366],"product_cat":[259,261],"product_tag":[3265],"class_list":{"0":"post-463050","1":"product","2":"type-product","3":"status-publish","4":"has-post-thumbnail","6":"product_brand-stihl","7":"product_cat-carburanti-e-olii","8":"product_cat-accessori-e-materiale-di-consumo","9":"product_tag-import-stihl","10":"sws-gruppo-macchinari-de","11":"sws-conto-ricavi-merci-rivendita-carburante-stihl-de","12":"sws-gruppo-iva-iva81-de","14":"first","15":"onbackorder","16":"purchasable","17":"product-type-simple"},"_links":{"self":[{"href":"https:\/\/lucacastelli.com\/de\/wp-json\/wp\/v2\/product\/463050","targetHints":{"allow":["GET"]}}],"collection":[{"href":"https:\/\/lucacastelli.com\/de\/wp-json\/wp\/v2\/product"}],"about":[{"href":"https:\/\/lucacastelli.com\/de\/wp-json\/wp\/v2\/types\/product"}],"wp:featuredmedia":[{"embeddable":true,"href":"https:\/\/lucacastelli.com\/de\/wp-json\/wp\/v2\/media\/422843"}],"wp:attachment":[{"href":"https:\/\/lucacastelli.com\/de\/wp-json\/wp\/v2\/media?parent=463050"}],"wp:term":[{"taxonomy":"product_brand","embeddable":true,"href":"https:\/\/lucacastelli.com\/de\/wp-json\/wp\/v2\/product_brand?post=463050"},{"taxonomy":"product_cat","embeddable":true,"href":"https:\/\/lucacastelli.com\/de\/wp-json\/wp\/v2\/product_cat?post=463050"},{"taxonomy":"product_tag","embeddable":true,"href":"https:\/\/lucacastelli.com\/de\/wp-json\/wp\/v2\/product_tag?post=463050"}],"curies":[{"name":"wp","href":"https:\/\/api.w.org\/{rel}","templated":true}]}}